{"id":8614,"date":"2024-09-16T19:01:05","date_gmt":"2024-09-16T17:01:05","guid":{"rendered":"https:\/\/www.carrefour-numerique.org\/?page_id=8614"},"modified":"2024-09-23T14:04:14","modified_gmt":"2024-09-23T12:04:14","slug":"le-scanner-3d","status":"publish","type":"page","link":"https:\/\/www.carrefour-numerique.org\/?page_id=8614","title":{"rendered":"Le scanner 3D"},"content":{"rendered":"\t\t<div data-elementor-type=\"wp-page\" data-elementor-id=\"8614\" class=\"elementor elementor-8614\">\n\t\t\t\t\t\t<section class=\"elementor-section elementor-top-section elementor-element elementor-element-25b0a2b elementor-section-boxed elementor-section-height-default elementor-section-height-default\" data-id=\"25b0a2b\" data-element_type=\"section\">\n\t\t\t\t\t\t<div class=\"elementor-container elementor-column-gap-default\">\n\t\t\t\t\t<div class=\"elementor-column elementor-col-50 elementor-top-column elementor-element elementor-element-6ce1928\" data-id=\"6ce1928\" data-element_type=\"column\">\n\t\t\t<div class=\"elementor-widget-wrap elementor-element-populated\">\n\t\t\t\t\t\t<div class=\"elementor-element elementor-element-e09014c elementor-widget elementor-widget-text-editor\" data-id=\"e09014c\" data-element_type=\"widget\" data-widget_type=\"text-editor.default\">\n\t\t\t\t<div class=\"elementor-widget-container\">\n\t\t\t\t\t\t\t\t\t<p style=\"text-align: justify;\"><span style=\"font-size: 14pt; font-family: arial, helvetica, sans-serif;\">Le scan 3D est un processus d\u2019analyse d\u2019un objet du monde r\u00e9el, destin\u00e9 \u00e0 collecter toutes les donn\u00e9es n\u00e9cessaires afin de recr\u00e9er sa forme et son apparence, de mani\u00e8re num\u00e9rique. <br \/>Avec notre scan laser 3D nous allons capturer num\u00e9riquement la forme de l\u2019objet \u00e0 l\u2019aide d\u2019une lumi\u00e8re laser pour obtenir une repr\u00e9sentation num\u00e9rique de l\u2019objet r\u00e9el. <br \/>Le scanner 3D est capable de mesurer des d\u00e9tails tr\u00e8s petits pour g\u00e9n\u00e9rer des nuages de points extr\u00eamement pr\u00e9cis. Nous pourrons ensuite reproduire l&#8217;objet avec notre imprimante 3D.<\/span><\/p>\t\t\t\t\t\t\t\t<\/div>\n\t\t\t\t<\/div>\n\t\t\t\t\t<\/div>\n\t\t<\/div>\n\t\t\t\t<div class=\"elementor-column elementor-col-50 elementor-top-column elementor-element elementor-element-54d7023\" data-id=\"54d7023\" data-element_type=\"column\">\n\t\t\t<div class=\"elementor-widget-wrap elementor-element-populated\">\n\t\t\t\t\t\t<div class=\"elementor-element elementor-element-c01760b elementor-widget elementor-widget-image\" data-id=\"c01760b\" data-element_type=\"widget\" data-widget_type=\"image.default\">\n\t\t\t\t<div class=\"elementor-widget-container\">\n\t\t\t\t\t\t\t\t\t\t\t\t\t\t\t<img fetchpriority=\"high\" decoding=\"async\" width=\"1024\" height=\"683\" src=\"https:\/\/www.carrefour-numerique.org\/wp-content\/uploads\/2024\/09\/notre-laser-3D-1024x683.jpg\" class=\"attachment-large size-large wp-image-8628\" alt=\"\" srcset=\"https:\/\/www.carrefour-numerique.org\/wp-content\/uploads\/2024\/09\/notre-laser-3D-1024x683.jpg 1024w, https:\/\/www.carrefour-numerique.org\/wp-content\/uploads\/2024\/09\/notre-laser-3D-300x200.jpg 300w, https:\/\/www.carrefour-numerique.org\/wp-content\/uploads\/2024\/09\/notre-laser-3D-768x512.jpg 768w, https:\/\/www.carrefour-numerique.org\/wp-content\/uploads\/2024\/09\/notre-laser-3D-1536x1024.jpg 1536w, https:\/\/www.carrefour-numerique.org\/wp-content\/uploads\/2024\/09\/notre-laser-3D-2048x1365.jpg 2048w\" sizes=\"(max-width: 1024px) 100vw, 1024px\" \/>\t\t\t\t\t\t\t\t\t\t\t\t\t\t\t<\/div>\n\t\t\t\t<\/div>\n\t\t\t\t\t<\/div>\n\t\t<\/div>\n\t\t\t\t\t<\/div>\n\t\t<\/section>\n\t\t\t\t<\/div>\n\t\t","protected":false},"excerpt":{"rendered":"<p>Le scan 3D est un processus d\u2019analyse d\u2019un objet du monde r\u00e9el, destin\u00e9 \u00e0 collecter toutes les donn\u00e9es n\u00e9cessaires afin de recr\u00e9er sa forme et son apparence, de mani\u00e8re num\u00e9rique. Avec notre scan laser 3D nous allons capturer num\u00e9riquement la forme de l\u2019objet \u00e0 l\u2019aide d\u2019une lumi\u00e8re laser pour obtenir une repr\u00e9sentation num\u00e9rique de l\u2019objet &#8230; <a title=\"Le scanner 3D\" class=\"read-more\" href=\"https:\/\/www.carrefour-numerique.org\/?page_id=8614\" aria-label=\"En savoir plus sur Le scanner 3D\">Lire la suite<\/a><\/p>\n","protected":false},"author":487,"featured_media":0,"parent":0,"menu_order":0,"comment_status":"closed","ping_status":"closed","template":"","meta":{"inline_featured_image":false,"footnotes":""},"class_list":["post-8614","page","type-page","status-publish"],"_links":{"self":[{"href":"https:\/\/www.carrefour-numerique.org\/index.php?rest_route=\/wp\/v2\/pages\/8614","targetHints":{"allow":["GET"]}}],"collection":[{"href":"https:\/\/www.carrefour-numerique.org\/index.php?rest_route=\/wp\/v2\/pages"}],"about":[{"href":"https:\/\/www.carrefour-numerique.org\/index.php?rest_route=\/wp\/v2\/types\/page"}],"author":[{"embeddable":true,"href":"https:\/\/www.carrefour-numerique.org\/index.php?rest_route=\/wp\/v2\/users\/487"}],"replies":[{"embeddable":true,"href":"https:\/\/www.carrefour-numerique.org\/index.php?rest_route=%2Fwp%2Fv2%2Fcomments&post=8614"}],"version-history":[{"count":13,"href":"https:\/\/www.carrefour-numerique.org\/index.php?rest_route=\/wp\/v2\/pages\/8614\/revisions"}],"predecessor-version":[{"id":8805,"href":"https:\/\/www.carrefour-numerique.org\/index.php?rest_route=\/wp\/v2\/pages\/8614\/revisions\/8805"}],"wp:attachment":[{"href":"https:\/\/www.carrefour-numerique.org\/index.php?rest_route=%2Fwp%2Fv2%2Fmedia&parent=8614"}],"curies":[{"name":"wp","href":"https:\/\/api.w.org\/{rel}","templated":true}]}}