{"id":8559,"date":"2024-09-16T16:27:47","date_gmt":"2024-09-16T14:27:47","guid":{"rendered":"https:\/\/www.carrefour-numerique.org\/?page_id=8559"},"modified":"2024-11-20T14:29:53","modified_gmt":"2024-11-20T13:29:53","slug":"decouvrir-la-decoupe-vinyle","status":"publish","type":"page","link":"https:\/\/www.carrefour-numerique.org\/?page_id=8559","title":{"rendered":"La machine de d\u00e9coupe automatique"},"content":{"rendered":"\t\t<div data-elementor-type=\"wp-page\" data-elementor-id=\"8559\" class=\"elementor elementor-8559\">\n\t\t\t\t\t\t<section class=\"elementor-section elementor-top-section elementor-element elementor-element-72fffdd elementor-section-boxed elementor-section-height-default elementor-section-height-default\" data-id=\"72fffdd\" data-element_type=\"section\">\n\t\t\t\t\t\t<div class=\"elementor-container elementor-column-gap-default\">\n\t\t\t\t\t<div class=\"elementor-column elementor-col-50 elementor-top-column elementor-element elementor-element-f50174c\" data-id=\"f50174c\" data-element_type=\"column\">\n\t\t\t<div class=\"elementor-widget-wrap elementor-element-populated\">\n\t\t\t\t\t\t<div class=\"elementor-element elementor-element-611d2be elementor-widget elementor-widget-text-editor\" data-id=\"611d2be\" data-element_type=\"widget\" data-widget_type=\"text-editor.default\">\n\t\t\t\t<div class=\"elementor-widget-container\">\n\t\t\t\t\t\t\t\t\t<p style=\"text-align: justify;\"><span style=\"font-size: 14pt; font-family: arial, helvetica, sans-serif;\">La machine de d\u00e9coupe automatique est une machine contr\u00f4l\u00e9e par ordinateur, qui d\u00e9coupe diff\u00e9rentes formes et lettres dans de fines feuilles plastifi\u00e9es autocollantes (les vinyles) ou papier ou autres supports, selon une image vectorielle con\u00e7ue sur l&#8217;ordinateur.<\/span><br \/><span style=\"font-size: 14pt; font-family: arial, helvetica, sans-serif;\">Cet appareil est aussi utilis\u00e9 pour d\u00e9couper des stickers, des logos, des cartes ou d&#8217;autres symboles qui peuvent se coller ensuite sur n&#8217;importe quel support.<\/span><\/p><p><span style=\"font-size: 14pt; font-family: arial, helvetica, sans-serif;\">Pour vos apprentissages, une bonne adresse sur YouTube :<\/span><\/p><p><strong><a href=\"https:\/\/www.youtube.com\/@studioplanetesilhouette\/videos\" target=\"_blank\" rel=\"noopener\"><span style=\"font-size: 14pt; font-family: arial, helvetica, sans-serif;\">Les vid\u00e9os de Marie Jos\u00e9e<\/span><\/a><\/strong><\/p>\t\t\t\t\t\t\t\t<\/div>\n\t\t\t\t<\/div>\n\t\t\t\t\t<\/div>\n\t\t<\/div>\n\t\t\t\t<div class=\"elementor-column elementor-col-50 elementor-top-column elementor-element elementor-element-ad3acc5\" data-id=\"ad3acc5\" data-element_type=\"column\">\n\t\t\t<div class=\"elementor-widget-wrap elementor-element-populated\">\n\t\t\t\t\t\t<div class=\"elementor-element elementor-element-ac12c90 elementor-widget elementor-widget-image\" data-id=\"ac12c90\" data-element_type=\"widget\" data-widget_type=\"image.default\">\n\t\t\t\t<div class=\"elementor-widget-container\">\n\t\t\t\t\t\t\t\t\t\t\t\t\t\t\t<img decoding=\"async\" src=\"https:\/\/www.carrefour-numerique.org\/wp-content\/uploads\/2024\/09\/cameo-scaled.jpg\" title=\"\" alt=\"\" loading=\"lazy\" \/>\t\t\t\t\t\t\t\t\t\t\t\t\t\t\t<\/div>\n\t\t\t\t<\/div>\n\t\t\t\t\t<\/div>\n\t\t<\/div>\n\t\t\t\t\t<\/div>\n\t\t<\/section>\n\t\t\t\t<section class=\"elementor-section elementor-top-section elementor-element elementor-element-fb326cb elementor-section-boxed elementor-section-height-default elementor-section-height-default\" data-id=\"fb326cb\" data-element_type=\"section\">\n\t\t\t\t\t\t<div class=\"elementor-container elementor-column-gap-default\">\n\t\t\t\t\t<div class=\"elementor-column elementor-col-25 elementor-top-column elementor-element elementor-element-535f480\" data-id=\"535f480\" data-element_type=\"column\">\n\t\t\t<div class=\"elementor-widget-wrap elementor-element-populated\">\n\t\t\t\t\t\t<div class=\"elementor-element elementor-element-8a817c5 elementor-widget elementor-widget-image\" data-id=\"8a817c5\" data-element_type=\"widget\" data-widget_type=\"image.default\">\n\t\t\t\t<div class=\"elementor-widget-container\">\n\t\t\t\t\t\t\t\t\t\t\t\t\t\t\t<img fetchpriority=\"high\" decoding=\"async\" width=\"768\" height=\"1024\" src=\"https:\/\/www.carrefour-numerique.org\/wp-content\/uploads\/2024\/09\/vinyle-1-768x1024.jpg\" class=\"attachment-large size-large wp-image-8582\" alt=\"\" srcset=\"https:\/\/www.carrefour-numerique.org\/wp-content\/uploads\/2024\/09\/vinyle-1-768x1024.jpg 768w, https:\/\/www.carrefour-numerique.org\/wp-content\/uploads\/2024\/09\/vinyle-1-225x300.jpg 225w, https:\/\/www.carrefour-numerique.org\/wp-content\/uploads\/2024\/09\/vinyle-1-1152x1536.jpg 1152w, https:\/\/www.carrefour-numerique.org\/wp-content\/uploads\/2024\/09\/vinyle-1-1536x2048.jpg 1536w, https:\/\/www.carrefour-numerique.org\/wp-content\/uploads\/2024\/09\/vinyle-1.jpg 1559w\" sizes=\"(max-width: 768px) 100vw, 768px\" \/>\t\t\t\t\t\t\t\t\t\t\t\t\t\t\t<\/div>\n\t\t\t\t<\/div>\n\t\t\t\t\t<\/div>\n\t\t<\/div>\n\t\t\t\t<div class=\"elementor-column elementor-col-25 elementor-top-column elementor-element elementor-element-be77b42\" data-id=\"be77b42\" data-element_type=\"column\">\n\t\t\t<div class=\"elementor-widget-wrap elementor-element-populated\">\n\t\t\t\t\t\t<div class=\"elementor-element elementor-element-a0ad1c7 elementor-widget elementor-widget-image\" data-id=\"a0ad1c7\" data-element_type=\"widget\" data-widget_type=\"image.default\">\n\t\t\t\t<div class=\"elementor-widget-container\">\n\t\t\t\t\t\t\t\t\t\t\t\t\t\t\t<img decoding=\"async\" width=\"768\" height=\"1024\" src=\"https:\/\/www.carrefour-numerique.org\/wp-content\/uploads\/2024\/09\/vinyle-2-768x1024.jpg\" class=\"attachment-large size-large wp-image-8583\" alt=\"\" srcset=\"https:\/\/www.carrefour-numerique.org\/wp-content\/uploads\/2024\/09\/vinyle-2-768x1024.jpg 768w, https:\/\/www.carrefour-numerique.org\/wp-content\/uploads\/2024\/09\/vinyle-2-225x300.jpg 225w, https:\/\/www.carrefour-numerique.org\/wp-content\/uploads\/2024\/09\/vinyle-2.jpg 1072w\" sizes=\"(max-width: 768px) 100vw, 768px\" \/>\t\t\t\t\t\t\t\t\t\t\t\t\t\t\t<\/div>\n\t\t\t\t<\/div>\n\t\t\t\t\t<\/div>\n\t\t<\/div>\n\t\t\t\t<div class=\"elementor-column elementor-col-25 elementor-top-column elementor-element elementor-element-364d8bb\" data-id=\"364d8bb\" data-element_type=\"column\">\n\t\t\t<div class=\"elementor-widget-wrap elementor-element-populated\">\n\t\t\t\t\t\t<div class=\"elementor-element elementor-element-e0448cd elementor-widget elementor-widget-image\" data-id=\"e0448cd\" data-element_type=\"widget\" data-widget_type=\"image.default\">\n\t\t\t\t<div class=\"elementor-widget-container\">\n\t\t\t\t\t\t\t\t\t\t\t\t\t\t\t<img decoding=\"async\" width=\"768\" height=\"1024\" src=\"https:\/\/www.carrefour-numerique.org\/wp-content\/uploads\/2024\/09\/vinyle-3-768x1024.jpg\" class=\"attachment-large size-large wp-image-8584\" alt=\"\" srcset=\"https:\/\/www.carrefour-numerique.org\/wp-content\/uploads\/2024\/09\/vinyle-3-768x1024.jpg 768w, https:\/\/www.carrefour-numerique.org\/wp-content\/uploads\/2024\/09\/vinyle-3-225x300.jpg 225w, https:\/\/www.carrefour-numerique.org\/wp-content\/uploads\/2024\/09\/vinyle-3.jpg 1070w\" sizes=\"(max-width: 768px) 100vw, 768px\" \/>\t\t\t\t\t\t\t\t\t\t\t\t\t\t\t<\/div>\n\t\t\t\t<\/div>\n\t\t\t\t\t<\/div>\n\t\t<\/div>\n\t\t\t\t<div class=\"elementor-column elementor-col-25 elementor-top-column elementor-element elementor-element-734cedf\" data-id=\"734cedf\" data-element_type=\"column\">\n\t\t\t<div class=\"elementor-widget-wrap elementor-element-populated\">\n\t\t\t\t\t\t<div class=\"elementor-element elementor-element-b4e76be elementor-widget elementor-widget-image\" data-id=\"b4e76be\" data-element_type=\"widget\" data-widget_type=\"image.default\">\n\t\t\t\t<div class=\"elementor-widget-container\">\n\t\t\t\t\t\t\t\t\t\t\t\t\t\t\t<img loading=\"lazy\" decoding=\"async\" width=\"768\" height=\"1024\" src=\"https:\/\/www.carrefour-numerique.org\/wp-content\/uploads\/2024\/09\/vinyle-4-1-768x1024.jpg\" class=\"attachment-large size-large wp-image-8588\" alt=\"\" srcset=\"https:\/\/www.carrefour-numerique.org\/wp-content\/uploads\/2024\/09\/vinyle-4-1-768x1024.jpg 768w, https:\/\/www.carrefour-numerique.org\/wp-content\/uploads\/2024\/09\/vinyle-4-1-225x300.jpg 225w, https:\/\/www.carrefour-numerique.org\/wp-content\/uploads\/2024\/09\/vinyle-4-1.jpg 910w\" sizes=\"(max-width: 768px) 100vw, 768px\" \/>\t\t\t\t\t\t\t\t\t\t\t\t\t\t\t<\/div>\n\t\t\t\t<\/div>\n\t\t\t\t\t<\/div>\n\t\t<\/div>\n\t\t\t\t\t<\/div>\n\t\t<\/section>\n\t\t\t\t<section class=\"elementor-section elementor-top-section elementor-element elementor-element-b57b5b6 elementor-section-boxed elementor-section-height-default elementor-section-height-default\" data-id=\"b57b5b6\" data-element_type=\"section\">\n\t\t\t\t\t\t<div class=\"elementor-container elementor-column-gap-default\">\n\t\t\t\t\t<div class=\"elementor-column elementor-col-100 elementor-top-column elementor-element elementor-element-e18593b\" data-id=\"e18593b\" data-element_type=\"column\">\n\t\t\t<div class=\"elementor-widget-wrap elementor-element-populated\">\n\t\t\t\t\t\t<div class=\"elementor-element elementor-element-fef7a37 elementor-widget elementor-widget-text-editor\" data-id=\"fef7a37\" data-element_type=\"widget\" data-widget_type=\"text-editor.default\">\n\t\t\t\t<div class=\"elementor-widget-container\">\n\t\t\t\t\t\t\t\t\t<p><strong><span style=\"font-family: arial, helvetica, sans-serif; font-size: 14pt;\">Fabriquer des stickers\u00a0 \u25bc<\/span><\/strong><\/p>\t\t\t\t\t\t\t\t<\/div>\n\t\t\t\t<\/div>\n\t\t\t\t\t<\/div>\n\t\t<\/div>\n\t\t\t\t\t<\/div>\n\t\t<\/section>\n\t\t\t\t<section class=\"elementor-section elementor-top-section elementor-element elementor-element-50c2c41 elementor-section-boxed elementor-section-height-default elementor-section-height-default\" data-id=\"50c2c41\" data-element_type=\"section\">\n\t\t\t\t\t\t<div class=\"elementor-container elementor-column-gap-default\">\n\t\t\t\t\t<div class=\"elementor-column elementor-col-100 elementor-top-column elementor-element elementor-element-c231a4a\" data-id=\"c231a4a\" data-element_type=\"column\">\n\t\t\t<div class=\"elementor-widget-wrap elementor-element-populated\">\n\t\t\t\t\t\t<div class=\"elementor-element elementor-element-3897cb1 elementor-widget elementor-widget-video\" data-id=\"3897cb1\" data-element_type=\"widget\" data-settings=\"{&quot;video_type&quot;:&quot;hosted&quot;,&quot;controls&quot;:&quot;yes&quot;}\" data-widget_type=\"video.default\">\n\t\t\t\t<div class=\"elementor-widget-container\">\n\t\t\t\t\t\t\t<div class=\"e-hosted-video elementor-wrapper elementor-open-inline\">\n\t\t\t\t\t<video class=\"elementor-video\" src=\"https:\/\/www.carrefour-numerique.org\/wp-content\/uploads\/2024\/11\/decoupe-vinyle-1.webm\" controls=\"\" preload=\"metadata\" controlsList=\"nodownload\"><\/video>\n\t\t\t\t<\/div>\n\t\t\t\t\t\t<\/div>\n\t\t\t\t<\/div>\n\t\t\t\t\t<\/div>\n\t\t<\/div>\n\t\t\t\t\t<\/div>\n\t\t<\/section>\n\t\t\t\t<section class=\"elementor-section elementor-top-section elementor-element elementor-element-f4531d4 elementor-section-boxed elementor-section-height-default elementor-section-height-default\" data-id=\"f4531d4\" data-element_type=\"section\">\n\t\t\t\t\t\t<div class=\"elementor-container elementor-column-gap-default\">\n\t\t\t\t\t<div class=\"elementor-column elementor-col-100 elementor-top-column elementor-element elementor-element-cfa2f20\" data-id=\"cfa2f20\" data-element_type=\"column\">\n\t\t\t<div class=\"elementor-widget-wrap elementor-element-populated\">\n\t\t\t\t\t\t<div class=\"elementor-element elementor-element-bbcdc61 elementor-widget elementor-widget-text-editor\" data-id=\"bbcdc61\" data-element_type=\"widget\" data-widget_type=\"text-editor.default\">\n\t\t\t\t<div class=\"elementor-widget-container\">\n\t\t\t\t\t\t\t\t\t<p><span style=\"font-family: arial, helvetica, sans-serif; font-size: 14pt;\"><strong>Fabriquer une lightbox<\/strong>\u00a0 \u25bc<\/span><\/p>\t\t\t\t\t\t\t\t<\/div>\n\t\t\t\t<\/div>\n\t\t\t\t\t<\/div>\n\t\t<\/div>\n\t\t\t\t\t<\/div>\n\t\t<\/section>\n\t\t\t\t<section class=\"elementor-section elementor-top-section elementor-element elementor-element-7e31e29 elementor-section-boxed elementor-section-height-default elementor-section-height-default\" data-id=\"7e31e29\" data-element_type=\"section\">\n\t\t\t\t\t\t<div class=\"elementor-container elementor-column-gap-default\">\n\t\t\t\t\t<div class=\"elementor-column elementor-col-100 elementor-top-column elementor-element elementor-element-a9b6cd9\" data-id=\"a9b6cd9\" data-element_type=\"column\">\n\t\t\t<div class=\"elementor-widget-wrap elementor-element-populated\">\n\t\t\t\t\t\t<div class=\"elementor-element elementor-element-21659f2 elementor-widget elementor-widget-video\" data-id=\"21659f2\" data-element_type=\"widget\" data-settings=\"{&quot;video_type&quot;:&quot;hosted&quot;,&quot;controls&quot;:&quot;yes&quot;}\" data-widget_type=\"video.default\">\n\t\t\t\t<div class=\"elementor-widget-container\">\n\t\t\t\t\t\t\t<div class=\"e-hosted-video elementor-wrapper elementor-open-inline\">\n\t\t\t\t\t<video class=\"elementor-video\" src=\"https:\/\/www.carrefour-numerique.org\/wp-content\/uploads\/2024\/11\/Lightbox.webm\" controls=\"\" preload=\"metadata\" controlsList=\"nodownload\"><\/video>\n\t\t\t\t<\/div>\n\t\t\t\t\t\t<\/div>\n\t\t\t\t<\/div>\n\t\t\t\t\t<\/div>\n\t\t<\/div>\n\t\t\t\t\t<\/div>\n\t\t<\/section>\n\t\t\t\t<\/div>\n\t\t","protected":false},"excerpt":{"rendered":"<p>La machine de d\u00e9coupe automatique est une machine contr\u00f4l\u00e9e par ordinateur, qui d\u00e9coupe diff\u00e9rentes formes et lettres dans de fines feuilles plastifi\u00e9es autocollantes (les vinyles) ou papier ou autres supports, selon une image vectorielle con\u00e7ue sur l&#8217;ordinateur.Cet appareil est aussi utilis\u00e9 pour d\u00e9couper des stickers, des logos, des cartes ou d&#8217;autres symboles qui peuvent se &#8230; <a title=\"La machine de d\u00e9coupe automatique\" class=\"read-more\" href=\"https:\/\/www.carrefour-numerique.org\/?page_id=8559\" aria-label=\"En savoir plus sur La machine de d\u00e9coupe automatique\">Lire la suite<\/a><\/p>\n","protected":false},"author":487,"featured_media":0,"parent":0,"menu_order":0,"comment_status":"closed","ping_status":"closed","template":"","meta":{"inline_featured_image":false,"footnotes":""},"class_list":["post-8559","page","type-page","status-publish"],"_links":{"self":[{"href":"https:\/\/www.carrefour-numerique.org\/index.php?rest_route=\/wp\/v2\/pages\/8559","targetHints":{"allow":["GET"]}}],"collection":[{"href":"https:\/\/www.carrefour-numerique.org\/index.php?rest_route=\/wp\/v2\/pages"}],"about":[{"href":"https:\/\/www.carrefour-numerique.org\/index.php?rest_route=\/wp\/v2\/types\/page"}],"author":[{"embeddable":true,"href":"https:\/\/www.carrefour-numerique.org\/index.php?rest_route=\/wp\/v2\/users\/487"}],"replies":[{"embeddable":true,"href":"https:\/\/www.carrefour-numerique.org\/index.php?rest_route=%2Fwp%2Fv2%2Fcomments&post=8559"}],"version-history":[{"count":47,"href":"https:\/\/www.carrefour-numerique.org\/index.php?rest_route=\/wp\/v2\/pages\/8559\/revisions"}],"predecessor-version":[{"id":8917,"href":"https:\/\/www.carrefour-numerique.org\/index.php?rest_route=\/wp\/v2\/pages\/8559\/revisions\/8917"}],"wp:attachment":[{"href":"https:\/\/www.carrefour-numerique.org\/index.php?rest_route=%2Fwp%2Fv2%2Fmedia&parent=8559"}],"curies":[{"name":"wp","href":"https:\/\/api.w.org\/{rel}","templated":true}]}}