{"id":8430,"date":"2024-09-10T11:07:30","date_gmt":"2024-09-10T09:07:30","guid":{"rendered":"https:\/\/www.carrefour-numerique.org\/?page_id=8430"},"modified":"2024-10-08T14:32:34","modified_gmt":"2024-10-08T12:32:34","slug":"sinitier-a-la-fraiseuse-numerique","status":"publish","type":"page","link":"https:\/\/www.carrefour-numerique.org\/?page_id=8430","title":{"rendered":"S&#8217;initier \u00e0 la fraiseuse num\u00e9rique"},"content":{"rendered":"\t\t<div data-elementor-type=\"wp-page\" data-elementor-id=\"8430\" class=\"elementor elementor-8430\">\n\t\t\t\t\t\t<section class=\"elementor-section elementor-top-section elementor-element elementor-element-ed52e1d elementor-section-boxed elementor-section-height-default elementor-section-height-default\" data-id=\"ed52e1d\" data-element_type=\"section\">\n\t\t\t\t\t\t<div class=\"elementor-container elementor-column-gap-default\">\n\t\t\t\t\t<div class=\"elementor-column elementor-col-50 elementor-top-column elementor-element elementor-element-da5d7d9\" data-id=\"da5d7d9\" data-element_type=\"column\">\n\t\t\t<div class=\"elementor-widget-wrap elementor-element-populated\">\n\t\t\t\t\t\t<div class=\"elementor-element elementor-element-9f74b07 elementor-widget elementor-widget-text-editor\" data-id=\"9f74b07\" data-element_type=\"widget\" data-widget_type=\"text-editor.default\">\n\t\t\t\t<div class=\"elementor-widget-container\">\n\t\t\t\t\t\t\t\t\t<p style=\"text-align: justify;\"><span style=\"font-family: arial, helvetica, sans-serif; font-size: 14pt;\">Dans ce module vous apprendrez \u00e0 utiliser une fraiseuse num\u00e9rique.<\/span><\/p><p style=\"text-align: justify;\"><span style=\"font-size: 14pt; font-family: arial, helvetica, sans-serif;\">Une fraiseuse num\u00e9rique, ou fraiseuse CNC, est une machine-outil qui utilise un ordinateur pour contr\u00f4ler ses mouvements ainsi que ses op\u00e9rations de coupe. On apprendra \u00e0 utiliser le logiciel <strong>&#8220;FREECAD&#8221;<\/strong> pour passer du dessin \u00e0 la d\u00e9coupe. Ce logiciel nous permettra d&#8217;automatiser des t\u00e2ches complexes et de produire des pi\u00e8ces avec une pr\u00e9cision remarquable.<\/span><\/p><p><span style=\"font-family: arial, helvetica, sans-serif;\"><span style=\"font-size: 14pt;\">Il existe de nombreux tutoriels sur le sujet, en voici un parmi d&#8217;autres : <br \/><\/span><span style=\"font-size: 14pt;\"><strong><a href=\"https:\/\/www.youtube.com\/watch?v=BE2gTN0LOCU\" target=\"_blank\" rel=\"noopener\">https:\/\/www.youtube.com\/watch?v=BE2gTN0LOCU<\/a><\/strong><\/span><\/span><\/p>\t\t\t\t\t\t\t\t<\/div>\n\t\t\t\t<\/div>\n\t\t\t\t\t<\/div>\n\t\t<\/div>\n\t\t\t\t<div class=\"elementor-column elementor-col-50 elementor-top-column elementor-element elementor-element-e769fba\" data-id=\"e769fba\" data-element_type=\"column\">\n\t\t\t<div class=\"elementor-widget-wrap elementor-element-populated\">\n\t\t\t\t\t\t<div class=\"elementor-element elementor-element-b21abf2 elementor-widget elementor-widget-image\" data-id=\"b21abf2\" data-element_type=\"widget\" data-widget_type=\"image.default\">\n\t\t\t\t<div class=\"elementor-widget-container\">\n\t\t\t\t\t\t\t\t\t\t\t\t\t\t\t<img fetchpriority=\"high\" decoding=\"async\" width=\"768\" height=\"431\" src=\"https:\/\/www.carrefour-numerique.org\/wp-content\/uploads\/2024\/09\/fraiseuse-768x431.jpg\" class=\"attachment-medium_large size-medium_large wp-image-8549\" alt=\"\" srcset=\"https:\/\/www.carrefour-numerique.org\/wp-content\/uploads\/2024\/09\/fraiseuse-768x431.jpg 768w, https:\/\/www.carrefour-numerique.org\/wp-content\/uploads\/2024\/09\/fraiseuse-300x168.jpg 300w, https:\/\/www.carrefour-numerique.org\/wp-content\/uploads\/2024\/09\/fraiseuse-1024x575.jpg 1024w, https:\/\/www.carrefour-numerique.org\/wp-content\/uploads\/2024\/09\/fraiseuse-1536x862.jpg 1536w, https:\/\/www.carrefour-numerique.org\/wp-content\/uploads\/2024\/09\/fraiseuse-2048x1150.jpg 2048w\" sizes=\"(max-width: 768px) 100vw, 768px\" \/>\t\t\t\t\t\t\t\t\t\t\t\t\t\t\t<\/div>\n\t\t\t\t<\/div>\n\t\t\t\t\t<\/div>\n\t\t<\/div>\n\t\t\t\t\t<\/div>\n\t\t<\/section>\n\t\t\t\t<\/div>\n\t\t","protected":false},"excerpt":{"rendered":"<p>Dans ce module vous apprendrez \u00e0 utiliser une fraiseuse num\u00e9rique. Une fraiseuse num\u00e9rique, ou fraiseuse CNC, est une machine-outil qui utilise un ordinateur pour contr\u00f4ler ses mouvements ainsi que ses op\u00e9rations de coupe. On apprendra \u00e0 utiliser le logiciel &#8220;FREECAD&#8221; pour passer du dessin \u00e0 la d\u00e9coupe. Ce logiciel nous permettra d&#8217;automatiser des t\u00e2ches complexes &#8230; <a title=\"S&#8217;initier \u00e0 la fraiseuse num\u00e9rique\" class=\"read-more\" href=\"https:\/\/www.carrefour-numerique.org\/?page_id=8430\" aria-label=\"En savoir plus sur S&#8217;initier \u00e0 la fraiseuse num\u00e9rique\">Lire la suite<\/a><\/p>\n","protected":false},"author":487,"featured_media":0,"parent":0,"menu_order":0,"comment_status":"closed","ping_status":"closed","template":"","meta":{"inline_featured_image":false,"footnotes":""},"class_list":["post-8430","page","type-page","status-publish"],"_links":{"self":[{"href":"https:\/\/www.carrefour-numerique.org\/index.php?rest_route=\/wp\/v2\/pages\/8430","targetHints":{"allow":["GET"]}}],"collection":[{"href":"https:\/\/www.carrefour-numerique.org\/index.php?rest_route=\/wp\/v2\/pages"}],"about":[{"href":"https:\/\/www.carrefour-numerique.org\/index.php?rest_route=\/wp\/v2\/types\/page"}],"author":[{"embeddable":true,"href":"https:\/\/www.carrefour-numerique.org\/index.php?rest_route=\/wp\/v2\/users\/487"}],"replies":[{"embeddable":true,"href":"https:\/\/www.carrefour-numerique.org\/index.php?rest_route=%2Fwp%2Fv2%2Fcomments&post=8430"}],"version-history":[{"count":31,"href":"https:\/\/www.carrefour-numerique.org\/index.php?rest_route=\/wp\/v2\/pages\/8430\/revisions"}],"predecessor-version":[{"id":8837,"href":"https:\/\/www.carrefour-numerique.org\/index.php?rest_route=\/wp\/v2\/pages\/8430\/revisions\/8837"}],"wp:attachment":[{"href":"https:\/\/www.carrefour-numerique.org\/index.php?rest_route=%2Fwp%2Fv2%2Fmedia&parent=8430"}],"curies":[{"name":"wp","href":"https:\/\/api.w.org\/{rel}","templated":true}]}}