{"id":7250,"date":"2023-01-31T14:35:53","date_gmt":"2023-01-31T13:35:53","guid":{"rendered":"https:\/\/www.c-2i.org\/?page_id=7250"},"modified":"2024-09-16T14:45:17","modified_gmt":"2024-09-16T12:45:17","slug":"conference-du-26-01-2023","status":"publish","type":"page","link":"https:\/\/www.carrefour-numerique.org\/?page_id=7250","title":{"rendered":"Conf\u00e9rence du 26\/01\/2023"},"content":{"rendered":"\t\t<div data-elementor-type=\"wp-page\" data-elementor-id=\"7250\" class=\"elementor elementor-7250\">\n\t\t\t\t\t\t<section class=\"elementor-section elementor-top-section elementor-element elementor-element-9fcfb2f elementor-section-boxed elementor-section-height-default elementor-section-height-default\" data-id=\"9fcfb2f\" data-element_type=\"section\">\n\t\t\t\t\t\t<div class=\"elementor-container elementor-column-gap-default\">\n\t\t\t\t\t<div class=\"elementor-column elementor-col-100 elementor-top-column elementor-element elementor-element-64201d0\" data-id=\"64201d0\" data-element_type=\"column\">\n\t\t\t<div class=\"elementor-widget-wrap elementor-element-populated\">\n\t\t\t\t\t\t<div class=\"elementor-element elementor-element-a5a49cb elementor-widget elementor-widget-text-editor\" data-id=\"a5a49cb\" data-element_type=\"widget\" data-widget_type=\"text-editor.default\">\n\t\t\t\t<div class=\"elementor-widget-container\">\n\t\t\t\t\t\t\t\t\t<h3 style=\"text-align: center;\"><span style=\"font-size: 24pt; color: #339966;\"><strong><span style=\"font-family: 'comic sans ms', sans-serif;\">UN ESPOIR POUR LA PLAN\u00c8TE<\/span><\/strong><\/span><\/h3>\n<h3><span style=\"font-size: 14pt; font-family: 'comic sans ms', sans-serif;\"><img decoding=\"async\" src=\"https:\/\/www.c-2i.org\/wp-content\/uploads\/2022\/10\/titre-conference_2pt-3.png\" alt=\"\" \/><\/span><\/h3>\n<h3 style=\"text-align: justify;\" align=\"left\"><span style=\"font-family: 'comic sans ms', sans-serif; font-size: 14pt;\"><i><span style=\"color: #353740;\">Cette<\/span> <span style=\"color: #353740;\">conf\u00e9rence<\/span> <span style=\"color: #353740;\">se<\/span> <span style=\"color: #353740;\">propose<\/span> <span style=\"color: #353740;\">de<\/span> <span style=\"color: #353740;\">mettre<\/span> <span style=\"color: #353740;\">en<\/span> <span style=\"color: #353740;\">lumi\u00e8re<\/span> <span style=\"color: #353740;\">une<\/span> <span style=\"color: #353740;\">technologie<\/span> <span style=\"color: #353740;\">r\u00e9volutionnaire<\/span> <span style=\"color: #353740;\">et<\/span> <span style=\"color: #353740;\">prometteuse<\/span> <span style=\"color: #353740;\">qui<\/span> <span style=\"color: #353740;\">pourrait<\/span> <span style=\"color: #353740;\">bien<\/span> <span style=\"color: #353740;\">\u00eatre<\/span> <span style=\"color: #353740;\">la<\/span> <span style=\"color: #353740;\">solution<\/span> <span style=\"color: #353740;\">\u00e0<\/span> <span style=\"color: #353740;\">l&#8217;un<\/span> <span style=\"color: #353740;\">des<\/span> <span style=\"color: #353740;\">plus<\/span> <span style=\"color: #353740;\">grands<\/span> <span style=\"color: #353740;\">d\u00e9fis<\/span> <span style=\"color: #353740;\">auxquels<\/span> <span style=\"color: #353740;\">nous<\/span> <span style=\"color: #353740;\">sommes<\/span> <span style=\"color: #353740;\">confront\u00e9s<\/span> <span style=\"color: #353740;\">aujourd&#8217;hui<\/span> <span style=\"color: #353740;\">:<\/span> <span style=\"color: #353740;\">le<\/span> <span style=\"color: #353740;\">stockage<\/span> <span style=\"color: #353740;\">des<\/span> <span style=\"color: #353740;\">donn\u00e9es<\/span> <span style=\"color: #353740;\">informatiques.<\/span> <\/i><\/span><\/h3>\n<h3 style=\"text-align: justify;\" align=\"left\"><span style=\"font-family: 'comic sans ms', sans-serif; font-size: 14pt;\"><i><span style=\"color: #353740;\">En<\/span> <span style=\"color: #353740;\">effet,<\/span> <span style=\"color: #353740;\">le<\/span> <span style=\"color: #353740;\">volume<\/span> <span style=\"color: #353740;\">des<\/span> <span style=\"color: #353740;\">donn\u00e9es<\/span> <span style=\"color: #353740;\">informatiques<\/span> <span style=\"color: #353740;\">accumul\u00e9es<\/span> <span style=\"color: #353740;\">a<\/span> <span style=\"color: #353740;\">consid\u00e9rablement<\/span> <span style=\"color: #353740;\">augment\u00e9<\/span> <span style=\"color: #353740;\">ces<\/span> <span style=\"color: #353740;\">derni\u00e8res<\/span> <span style=\"color: #353740;\">ann\u00e9es,<\/span> <span style=\"color: #353740;\">ce<\/span> <span style=\"color: #353740;\">qui<\/span> <span style=\"color: #353740;\">a<\/span> <span style=\"color: #353740;\">entra\u00een\u00e9<\/span> <span style=\"color: #353740;\">une<\/span> <span style=\"color: #353740;\">augmentation<\/span> <span style=\"color: #353740;\">de<\/span> <span style=\"color: #353740;\">la<\/span> <span style=\"color: #353740;\">consommation<\/span> <span style=\"color: #353740;\">\u00e9nerg\u00e9tique<\/span> <span style=\"color: #353740;\">et<\/span> <span style=\"color: #353740;\">de<\/span> <span style=\"color: #353740;\">l&#8217;empreinte<\/span> <span style=\"color: #353740;\">\u00e9cologique<\/span> <span style=\"color: #353740;\">li\u00e9e<\/span> <span style=\"color: #353740;\">au<\/span> <span style=\"color: #353740;\">stockage<\/span> <span style=\"color: #353740;\">de<\/span> <span style=\"color: #353740;\">ces<\/span> <span style=\"color: #353740;\">donn\u00e9es.<\/span> <\/i><\/span><\/h3>\n<h3 style=\"text-align: justify;\" align=\"left\"><span style=\"font-family: 'comic sans ms', sans-serif; font-size: 14pt;\"><i><span style=\"color: #353740;\">De<\/span> <span style=\"color: #353740;\">plus,<\/span> <span style=\"color: #353740;\">le<\/span> <span style=\"color: #353740;\">stockage<\/span> <span style=\"color: #353740;\">des<\/span> <span style=\"color: #353740;\">donn\u00e9es<\/span> <span style=\"color: #353740;\">sur<\/span> <span style=\"color: #353740;\">des<\/span> <span style=\"color: #353740;\">supports<\/span> <span style=\"color: #353740;\">num\u00e9riques<\/span> <span style=\"color: #353740;\">classiques<\/span> <span style=\"color: #353740;\">est<\/span> <span style=\"color: #353740;\">limit\u00e9<\/span> <span style=\"color: #353740;\">et<\/span> <span style=\"color: #353740;\">sujet<\/span> <span style=\"color: #353740;\">\u00e0<\/span> <span style=\"color: #353740;\">une<\/span> <span style=\"color: #353740;\">d\u00e9gradation<\/span> <span style=\"color: #353740;\">rapide.<\/span> <span style=\"color: #353740;\">C&#8217;est<\/span> <span style=\"color: #353740;\">pourquoi<\/span> <span style=\"color: #353740;\">nous<\/span> <span style=\"color: #353740;\">sommes<\/span> <span style=\"color: #353740;\">extr\u00eamement<\/span> <span style=\"color: #353740;\">enthousiastes<\/span> <span style=\"color: #353740;\">\u00e0<\/span> <span style=\"color: #353740;\">l&#8217;id\u00e9e<\/span> <span style=\"color: #353740;\">de<\/span> <span style=\"color: #353740;\">vous<\/span> <span style=\"color: #353740;\">pr\u00e9senter<\/span> <span style=\"color: #353740;\">la<\/span> <span style=\"color: #353740;\">technologie<\/span> <span style=\"color: #353740;\">de<\/span> <span style=\"color: #353740;\">stockage<\/span> <span style=\"color: #353740;\">des<\/span> <span style=\"color: #353740;\">donn\u00e9es<\/span> <span style=\"color: #353740;\">sur<\/span> <span style=\"color: #353740;\">des<\/span> <span style=\"color: #353740;\">mol\u00e9cules<\/span> <span style=\"color: #353740;\">d&#8217;ADN.<\/span> <span style=\"color: #353740;\">Cette<\/span> <span style=\"color: #353740;\">technologie<\/span> <span style=\"color: #353740;\">prometteuse<\/span> <span style=\"color: #353740;\">n&#8217;est<\/span> <span style=\"color: #353740;\">pas<\/span> <span style=\"color: #353740;\">seulement<\/span> <span style=\"color: #353740;\">plus<\/span> <span style=\"color: #353740;\">durable,<\/span> <span style=\"color: #353740;\">mais<\/span> <span style=\"color: #353740;\">elle<\/span> <span style=\"color: #353740;\">est<\/span> <span style=\"color: #353740;\">\u00e9galement<\/span> <span style=\"color: #353740;\">plus<\/span> <span style=\"color: #353740;\">s\u00fbre,<\/span> <span style=\"color: #353740;\">plus<\/span> <span style=\"color: #353740;\">efficace<\/span> <span style=\"color: #353740;\">et<\/span> <span style=\"color: #353740;\">plus<\/span> <span style=\"color: #353740;\">rentable<\/span> <span style=\"color: #353740;\">que<\/span> <span style=\"color: #353740;\">les<\/span> <span style=\"color: #353740;\">supports<\/span> <span style=\"color: #353740;\">de<\/span> <span style=\"color: #353740;\">stockage<\/span> <span style=\"color: #353740;\">num\u00e9rique<\/span> <span style=\"color: #353740;\">conventionnels.<\/span> <\/i><\/span><\/h3>\n<h3 style=\"text-align: justify;\"><span style=\"font-size: 14pt; font-family: 'comic sans ms', sans-serif;\"><strong>C\u2019est un sujet passionnant que nous vous invitons \u00e0 d\u00e9couvrir avec <\/strong><strong>Dominique Lavenier, Directeur de recherche CNRS \u00e0 l\u2019IRISA-Universit\u00e9 de Rennes 1.<\/strong><\/span><\/h3>\t\t\t\t\t\t\t\t<\/div>\n\t\t\t\t<\/div>\n\t\t\t\t\t<\/div>\n\t\t<\/div>\n\t\t\t\t\t<\/div>\n\t\t<\/section>\n\t\t\t\t<\/div>\n\t\t","protected":false},"excerpt":{"rendered":"<p>UN ESPOIR POUR LA PLAN\u00c8TE Cette conf\u00e9rence se propose de mettre en lumi\u00e8re une technologie r\u00e9volutionnaire et prometteuse qui pourrait bien \u00eatre la solution \u00e0 l&#8217;un des plus grands d\u00e9fis auxquels nous sommes confront\u00e9s aujourd&#8217;hui : le stockage des donn\u00e9es informatiques. En effet, le volume des donn\u00e9es informatiques accumul\u00e9es a consid\u00e9rablement augment\u00e9 ces derni\u00e8res ann\u00e9es, &#8230; <a title=\"Conf\u00e9rence du 26\/01\/2023\" class=\"read-more\" href=\"https:\/\/www.carrefour-numerique.org\/?page_id=7250\" aria-label=\"En savoir plus sur Conf\u00e9rence du 26\/01\/2023\">Lire la suite<\/a><\/p>\n","protected":false},"author":487,"featured_media":0,"parent":0,"menu_order":0,"comment_status":"closed","ping_status":"closed","template":"","meta":{"inline_featured_image":false,"footnotes":""},"class_list":["post-7250","page","type-page","status-publish"],"_links":{"self":[{"href":"https:\/\/www.carrefour-numerique.org\/index.php?rest_route=\/wp\/v2\/pages\/7250","targetHints":{"allow":["GET"]}}],"collection":[{"href":"https:\/\/www.carrefour-numerique.org\/index.php?rest_route=\/wp\/v2\/pages"}],"about":[{"href":"https:\/\/www.carrefour-numerique.org\/index.php?rest_route=\/wp\/v2\/types\/page"}],"author":[{"embeddable":true,"href":"https:\/\/www.carrefour-numerique.org\/index.php?rest_route=\/wp\/v2\/users\/487"}],"replies":[{"embeddable":true,"href":"https:\/\/www.carrefour-numerique.org\/index.php?rest_route=%2Fwp%2Fv2%2Fcomments&post=7250"}],"version-history":[{"count":9,"href":"https:\/\/www.carrefour-numerique.org\/index.php?rest_route=\/wp\/v2\/pages\/7250\/revisions"}],"predecessor-version":[{"id":8466,"href":"https:\/\/www.carrefour-numerique.org\/index.php?rest_route=\/wp\/v2\/pages\/7250\/revisions\/8466"}],"wp:attachment":[{"href":"https:\/\/www.carrefour-numerique.org\/index.php?rest_route=%2Fwp%2Fv2%2Fmedia&parent=7250"}],"curies":[{"name":"wp","href":"https:\/\/api.w.org\/{rel}","templated":true}]}}