{"id":6562,"date":"2022-02-26T16:38:41","date_gmt":"2022-02-26T15:38:41","guid":{"rendered":"http:\/\/www.c-2i.org\/?page_id=6562"},"modified":"2026-03-25T09:25:08","modified_gmt":"2026-03-25T08:25:08","slug":"les-tutoriels-de-shotcut","status":"publish","type":"page","link":"https:\/\/www.carrefour-numerique.org\/?page_id=6562","title":{"rendered":"Les tutoriels de Shotcut"},"content":{"rendered":"\t\t<div data-elementor-type=\"wp-page\" data-elementor-id=\"6562\" class=\"elementor elementor-6562\">\n\t\t\t\t\t\t<section class=\"elementor-section elementor-top-section elementor-element elementor-element-a80a944 elementor-section-boxed elementor-section-height-default elementor-section-height-default\" data-id=\"a80a944\" data-element_type=\"section\">\n\t\t\t\t\t\t<div class=\"elementor-container elementor-column-gap-default\">\n\t\t\t\t\t<div class=\"elementor-column elementor-col-100 elementor-top-column elementor-element elementor-element-ab35d32\" data-id=\"ab35d32\" data-element_type=\"column\">\n\t\t\t<div class=\"elementor-widget-wrap elementor-element-populated\">\n\t\t\t\t\t\t<div class=\"elementor-element elementor-element-ce59519 elementor-widget elementor-widget-text-editor\" data-id=\"ce59519\" data-element_type=\"widget\" data-widget_type=\"text-editor.default\">\n\t\t\t\t<div class=\"elementor-widget-container\">\n\t\t\t\t\t\t\t\t\t<p><span style=\"font-family: arial, helvetica, sans-serif;\"><span style=\"font-size: 14pt;\">Vous trouverez ci-dessous un listing de toutes les fonctionnalit\u00e9s que nous avons vu lors de nos s\u00e9ances de formation avec un lien vers les tutoriels correspondants mis \u00e0 votre disposition sur <strong>Youtube<\/strong>.<\/span><\/span><\/p>\t\t\t\t\t\t\t\t<\/div>\n\t\t\t\t<\/div>\n\t\t\t\t\t<\/div>\n\t\t<\/div>\n\t\t\t\t\t<\/div>\n\t\t<\/section>\n\t\t\t\t<section class=\"elementor-section elementor-top-section elementor-element elementor-element-07a1a4e elementor-section-boxed elementor-section-height-default elementor-section-height-default\" data-id=\"07a1a4e\" data-element_type=\"section\">\n\t\t\t\t\t\t<div class=\"elementor-container elementor-column-gap-default\">\n\t\t\t\t\t<div class=\"elementor-column elementor-col-100 elementor-top-column elementor-element elementor-element-691d0dc\" data-id=\"691d0dc\" data-element_type=\"column\">\n\t\t\t<div class=\"elementor-widget-wrap elementor-element-populated\">\n\t\t\t\t\t\t<div class=\"elementor-element elementor-element-469cc60 elementor-widget-divider--view-line elementor-widget elementor-widget-divider\" data-id=\"469cc60\" data-element_type=\"widget\" data-widget_type=\"divider.default\">\n\t\t\t\t<div class=\"elementor-widget-container\">\n\t\t\t\t\t\t\t<div class=\"elementor-divider\">\n\t\t\t<span class=\"elementor-divider-separator\">\n\t\t\t\t\t\t<\/span>\n\t\t<\/div>\n\t\t\t\t\t\t<\/div>\n\t\t\t\t<\/div>\n\t\t\t\t\t<\/div>\n\t\t<\/div>\n\t\t\t\t\t<\/div>\n\t\t<\/section>\n\t\t\t\t<section class=\"elementor-section elementor-top-section elementor-element elementor-element-65190da elementor-section-boxed elementor-section-height-default elementor-section-height-default\" data-id=\"65190da\" data-element_type=\"section\">\n\t\t\t\t\t\t<div class=\"elementor-container elementor-column-gap-default\">\n\t\t\t\t\t<div class=\"elementor-column elementor-col-100 elementor-top-column elementor-element elementor-element-0ca62e2\" data-id=\"0ca62e2\" data-element_type=\"column\">\n\t\t\t<div class=\"elementor-widget-wrap elementor-element-populated\">\n\t\t\t\t\t\t<div class=\"elementor-element elementor-element-ac9233b elementor-widget elementor-widget-text-editor\" data-id=\"ac9233b\" data-element_type=\"widget\" data-widget_type=\"text-editor.default\">\n\t\t\t\t<div class=\"elementor-widget-container\">\n\t\t\t\t\t\t\t\t\t<h2><span style=\"font-family: arial, helvetica, sans-serif; font-size: 18pt;\"><strong>Les fonctionnalit\u00e9s de bases<\/strong><\/span><\/h2><h3><span style=\"font-family: arial, helvetica, sans-serif;\"><a href=\"https:\/\/www.youtube.com\/watch?v=kLpz_XHXUfA\" target=\"_blank\" rel=\"noopener\"><strong><span style=\"font-size: 14pt;\"><span style=\"font-size: 18pt;\">Tuto 1<\/span><\/span><\/strong><\/a><\/span><\/h3><ul><li><span style=\"font-size: 14pt; font-family: arial, helvetica, sans-serif;\">Enchainement d&#8217;images\u00a0<\/span><\/li><li><span style=\"font-size: 14pt; font-family: arial, helvetica, sans-serif;\">Recadrage<\/span><\/li><li><span style=\"font-size: 14pt; font-family: arial, helvetica, sans-serif;\">Notion d&#8217;image-cl\u00e9<\/span><\/li><li><span style=\"font-size: 14pt; font-family: arial, helvetica, sans-serif;\">Transitions<\/span><\/li><li><span style=\"font-size: 14pt; font-family: arial, helvetica, sans-serif;\">Fondus en ouverture et fermeture<\/span><\/li><\/ul><h3><span style=\"font-family: arial, helvetica, sans-serif;\"><a href=\"https:\/\/www.youtube.com\/watch?v=hB51jQWp-JY\" target=\"_blank\" rel=\"noopener\"><strong><span style=\"font-size: 14pt;\"><span style=\"font-size: 18pt;\">Tuto 2<\/span><\/span><\/strong><\/a><\/span><\/h3><ul><li><span style=\"font-size: 14pt; font-family: arial, helvetica, sans-serif;\">Zoomer et d\u00e9zoomer sur une image<\/span><\/li><li><span style=\"font-size: 14pt; font-family: arial, helvetica, sans-serif;\">R\u00e9aliser un travelling sur une image panoramique<\/span><\/li><li><span style=\"font-size: 14pt; font-family: arial, helvetica, sans-serif;\">Ins\u00e9rer un plan vid\u00e9o dans le projet<\/span><\/li><li><span style=\"font-size: 14pt; font-family: arial, helvetica, sans-serif;\">G\u00e9rer le son sur la piste vid\u00e9o et ajouter un commentaire sur une piste audio<\/span><\/li><\/ul><h3><span style=\"font-family: arial, helvetica, sans-serif;\"><a href=\"https:\/\/www.youtube.com\/watch?v=7nLruT4xUbs\" target=\"_blank\" rel=\"noopener\"><strong><span style=\"font-size: 14pt;\"><span style=\"font-size: 18pt;\">Tuto 3<\/span><\/span><\/strong><\/a><\/span><\/h3><ul><li><span style=\"font-size: 14pt; font-family: arial, helvetica, sans-serif;\">D\u00e9tacher la bande son d&#8217;une vid\u00e9o, ajouter un fond musical et \u00e9quilibrer les diff\u00e9rentes sources sonores<\/span><\/li><li><span style=\"font-size: 14pt; font-family: arial, helvetica, sans-serif;\">Faire un arr\u00eat sur image<\/span><\/li><li><span style=\"font-size: 14pt; font-family: arial, helvetica, sans-serif;\">Ins\u00e9rer un titre et un g\u00e9n\u00e9rique<\/span><\/li><li><span style=\"font-size: 14pt; font-family: arial, helvetica, sans-serif;\">R\u00e9aliser l&#8217;encodage<br \/><\/span><\/li><\/ul>\t\t\t\t\t\t\t\t<\/div>\n\t\t\t\t<\/div>\n\t\t\t\t\t<\/div>\n\t\t<\/div>\n\t\t\t\t\t<\/div>\n\t\t<\/section>\n\t\t\t\t<section class=\"elementor-section elementor-top-section elementor-element elementor-element-01c8d4d elementor-section-boxed elementor-section-height-default elementor-section-height-default\" data-id=\"01c8d4d\" data-element_type=\"section\">\n\t\t\t\t\t\t<div class=\"elementor-container elementor-column-gap-default\">\n\t\t\t\t\t<div class=\"elementor-column elementor-col-100 elementor-top-column elementor-element elementor-element-bbfb813\" data-id=\"bbfb813\" data-element_type=\"column\">\n\t\t\t<div class=\"elementor-widget-wrap elementor-element-populated\">\n\t\t\t\t\t\t<div class=\"elementor-element elementor-element-89ba648 elementor-widget elementor-widget-text-editor\" data-id=\"89ba648\" data-element_type=\"widget\" data-widget_type=\"text-editor.default\">\n\t\t\t\t<div class=\"elementor-widget-container\">\n\t\t\t\t\t\t\t\t\t<h2><span style=\"font-family: arial, helvetica, sans-serif; font-size: 18pt;\"><strong>Des fonctionnalit\u00e9s compl\u00e9mentaires<\/strong><\/span><\/h2><h3><span style=\"font-family: arial, helvetica, sans-serif;\"><a href=\"https:\/\/www.youtube.com\/watch?v=uA8EAx6wgI8\" target=\"_blank\" rel=\"noopener\"><strong><span style=\"font-size: 14pt;\"><span style=\"font-size: 18pt;\">Tuto 4<\/span><\/span><\/strong><\/a><\/span><\/h3><ul><li><span style=\"font-size: 14pt; font-family: arial, helvetica, sans-serif;\">R\u00e9aliser un diaporama de mani\u00e8re automatique<\/span><\/li><li><span style=\"font-size: 14pt; font-family: arial, helvetica, sans-serif;\">Ajouter des ombres sur un titre ou un objet<\/span><\/li><li><span style=\"font-size: 14pt; font-family: arial, helvetica, sans-serif;\">Ins\u00e9rer des images vides pour cr\u00e9er des effets sp\u00e9ciaux<\/span><\/li><\/ul><h3><span style=\"font-family: arial, helvetica, sans-serif;\"><a href=\"https:\/\/www.youtube.com\/watch?v=yvIusgLr40U\" target=\"_blank\" rel=\"noopener\"><strong><span style=\"font-size: 14pt;\"><span style=\"font-size: 18pt;\">Tuto 5<\/span><\/span><\/strong><\/a><\/span><\/h3><ul><li><span style=\"font-size: 14pt; font-family: arial, helvetica, sans-serif;\">Cr\u00e9er des effets de mouvement sur des titres ou des objets.<\/span><\/li><li><span style=\"font-size: 14pt; font-family: arial, helvetica, sans-serif;\">Ins\u00e9rer une vid\u00e9o verticale dans une vid\u00e9o horizontale.<\/span><\/li><li><span style=\"font-size: 14pt; font-family: arial, helvetica, sans-serif;\">Animer une image dans un cadre (fa\u00e7on Harry Potter).<\/span><\/li><li><span style=\"font-size: 14pt; font-family: arial, helvetica, sans-serif;\">Faire fuir un texte vers l&#8217;horizon (fa\u00e7on g\u00e9n\u00e9rique de Star Wars).<\/span><\/li><\/ul><h3><span style=\"font-family: arial, helvetica, sans-serif;\"><a href=\"https:\/\/www.youtube.com\/watch?v=GUmHpvlLRA0\" target=\"_blank\" rel=\"noopener\"><strong><span style=\"font-size: 14pt;\"><span style=\"font-size: 18pt;\">Tuto 6<\/span><\/span><\/strong><\/a><\/span><\/h3><ul><li><span style=\"font-size: 14pt; font-family: arial, helvetica, sans-serif;\">Corriger les couleurs d&#8217;un film.<\/span><\/li><li><span style=\"font-size: 14pt; font-family: arial, helvetica, sans-serif;\">R\u00e9aliser des plans en acc\u00e9l\u00e9r\u00e9 ou en ralenti.<\/span><\/li><\/ul><h3><span style=\"font-family: arial, helvetica, sans-serif;\"><a href=\"https:\/\/www.youtube.com\/watch?v=icneSxaIAWQ\" target=\"_blank\" rel=\"noopener\"><strong><span style=\"font-size: 14pt;\"><span style=\"font-size: 18pt;\">Tuto 7<\/span><\/span><\/strong><\/a><\/span><\/h3><ul><li><span style=\"font-size: 14pt; font-family: arial, helvetica, sans-serif;\">Utiliser des masques pour cr\u00e9er un itin\u00e9raire<\/span><\/li><li><span style=\"font-size: 14pt; font-family: arial, helvetica, sans-serif;\">Positionner des lieux sur une carte.<\/span><\/li><\/ul><h3><span style=\"font-family: arial, helvetica, sans-serif;\"><a href=\"https:\/\/www.youtube.com\/watch?v=IuHfX7Rl2fg\" target=\"_blank\" rel=\"noopener\"><strong><span style=\"font-size: 14pt;\"><span style=\"font-size: 18pt;\">Tuto 8<\/span><\/span><\/strong><\/a><\/span><\/h3><ul><li><span style=\"font-size: 14pt; font-family: arial, helvetica, sans-serif;\">Positionner plusieurs photos verticales sur un \u00e9cran 16\/9 horizontal.<\/span><\/li><\/ul><h3><span style=\"font-family: arial, helvetica, sans-serif;\"><a href=\"https:\/\/youtu.be\/AWvhguh78YU\" target=\"_blank\" rel=\"noopener\"><strong><span style=\"font-size: 14pt;\"><span style=\"font-size: 18pt;\">Tuto 9<\/span><\/span><\/strong><\/a><\/span><\/h3><ul><li><span style=\"font-size: 14pt; font-family: arial, helvetica, sans-serif;\">Cr\u00e9er un circuit avec l&#8217;animation &#8220;Glaxnimate&#8221;.<\/span><\/li><\/ul><h3><span style=\"font-family: arial, helvetica, sans-serif;\"><a href=\"https:\/\/youtu.be\/GOoTT94dRCc\" target=\"_blank\" rel=\"noopener\"><strong><span style=\"font-size: 14pt;\"><span style=\"font-size: 18pt;\">Tuto 10<\/span><\/span><\/strong><\/a><\/span><\/h3><ul><li><span style=\"font-size: 14pt; font-family: arial, helvetica, sans-serif;\">L&#8217;interface de\u00a0 &#8220;Glaxnimate&#8221;. Agencement des fen\u00eatres et options des outils.<\/span><\/li><\/ul><h3><span style=\"font-family: arial, helvetica, sans-serif;\"><a href=\"https:\/\/www.youtube.com\/watch?v=mggVD11CHLg&amp;list=PLmzllqzo9-3HM-lAcJ0801XFkviHgsAA0&amp;index=11\" target=\"_blank\" rel=\"noopener\"><strong><span style=\"font-size: 14pt;\"><span style=\"font-size: 18pt;\">Tuto 11<\/span><\/span><\/strong><\/a><\/span><\/h3><ul><li><span style=\"font-size: 14pt; font-family: arial, helvetica, sans-serif;\">Animer plusieurs circuit avec &#8220;Glaxnimate&#8221;.<\/span><\/li><\/ul><h3><span style=\"font-family: arial, helvetica, sans-serif;\"><a href=\"https:\/\/youtu.be\/BNPnCZrF8uM\" target=\"_blank\" rel=\"noopener\"><strong><span style=\"font-size: 14pt;\"><span style=\"font-size: 18pt;\">Tuto 12<\/span><\/span><\/strong><\/a><\/span><\/h3><ul><li><span style=\"font-size: 14pt; font-family: arial, helvetica, sans-serif;\">D\u00e9placer et faire varier formes et couleurs avec &#8220;Glaxnimate&#8221;.<\/span><\/li><\/ul><h3><span style=\"font-family: arial, helvetica, sans-serif;\"><a href=\"https:\/\/youtu.be\/W_uYpRx0b5s?list=PLmzllqzo9-3HM-lAcJ0801XFkviHgsAA0\" target=\"_blank\" rel=\"noopener\"><strong><span style=\"font-size: 14pt;\"><span style=\"font-size: 18pt;\">Tuto 13<\/span><\/span><\/strong><\/a><\/span><\/h3><ul><li><span style=\"font-size: 14pt; font-family: arial, helvetica, sans-serif;\">Quand Shotcut flirte avec la Dande Dessin\u00e9e<\/span><\/li><\/ul><h3><span style=\"font-family: arial, helvetica, sans-serif;\"><a href=\"https:\/\/www.youtube.com\/watch?v=uj4iIzD704Y&amp;list=PLmzllqzo9-3HM-lAcJ0801XFkviHgsAA0&amp;index=14&amp;pp=gAQBiAQB\" target=\"_blank\" rel=\"noopener\"><strong><span style=\"font-size: 14pt;\"><span style=\"font-size: 18pt;\">Tuto 14<\/span><\/span><\/strong><\/a><\/span><\/h3><ul><li><span style=\"font-size: 14pt; font-family: arial, helvetica, sans-serif;\">D\u00e9placer des moyens de transport (avion, bateaux&#8230;) sur une carte<\/span><\/li><\/ul><h3><span style=\"font-family: arial, helvetica, sans-serif;\"><a href=\"https:\/\/www.youtube.com\/watch?v=caCSFAE5Org&amp;list=PLmzllqzo9-3HM-lAcJ0801XFkviHgsAA0&amp;index=15\" target=\"_blank\" rel=\"noopener\"><strong><span style=\"font-size: 14pt;\"><span style=\"font-size: 18pt;\">Tuto 15<\/span><\/span><\/strong><\/a><\/span><\/h3><ul><li><span style=\"font-size: 14pt; font-family: arial, helvetica, sans-serif;\">Comment incruster une vid\u00e9o dans une autre et comment faire d\u00e9filer un texte \u00e0 la fa\u00e7on g\u00e9n\u00e9rique de Star Wars.<\/span><\/li><\/ul><h3><a href=\"https:\/\/www.youtube.com\/watch?v=A4ZCsE365XE&amp;t=2s\"><span style=\"font-family: arial, helvetica, sans-serif;\"><strong><span style=\"font-size: 14pt;\"><span style=\"font-size: 18pt;\">Tuto 16<\/span><\/span><\/strong><\/span><\/a><\/h3><ul><li><span style=\"font-size: 14pt; font-family: arial, helvetica, sans-serif;\">A l&#8217;instar des livres photos, il est possible de simuler sur \u00e9cran un livre vid\u00e9o.<\/span><\/li><\/ul><h3><a href=\"https:\/\/www.youtube.com\/watch?v=A4ZCsE365XE&amp;t=2s\"><span style=\"font-family: arial, helvetica, sans-serif;\"><strong><span style=\"font-size: 14pt;\"><span style=\"font-size: 18pt;\">Tuto 17<\/span><\/span><\/strong><\/span><\/a><\/h3><ul><li><span style=\"font-family: arial, helvetica, sans-serif; font-size: 14pt;\">Esquisser le contour d&#8217;un objet ou d&#8217;un personnage avec Glaxnimate. <br \/>Faire en sorte qu&#8217;un texte s&#8217;\u00e9crive en suivant un chemin avec Glaxnimate.<\/span><\/li><\/ul><h3><a href=\"https:\/\/www.youtube.com\/watch?v=bhq68i8p8zw&amp;list=PLmzllqzo9-3HM-lAcJ0801XFkviHgsAA0&amp;index=18&amp;t=2s\" target=\"_blank\" rel=\"noopener\"><span style=\"font-family: arial, helvetica, sans-serif;\"><strong><span style=\"font-size: 14pt;\"><span style=\"font-size: 18pt;\">Tuto 18<\/span><\/span><\/strong><\/span><\/a><\/h3><ul><li><span style=\"font-family: arial, helvetica, sans-serif;\"><span style=\"font-size: 18.6667px;\">Faire tourner des vid\u00e9os sur un cube<\/span><\/span><\/li><\/ul><h3><a href=\"https:\/\/www.youtube.com\/watch?v=KG54-cWq6Oc&amp;list=PLmzllqzo9-3HM-lAcJ0801XFkviHgsAA0&amp;index=19&amp;t=77s\" target=\"_blank\" rel=\"noopener\"><span style=\"font-family: arial, helvetica, sans-serif;\"><strong><span style=\"font-size: 14pt;\"><span style=\"font-size: 18pt;\">Tuto 19<\/span><\/span><\/strong><\/span><\/a><\/h3><ul><li><span style=\"font-family: arial, helvetica, sans-serif;\"><span style=\"font-size: 18.6667px;\">Du nouveau dans le texte<\/span><\/span><\/li><\/ul>\t\t\t\t\t\t\t\t<\/div>\n\t\t\t\t<\/div>\n\t\t\t\t\t<\/div>\n\t\t<\/div>\n\t\t\t\t\t<\/div>\n\t\t<\/section>\n\t\t\t\t<\/div>\n\t\t","protected":false},"excerpt":{"rendered":"<p>Vous trouverez ci-dessous un listing de toutes les fonctionnalit\u00e9s que nous avons vu lors de nos s\u00e9ances de formation avec un lien vers les tutoriels correspondants mis \u00e0 votre disposition sur Youtube. Les fonctionnalit\u00e9s de bases Tuto 1 Enchainement d&#8217;images\u00a0 Recadrage Notion d&#8217;image-cl\u00e9 Transitions Fondus en ouverture et fermeture Tuto 2 Zoomer et d\u00e9zoomer sur &#8230; <a title=\"Les tutoriels de Shotcut\" class=\"read-more\" href=\"https:\/\/www.carrefour-numerique.org\/?page_id=6562\" aria-label=\"En savoir plus sur Les tutoriels de Shotcut\">Lire la suite<\/a><\/p>\n","protected":false},"author":487,"featured_media":0,"parent":0,"menu_order":0,"comment_status":"closed","ping_status":"closed","template":"","meta":{"inline_featured_image":false,"footnotes":""},"class_list":["post-6562","page","type-page","status-publish"],"_links":{"self":[{"href":"https:\/\/www.carrefour-numerique.org\/index.php?rest_route=\/wp\/v2\/pages\/6562","targetHints":{"allow":["GET"]}}],"collection":[{"href":"https:\/\/www.carrefour-numerique.org\/index.php?rest_route=\/wp\/v2\/pages"}],"about":[{"href":"https:\/\/www.carrefour-numerique.org\/index.php?rest_route=\/wp\/v2\/types\/page"}],"author":[{"embeddable":true,"href":"https:\/\/www.carrefour-numerique.org\/index.php?rest_route=\/wp\/v2\/users\/487"}],"replies":[{"embeddable":true,"href":"https:\/\/www.carrefour-numerique.org\/index.php?rest_route=%2Fwp%2Fv2%2Fcomments&post=6562"}],"version-history":[{"count":97,"href":"https:\/\/www.carrefour-numerique.org\/index.php?rest_route=\/wp\/v2\/pages\/6562\/revisions"}],"predecessor-version":[{"id":9315,"href":"https:\/\/www.carrefour-numerique.org\/index.php?rest_route=\/wp\/v2\/pages\/6562\/revisions\/9315"}],"wp:attachment":[{"href":"https:\/\/www.carrefour-numerique.org\/index.php?rest_route=%2Fwp%2Fv2%2Fmedia&parent=6562"}],"curies":[{"name":"wp","href":"https:\/\/api.w.org\/{rel}","templated":true}]}}