{"id":6124,"date":"2022-01-16T11:55:14","date_gmt":"2022-01-16T10:55:14","guid":{"rendered":"http:\/\/www.c-2i.org\/?page_id=6124"},"modified":"2024-09-23T11:05:05","modified_gmt":"2024-09-23T09:05:05","slug":"recherches-sur-internet","status":"publish","type":"page","link":"https:\/\/www.carrefour-numerique.org\/?page_id=6124","title":{"rendered":"Internet et les r\u00e9seaux sociaux"},"content":{"rendered":"\t\t<div data-elementor-type=\"wp-page\" data-elementor-id=\"6124\" class=\"elementor elementor-6124\">\n\t\t\t\t\t\t<section class=\"elementor-section elementor-top-section elementor-element elementor-element-038a697 elementor-section-boxed elementor-section-height-default elementor-section-height-default\" data-id=\"038a697\" data-element_type=\"section\" data-settings=\"{&quot;background_background&quot;:&quot;classic&quot;}\">\n\t\t\t\t\t\t\t<div class=\"elementor-background-overlay\"><\/div>\n\t\t\t\t\t\t\t<div class=\"elementor-container elementor-column-gap-default\">\n\t\t\t\t\t<div class=\"elementor-column elementor-col-100 elementor-top-column elementor-element elementor-element-746881b\" data-id=\"746881b\" data-element_type=\"column\">\n\t\t\t<div class=\"elementor-widget-wrap elementor-element-populated\">\n\t\t\t\t\t\t<div class=\"elementor-element elementor-element-88f443f elementor-widget elementor-widget-text-editor\" data-id=\"88f443f\" data-element_type=\"widget\" data-widget_type=\"text-editor.default\">\n\t\t\t\t<div class=\"elementor-widget-container\">\n\t\t\t\t\t\t\t\t\t<p><span style=\"font-size: 24pt; color: #e0e0e0;\"><strong><span style=\"font-family: tahoma, arial, helvetica, sans-serif;\">Cette formation s&#8217;articule autour de plusieurs sessions annuelles :<\/span><\/strong><\/span><\/p><ul style=\"list-style-type: disc;\"><li><span style=\"color: #e0e0e0;\"><strong style=\"font-size: 18pt;\"><span style=\"font-family: tahoma, arial, helvetica, sans-serif;\">Une session pour apprendre \u00e0 r\u00e9aliser des recherches sur Internet sous Windows<br \/><\/span><\/strong><\/span><em style=\"color: #e0e0e0; font-family: tahoma, arial, helvetica, sans-serif;\"><span style=\"font-size: 14pt;\">Nous apprendrons \u00e0 g\u00e9rer la messagerie, \u00e0 ma\u00eetriser la navigation sur les sites Internet essentiels \u00e0 la vie quotidienne, \u00e0 \u00e9viter les pi\u00e8ges du Net pour une navigation en toute s\u00e9curit\u00e9.<\/span><\/em><\/li><\/ul><ul><li><span style=\"color: #e0e0e0;\"><strong><span style=\"font-family: tahoma, arial, helvetica, sans-serif;\"><span style=\"font-size: 14pt;\"><span style=\"font-size: 18pt;\">Trois sessions &#8220;trimestrielles&#8221; pour d\u00e9couvrir et utiliser les r\u00e9seaux sociaux<\/span><\/span><\/span><\/strong><\/span><br \/><h3><span style=\"font-family: tahoma, arial, helvetica, sans-serif; color: #e0e0e0;\"><em><span style=\"font-size: 14pt;\">Nous d\u00e9couvrirons ensemble et testerons l\u2019acc\u00e8s aux r\u00e9seaux usuels : FACEBOOK, TWITTER, INSTAGRAM, LINKEDIN, REDDIT&#8230;\u00a0<br \/>Chaque session s&#8217;\u00e9talera sur 8 \u00e0 10 s\u00e9ances.<\/span><\/em><\/span><\/h3><\/li><\/ul>\t\t\t\t\t\t\t\t<\/div>\n\t\t\t\t<\/div>\n\t\t\t\t\t<\/div>\n\t\t<\/div>\n\t\t\t\t\t<\/div>\n\t\t<\/section>\n\t\t\t\t<section class=\"elementor-section elementor-top-section elementor-element elementor-element-dc57f8a elementor-section-boxed elementor-section-height-default elementor-section-height-default\" data-id=\"dc57f8a\" data-element_type=\"section\">\n\t\t\t\t\t\t<div class=\"elementor-container elementor-column-gap-default\">\n\t\t\t\t\t<div class=\"elementor-column elementor-col-100 elementor-top-column elementor-element elementor-element-572db03\" data-id=\"572db03\" data-element_type=\"column\">\n\t\t\t<div class=\"elementor-widget-wrap elementor-element-populated\">\n\t\t\t\t\t\t<div class=\"elementor-element elementor-element-6720f07 elementor-widget elementor-widget-spacer\" data-id=\"6720f07\" data-element_type=\"widget\" data-widget_type=\"spacer.default\">\n\t\t\t\t<div class=\"elementor-widget-container\">\n\t\t\t\t\t\t\t<div class=\"elementor-spacer\">\n\t\t\t<div class=\"elementor-spacer-inner\"><\/div>\n\t\t<\/div>\n\t\t\t\t\t\t<\/div>\n\t\t\t\t<\/div>\n\t\t\t\t\t<\/div>\n\t\t<\/div>\n\t\t\t\t\t<\/div>\n\t\t<\/section>\n\t\t\t\t<section class=\"elementor-section elementor-top-section elementor-element elementor-element-4f7821e elementor-section-boxed elementor-section-height-default elementor-section-height-default\" data-id=\"4f7821e\" data-element_type=\"section\">\n\t\t\t\t\t\t<div class=\"elementor-container elementor-column-gap-default\">\n\t\t\t\t\t<div class=\"elementor-column elementor-col-50 elementor-top-column elementor-element elementor-element-b4bee63\" data-id=\"b4bee63\" data-element_type=\"column\">\n\t\t\t<div class=\"elementor-widget-wrap elementor-element-populated\">\n\t\t\t\t\t\t<div class=\"elementor-element elementor-element-753b1cb elementor-widget elementor-widget-text-editor\" data-id=\"753b1cb\" data-element_type=\"widget\" data-widget_type=\"text-editor.default\">\n\t\t\t\t<div class=\"elementor-widget-container\">\n\t\t\t\t\t\t\t\t\t<h2><span style=\"font-family: arial, helvetica, sans-serif;\"><strong><span style=\"font-size: 18pt;\">R\u00e9aliser des recherches sur Internet\u00a0<\/span><\/strong><\/span><\/h2><p style=\"text-align: left;\"><span style=\"font-family: arial, helvetica, sans-serif;\"><em><span style=\"font-size: 14pt;\"><span style=\"font-size: 14pt;\">Nous explorerons des d\u00e9marches m\u00e9thodologiques pour g\u00e9rer son ordinateur avec Windows 10, pour g\u00e9rer ses messageries, pour classer ses fichiers&#8230;\u00a0 <\/span><br \/><span style=\"font-size: 14pt;\">Nous apprendrons \u00e0 ma\u00eetriser la navigation sur les sites Internet essentiels \u00e0 la vie quotidienne en \u00e9vitant les pi\u00e8ges trop <\/span><span style=\"font-size: 18.6667px;\">rependus<\/span><span style=\"font-size: 14pt;\">\u00a0sur le Net.<\/span><\/span><\/em><\/span><\/p>\t\t\t\t\t\t\t\t<\/div>\n\t\t\t\t<\/div>\n\t\t\t\t\t<\/div>\n\t\t<\/div>\n\t\t\t\t<div class=\"elementor-column elementor-col-50 elementor-top-column elementor-element elementor-element-99c740c\" data-id=\"99c740c\" data-element_type=\"column\">\n\t\t\t<div class=\"elementor-widget-wrap elementor-element-populated\">\n\t\t\t\t\t\t<div class=\"elementor-element elementor-element-db2654d elementor-widget elementor-widget-image\" data-id=\"db2654d\" data-element_type=\"widget\" data-widget_type=\"image.default\">\n\t\t\t\t<div class=\"elementor-widget-container\">\n\t\t\t\t\t\t\t\t\t\t\t\t\t\t\t<img fetchpriority=\"high\" decoding=\"async\" width=\"372\" height=\"136\" src=\"https:\/\/www.carrefour-numerique.org\/wp-content\/uploads\/2023\/06\/logos-navigateurs.png\" class=\"attachment-large size-large wp-image-7642\" alt=\"\" srcset=\"https:\/\/www.carrefour-numerique.org\/wp-content\/uploads\/2023\/06\/logos-navigateurs.png 372w, https:\/\/www.carrefour-numerique.org\/wp-content\/uploads\/2023\/06\/logos-navigateurs-300x110.png 300w\" sizes=\"(max-width: 372px) 100vw, 372px\" \/>\t\t\t\t\t\t\t\t\t\t\t\t\t\t\t<\/div>\n\t\t\t\t<\/div>\n\t\t\t\t\t<\/div>\n\t\t<\/div>\n\t\t\t\t\t<\/div>\n\t\t<\/section>\n\t\t\t\t<section class=\"elementor-section elementor-top-section elementor-element elementor-element-b4a1d60 elementor-section-boxed elementor-section-height-default elementor-section-height-default\" data-id=\"b4a1d60\" data-element_type=\"section\">\n\t\t\t\t\t\t<div class=\"elementor-container elementor-column-gap-default\">\n\t\t\t\t\t<div class=\"elementor-column elementor-col-66 elementor-top-column elementor-element elementor-element-013e4ee\" data-id=\"013e4ee\" data-element_type=\"column\">\n\t\t\t<div class=\"elementor-widget-wrap elementor-element-populated\">\n\t\t\t\t\t\t<div class=\"elementor-element elementor-element-8419ced elementor-widget elementor-widget-text-editor\" data-id=\"8419ced\" data-element_type=\"widget\" data-widget_type=\"text-editor.default\">\n\t\t\t\t<div class=\"elementor-widget-container\">\n\t\t\t\t\t\t\t\t\t<h2><span style=\"font-family: arial, helvetica, sans-serif;\"><strong><span style=\"font-size: 18pt;\">D\u00e9couvrir les r\u00e9seaux sociaux<\/span><\/strong><\/span><\/h2><ul><li><span style=\"font-family: arial, helvetica, sans-serif;\"><span style=\"font-size: 14pt;\">Vous \u00eates curieux et souhaitez d\u00e9couvrir ce nouveau mode d\u2019\u00e9change.<\/span><\/span><\/li><li><span style=\"font-family: arial, helvetica, sans-serif;\"><span style=\"font-size: 14pt;\">Vous \u00eates totalement novice ou vous avez d\u00e9j\u00e0 utilis\u00e9 un ou plusieurs r\u00e9seaux sociaux.<\/span><\/span><\/li><li><span style=\"font-family: arial, helvetica, sans-serif;\"><span style=\"font-size: 14pt;\">Apportez votre ordi, tablette ou smartphone, n\u2019oubliez pas vos identifiants de messageries et les mots de passe associ\u00e9s et venez nous rejoindre.<\/span><\/span><\/li><\/ul>\t\t\t\t\t\t\t\t<\/div>\n\t\t\t\t<\/div>\n\t\t\t\t\t<\/div>\n\t\t<\/div>\n\t\t\t\t<div class=\"elementor-column elementor-col-33 elementor-top-column elementor-element elementor-element-99ecea3\" data-id=\"99ecea3\" data-element_type=\"column\">\n\t\t\t<div class=\"elementor-widget-wrap elementor-element-populated\">\n\t\t\t\t\t\t<div class=\"elementor-element elementor-element-30b7705 elementor-widget elementor-widget-image\" data-id=\"30b7705\" data-element_type=\"widget\" data-widget_type=\"image.default\">\n\t\t\t\t<div class=\"elementor-widget-container\">\n\t\t\t\t\t\t\t\t\t\t\t\t\t\t\t<img decoding=\"async\" width=\"640\" height=\"426\" src=\"https:\/\/www.carrefour-numerique.org\/wp-content\/uploads\/2022\/03\/reseaux-sociaux.jpg\" class=\"attachment-large size-large wp-image-6680\" alt=\"\" srcset=\"https:\/\/www.carrefour-numerique.org\/wp-content\/uploads\/2022\/03\/reseaux-sociaux.jpg 640w, https:\/\/www.carrefour-numerique.org\/wp-content\/uploads\/2022\/03\/reseaux-sociaux-300x200.jpg 300w\" sizes=\"(max-width: 640px) 100vw, 640px\" \/>\t\t\t\t\t\t\t\t\t\t\t\t\t\t\t<\/div>\n\t\t\t\t<\/div>\n\t\t\t\t\t<\/div>\n\t\t<\/div>\n\t\t\t\t\t<\/div>\n\t\t<\/section>\n\t\t\t\t<section class=\"elementor-section elementor-top-section elementor-element elementor-element-b1d88c5 elementor-section-boxed elementor-section-height-default elementor-section-height-default\" data-id=\"b1d88c5\" data-element_type=\"section\">\n\t\t\t\t\t\t<div class=\"elementor-container elementor-column-gap-default\">\n\t\t\t\t\t<div class=\"elementor-column elementor-col-100 elementor-top-column elementor-element elementor-element-0d7e2db\" data-id=\"0d7e2db\" data-element_type=\"column\">\n\t\t\t<div class=\"elementor-widget-wrap elementor-element-populated\">\n\t\t\t\t\t\t<div class=\"elementor-element elementor-element-f1a5f69 elementor-widget elementor-widget-text-editor\" data-id=\"f1a5f69\" data-element_type=\"widget\" data-widget_type=\"text-editor.default\">\n\t\t\t\t<div class=\"elementor-widget-container\">\n\t\t\t\t\t\t\t\t\t<h3><span style=\"font-size: 18pt; font-family: arial, helvetica, sans-serif;\"><strong>Cette session s&#8217;\u00e9talera sur 8 \u00e0 10 s\u00e9ances<\/strong><\/span><\/h3><p><strong><span style=\"font-family: arial, helvetica, sans-serif;\"><span style=\"font-size: 14pt;\">En fonction du nombre de demandes nous pourrons renouveler la session une ou deux fois dans l&#8217;ann\u00e9e. Pensez \u00e0 consulter r\u00e9guli\u00e8rement le <a href=\"\/?page_id=570(ouvre un nouvel onglet)\">planning<\/a> pour vous inscrire, \u00e9ventuellement, sur un autre groupe.<\/span><\/span><\/strong><\/p><ul><li><span style=\"font-family: arial, helvetica, sans-serif;\"><span style=\"font-size: 14pt;\">Nous d\u00e9couvrirons ensemble et testerons l\u2019acc\u00e8s aux r\u00e9seaux usuels : FACEBOOK, <span style=\"color: #000000;\">TWITTER, INSTAGRAM, LINKEDIN, REDDIT&#8230; (<\/span><span style=\"color: #000000;\">suivant le<\/span><span style=\"color: #000000;\"> choix de cha<\/span><span style=\"color: #000000;\">cun)<\/span><\/span><\/span><\/li><li><span style=\"font-family: arial, helvetica, sans-serif;\"><span style=\"font-size: 14pt;\"><span style=\"color: #000000;\">Nous apprendrons \u00e0 utiliser les messageries telles que WhatsApp, Messenger&#8230;<\/span><\/span><\/span><\/li><li><span style=\"font-family: arial, helvetica, sans-serif;\"><span style=\"color: #000000; font-size: 14pt;\">Nous d\u00e9couvrirons leurs modes de fonctionnement et les risques associ\u00e9s.<\/span><\/span><\/li><li><span style=\"font-family: arial, helvetica, sans-serif;\"><span style=\"color: #000000; font-size: 14pt;\">Nous apprendrons \u00e0 utiliser les outils de Vente\/Achat en ligne associ\u00e9s \u00e0 ces messageries.<\/span><\/span><\/li><\/ul><p><span style=\"font-family: arial, helvetica, sans-serif;\"><span style=\"color: #000000; font-size: 14pt;\">L\u2019objectif est aussi de partager nos exp\u00e9riences respectives et de discuter de l\u2019usage et des avantages de chaque r\u00e9seau.<\/span><\/span><\/p>\t\t\t\t\t\t\t\t<\/div>\n\t\t\t\t<\/div>\n\t\t\t\t\t<\/div>\n\t\t<\/div>\n\t\t\t\t\t<\/div>\n\t\t<\/section>\n\t\t\t\t<\/div>\n\t\t","protected":false},"excerpt":{"rendered":"<p>Cette formation s&#8217;articule autour de plusieurs sessions annuelles : Une session pour apprendre \u00e0 r\u00e9aliser des recherches sur Internet sous WindowsNous apprendrons \u00e0 g\u00e9rer la messagerie, \u00e0 ma\u00eetriser la navigation sur les sites Internet essentiels \u00e0 la vie quotidienne, \u00e0 \u00e9viter les pi\u00e8ges du Net pour une navigation en toute s\u00e9curit\u00e9. Trois sessions &#8220;trimestrielles&#8221; pour &#8230; <a title=\"Internet et les r\u00e9seaux sociaux\" class=\"read-more\" href=\"https:\/\/www.carrefour-numerique.org\/?page_id=6124\" aria-label=\"En savoir plus sur Internet et les r\u00e9seaux sociaux\">Lire la suite<\/a><\/p>\n","protected":false},"author":487,"featured_media":0,"parent":0,"menu_order":0,"comment_status":"closed","ping_status":"closed","template":"","meta":{"inline_featured_image":false,"footnotes":""},"class_list":["post-6124","page","type-page","status-publish"],"_links":{"self":[{"href":"https:\/\/www.carrefour-numerique.org\/index.php?rest_route=\/wp\/v2\/pages\/6124","targetHints":{"allow":["GET"]}}],"collection":[{"href":"https:\/\/www.carrefour-numerique.org\/index.php?rest_route=\/wp\/v2\/pages"}],"about":[{"href":"https:\/\/www.carrefour-numerique.org\/index.php?rest_route=\/wp\/v2\/types\/page"}],"author":[{"embeddable":true,"href":"https:\/\/www.carrefour-numerique.org\/index.php?rest_route=\/wp\/v2\/users\/487"}],"replies":[{"embeddable":true,"href":"https:\/\/www.carrefour-numerique.org\/index.php?rest_route=%2Fwp%2Fv2%2Fcomments&post=6124"}],"version-history":[{"count":50,"href":"https:\/\/www.carrefour-numerique.org\/index.php?rest_route=\/wp\/v2\/pages\/6124\/revisions"}],"predecessor-version":[{"id":8755,"href":"https:\/\/www.carrefour-numerique.org\/index.php?rest_route=\/wp\/v2\/pages\/6124\/revisions\/8755"}],"wp:attachment":[{"href":"https:\/\/www.carrefour-numerique.org\/index.php?rest_route=%2Fwp%2Fv2%2Fmedia&parent=6124"}],"curies":[{"name":"wp","href":"https:\/\/api.w.org\/{rel}","templated":true}]}}