{"id":5444,"date":"2022-01-10T17:33:44","date_gmt":"2022-01-10T16:33:44","guid":{"rendered":"http:\/\/www.c-2i.org\/?page_id=5444"},"modified":"2026-05-02T11:17:34","modified_gmt":"2026-05-02T09:17:34","slug":"accueil-2","status":"publish","type":"page","link":"https:\/\/www.carrefour-numerique.org\/","title":{"rendered":"Accueil"},"content":{"rendered":"\t\t<div data-elementor-type=\"wp-page\" data-elementor-id=\"5444\" class=\"elementor elementor-5444\">\n\t\t\t\t\t\t<section class=\"elementor-section elementor-top-section elementor-element elementor-element-03a1ae3 elementor-section-boxed elementor-section-height-default elementor-section-height-default\" data-id=\"03a1ae3\" data-element_type=\"section\">\n\t\t\t\t\t\t<div class=\"elementor-container elementor-column-gap-default\">\n\t\t\t\t\t<div class=\"elementor-column elementor-col-100 elementor-top-column elementor-element elementor-element-3191172\" data-id=\"3191172\" data-element_type=\"column\">\n\t\t\t<div class=\"elementor-widget-wrap elementor-element-populated\">\n\t\t\t\t\t\t<div class=\"elementor-element elementor-element-48118dd elementor-widget-divider--view-line elementor-widget elementor-widget-divider\" data-id=\"48118dd\" data-element_type=\"widget\" data-widget_type=\"divider.default\">\n\t\t\t\t<div class=\"elementor-widget-container\">\n\t\t\t\t\t\t\t<div class=\"elementor-divider\">\n\t\t\t<span class=\"elementor-divider-separator\">\n\t\t\t\t\t\t<\/span>\n\t\t<\/div>\n\t\t\t\t\t\t<\/div>\n\t\t\t\t<\/div>\n\t\t\t\t\t<\/div>\n\t\t<\/div>\n\t\t\t\t\t<\/div>\n\t\t<\/section>\n\t\t\t\t<section class=\"elementor-section elementor-top-section elementor-element elementor-element-3cc2a09 elementor-section-boxed elementor-section-height-default elementor-section-height-default\" data-id=\"3cc2a09\" data-element_type=\"section\">\n\t\t\t\t\t\t<div class=\"elementor-container elementor-column-gap-default\">\n\t\t\t\t\t<div class=\"elementor-column elementor-col-50 elementor-top-column elementor-element elementor-element-9d64c7d\" data-id=\"9d64c7d\" data-element_type=\"column\">\n\t\t\t<div class=\"elementor-widget-wrap elementor-element-populated\">\n\t\t\t\t\t\t<div class=\"elementor-element elementor-element-3ee36fe elementor-widget elementor-widget-image\" data-id=\"3ee36fe\" data-element_type=\"widget\" data-widget_type=\"image.default\">\n\t\t\t\t<div class=\"elementor-widget-container\">\n\t\t\t\t\t\t\t\t\t\t\t\t\t\t\t\t<a href=\"https:\/\/festival.carrefour-numerique.org\/\">\n\t\t\t\t\t\t\t<img decoding=\"async\" src=\"https:\/\/www.carrefour-numerique.org\/wp-content\/uploads\/elementor\/thumbs\/2026-festival-du-numerique-affiche-a4-verticale-v04-1600x2263-1-rivh6mej985wipl1i3asq6qpdyd5n9389ytrae80co.jpg\" title=\"2026-festival-du-numerique-affiche-a4-verticale-v04-1600&#215;2263-1\" alt=\"2026-festival-du-numerique-affiche-a4-verticale-v04-1600x2263-1\" loading=\"lazy\" \/>\t\t\t\t\t\t\t\t<\/a>\n\t\t\t\t\t\t\t\t\t\t\t\t\t\t\t<\/div>\n\t\t\t\t<\/div>\n\t\t\t\t\t<\/div>\n\t\t<\/div>\n\t\t\t\t<div class=\"elementor-column elementor-col-50 elementor-top-column elementor-element elementor-element-28c1ee3\" data-id=\"28c1ee3\" data-element_type=\"column\">\n\t\t\t<div class=\"elementor-widget-wrap elementor-element-populated\">\n\t\t\t\t\t\t<div class=\"elementor-element elementor-element-8261c4a elementor-widget elementor-widget-text-editor\" data-id=\"8261c4a\" data-element_type=\"widget\" data-widget_type=\"text-editor.default\">\n\t\t\t\t<div class=\"elementor-widget-container\">\n\t\t\t\t\t\t\t\t\t<p><span style=\"font-family: arial, helvetica, sans-serif; font-size: 18pt;\"><span style=\"font-family: helvetica, arial, sans-serif;\"><span style=\"white-space-collapse: preserve;\"><span style=\"font-size: 14pt;\">Vous n&#8217;avez pas pu assister \u00e0 toutes les conf\u00e9rences lors du festival, ou vous souhaitez les revoir,<\/span> <br \/><a href=\"https:\/\/www.carrefour-numerique.org\/?page_id=2235\"><strong>Pas de probl\u00e8mes, elles sont l\u00e0<\/strong>&#8230;<\/a><\/span><\/span><\/span><\/p>\t\t\t\t\t\t\t\t<\/div>\n\t\t\t\t<\/div>\n\t\t\t\t\t<\/div>\n\t\t<\/div>\n\t\t\t\t\t<\/div>\n\t\t<\/section>\n\t\t\t\t<section class=\"elementor-section elementor-top-section elementor-element elementor-element-7897902 elementor-section-boxed elementor-section-height-default elementor-section-height-default\" data-id=\"7897902\" data-element_type=\"section\">\n\t\t\t\t\t\t<div class=\"elementor-container elementor-column-gap-default\">\n\t\t\t\t\t<div class=\"elementor-column elementor-col-100 elementor-top-column elementor-element elementor-element-4d61db2\" data-id=\"4d61db2\" data-element_type=\"column\">\n\t\t\t<div class=\"elementor-widget-wrap elementor-element-populated\">\n\t\t\t\t\t\t<div class=\"elementor-element elementor-element-5b66965 elementor-widget-divider--view-line elementor-widget elementor-widget-divider\" data-id=\"5b66965\" data-element_type=\"widget\" data-widget_type=\"divider.default\">\n\t\t\t\t<div class=\"elementor-widget-container\">\n\t\t\t\t\t\t\t<div class=\"elementor-divider\">\n\t\t\t<span class=\"elementor-divider-separator\">\n\t\t\t\t\t\t<\/span>\n\t\t<\/div>\n\t\t\t\t\t\t<\/div>\n\t\t\t\t<\/div>\n\t\t\t\t\t<\/div>\n\t\t<\/div>\n\t\t\t\t\t<\/div>\n\t\t<\/section>\n\t\t\t\t<section class=\"elementor-section elementor-top-section elementor-element elementor-element-2d107a9 elementor-section-boxed elementor-section-height-default elementor-section-height-default\" data-id=\"2d107a9\" data-element_type=\"section\">\n\t\t\t\t\t\t<div class=\"elementor-container elementor-column-gap-default\">\n\t\t\t\t\t<div class=\"elementor-column elementor-col-100 elementor-top-column elementor-element elementor-element-f673964\" data-id=\"f673964\" data-element_type=\"column\">\n\t\t\t<div class=\"elementor-widget-wrap elementor-element-populated\">\n\t\t\t\t\t\t<div class=\"elementor-element elementor-element-8c7d335 elementor-widget elementor-widget-text-editor\" data-id=\"8c7d335\" data-element_type=\"widget\" data-widget_type=\"text-editor.default\">\n\t\t\t\t<div class=\"elementor-widget-container\">\n\t\t\t\t\t\t\t\t\t<p style=\"text-align: justify;\"><span style=\"font-family: helvetica, arial, sans-serif;\"><span style=\"font-size: 14pt;\">Notre association cr\u00e9\u00e9e en 2010 pour initier les usagers aux outils informatiques de l\u2019\u00e9poque se doit d\u2019\u00e9voluer avec son temps. Aujourd\u2019hui le num\u00e9rique recouvre un champ beaucoup plus vaste que l\u2019informatique d\u2019il y a 15 ans. Face \u00e0 ces changements, notre association se voit comme un point de rencontre o\u00f9 convergent les techniques et les id\u00e9es nouvelles li\u00e9es \u00e0 l\u2019usage de plus en plus pr\u00e9sent du num\u00e9rique dans notre vie quotidienne.<\/span><\/span><\/p>\n<p style=\"text-align: justify;\"><span style=\"font-family: helvetica, arial, sans-serif;\"><span style=\"font-size: 18.6667px;\">Avec le Fablab de nouvelles activit\u00e9s viennent compl\u00e9ter les ateliers existants. De nouveaux locaux, au sein du Village associatif, sont mis \u00e0 notre disposition : <strong>salle Houat pour le Fablab<\/strong>, <strong>salle Ho\u00ebdic pour l&#8217;informatique<\/strong>. <\/span><\/span><\/p>\n<p><!-- \/wp:tadv\/classic-paragraph --><\/p>\n<p style=\"text-align: justify;\"><span style=\"font-family: helvetica, arial, sans-serif;\"><span style=\"font-size: 18.6667px;\">Les plannings ci-dessous vous donnent les horaires d&#8217;ouverture.<\/span><\/span><\/p>\t\t\t\t\t\t\t\t<\/div>\n\t\t\t\t<\/div>\n\t\t\t\t\t<\/div>\n\t\t<\/div>\n\t\t\t\t\t<\/div>\n\t\t<\/section>\n\t\t\t\t<section class=\"elementor-section elementor-top-section elementor-element elementor-element-2ef2650 elementor-section-boxed elementor-section-height-default elementor-section-height-default\" data-id=\"2ef2650\" data-element_type=\"section\">\n\t\t\t\t\t\t<div class=\"elementor-container elementor-column-gap-default\">\n\t\t\t\t\t<div class=\"elementor-column elementor-col-100 elementor-top-column elementor-element elementor-element-b6f8bd5\" data-id=\"b6f8bd5\" data-element_type=\"column\">\n\t\t\t<div class=\"elementor-widget-wrap elementor-element-populated\">\n\t\t\t\t\t\t<div class=\"elementor-element elementor-element-deaeccc elementor-widget elementor-widget-image\" data-id=\"deaeccc\" data-element_type=\"widget\" data-widget_type=\"image.default\">\n\t\t\t\t<div class=\"elementor-widget-container\">\n\t\t\t\t\t\t\t\t\t\t\t\t\t\t\t<img fetchpriority=\"high\" decoding=\"async\" width=\"1024\" height=\"283\" src=\"https:\/\/www.carrefour-numerique.org\/wp-content\/uploads\/2024\/09\/village-associatif-3-1024x283.jpg\" class=\"attachment-large size-large wp-image-8632\" alt=\"\" srcset=\"https:\/\/www.carrefour-numerique.org\/wp-content\/uploads\/2024\/09\/village-associatif-3-1024x283.jpg 1024w, https:\/\/www.carrefour-numerique.org\/wp-content\/uploads\/2024\/09\/village-associatif-3-300x83.jpg 300w, https:\/\/www.carrefour-numerique.org\/wp-content\/uploads\/2024\/09\/village-associatif-3-768x212.jpg 768w, https:\/\/www.carrefour-numerique.org\/wp-content\/uploads\/2024\/09\/village-associatif-3-1536x425.jpg 1536w, https:\/\/www.carrefour-numerique.org\/wp-content\/uploads\/2024\/09\/village-associatif-3-2048x566.jpg 2048w\" sizes=\"(max-width: 1024px) 100vw, 1024px\" \/>\t\t\t\t\t\t\t\t\t\t\t\t\t\t\t<\/div>\n\t\t\t\t<\/div>\n\t\t\t\t\t<\/div>\n\t\t<\/div>\n\t\t\t\t\t<\/div>\n\t\t<\/section>\n\t\t\t\t<section class=\"elementor-section elementor-top-section elementor-element elementor-element-6906c72 elementor-section-boxed elementor-section-height-default elementor-section-height-default\" data-id=\"6906c72\" data-element_type=\"section\">\n\t\t\t\t\t\t<div class=\"elementor-container elementor-column-gap-default\">\n\t\t\t\t\t<div class=\"elementor-column elementor-col-50 elementor-top-column elementor-element elementor-element-923748a\" data-id=\"923748a\" data-element_type=\"column\">\n\t\t\t<div class=\"elementor-widget-wrap elementor-element-populated\">\n\t\t\t\t\t\t<div class=\"elementor-element elementor-element-82cca8d elementor-align-center elementor-widget elementor-widget-button\" data-id=\"82cca8d\" data-element_type=\"widget\" data-widget_type=\"button.default\">\n\t\t\t\t<div class=\"elementor-widget-container\">\n\t\t\t\t\t\t\t\t\t<div class=\"elementor-button-wrapper\">\n\t\t\t\t\t<a class=\"elementor-button elementor-button-link elementor-size-md\" href=\"https:\/\/www.carrefour-numerique.org\/?page_id=8171\">\n\t\t\t\t\t\t<span class=\"elementor-button-content-wrapper\">\n\t\t\t\t\t\t\t\t\t<span class=\"elementor-button-text\">Planning Fablab<\/span>\n\t\t\t\t\t<\/span>\n\t\t\t\t\t<\/a>\n\t\t\t\t<\/div>\n\t\t\t\t\t\t\t\t<\/div>\n\t\t\t\t<\/div>\n\t\t\t\t<div class=\"elementor-element elementor-element-c0db4d2 elementor-widget elementor-widget-text-editor\" data-id=\"c0db4d2\" data-element_type=\"widget\" data-widget_type=\"text-editor.default\">\n\t\t\t\t<div class=\"elementor-widget-container\">\n\t\t\t\t\t\t\t\t\t<p style=\"text-align: center;\"><a style=\"font-family: var( --e-global-typography-text-font-family ), Sans-serif; font-weight: var( --e-global-typography-text-font-weight ); background-color: var(--base-2);\" href=\"https:\/\/www.carrefour-numerique.org\/?page_id=8668\">Contacter le Fablab<\/a><\/p>\t\t\t\t\t\t\t\t<\/div>\n\t\t\t\t<\/div>\n\t\t\t\t\t<\/div>\n\t\t<\/div>\n\t\t\t\t<div class=\"elementor-column elementor-col-50 elementor-top-column elementor-element elementor-element-289439a\" data-id=\"289439a\" data-element_type=\"column\">\n\t\t\t<div class=\"elementor-widget-wrap elementor-element-populated\">\n\t\t\t\t\t\t<div class=\"elementor-element elementor-element-983cf40 elementor-align-center elementor-widget elementor-widget-button\" data-id=\"983cf40\" data-element_type=\"widget\" data-widget_type=\"button.default\">\n\t\t\t\t<div class=\"elementor-widget-container\">\n\t\t\t\t\t\t\t\t\t<div class=\"elementor-button-wrapper\">\n\t\t\t\t\t<a class=\"elementor-button elementor-button-link elementor-size-md\" href=\"https:\/\/www.carrefour-numerique.org\/?page_id=570\">\n\t\t\t\t\t\t<span class=\"elementor-button-content-wrapper\">\n\t\t\t\t\t\t\t\t\t<span class=\"elementor-button-text\">Planning Informatique<\/span>\n\t\t\t\t\t<\/span>\n\t\t\t\t\t<\/a>\n\t\t\t\t<\/div>\n\t\t\t\t\t\t\t\t<\/div>\n\t\t\t\t<\/div>\n\t\t\t\t<div class=\"elementor-element elementor-element-bc4206d elementor-widget elementor-widget-text-editor\" data-id=\"bc4206d\" data-element_type=\"widget\" data-widget_type=\"text-editor.default\">\n\t\t\t\t<div class=\"elementor-widget-container\">\n\t\t\t\t\t\t\t\t\t<p style=\"text-align: center;\"><a href=\"https:\/\/www.carrefour-numerique.org\/?page_id=112\">Contacter le Carrefour Num\u00e9rique<\/a><\/p>\t\t\t\t\t\t\t\t<\/div>\n\t\t\t\t<\/div>\n\t\t\t\t\t<\/div>\n\t\t<\/div>\n\t\t\t\t\t<\/div>\n\t\t<\/section>\n\t\t\t\t<section class=\"elementor-section elementor-top-section elementor-element elementor-element-ac6825b elementor-section-boxed elementor-section-height-default elementor-section-height-default\" data-id=\"ac6825b\" data-element_type=\"section\">\n\t\t\t\t\t\t<div class=\"elementor-container elementor-column-gap-default\">\n\t\t\t\t\t<div class=\"elementor-column elementor-col-100 elementor-top-column elementor-element elementor-element-5187d0e\" data-id=\"5187d0e\" data-element_type=\"column\">\n\t\t\t<div class=\"elementor-widget-wrap elementor-element-populated\">\n\t\t\t\t\t\t<div class=\"elementor-element elementor-element-763ac45 elementor-widget-divider--view-line elementor-widget elementor-widget-divider\" data-id=\"763ac45\" data-element_type=\"widget\" data-widget_type=\"divider.default\">\n\t\t\t\t<div class=\"elementor-widget-container\">\n\t\t\t\t\t\t\t<div class=\"elementor-divider\">\n\t\t\t<span class=\"elementor-divider-separator\">\n\t\t\t\t\t\t<\/span>\n\t\t<\/div>\n\t\t\t\t\t\t<\/div>\n\t\t\t\t<\/div>\n\t\t\t\t<div class=\"elementor-element elementor-element-39adffe elementor-widget elementor-widget-text-editor\" data-id=\"39adffe\" data-element_type=\"widget\" data-widget_type=\"text-editor.default\">\n\t\t\t\t<div class=\"elementor-widget-container\">\n\t\t\t\t\t\t\t\t\t<h2 style=\"text-align: center;\"><strong><span style=\"font-family: tahoma, arial, helvetica, sans-serif; font-size: 18pt;\">Nos partenaires<\/span><\/strong><\/h2>\t\t\t\t\t\t\t\t<\/div>\n\t\t\t\t<\/div>\n\t\t\t\t\t<\/div>\n\t\t<\/div>\n\t\t\t\t\t<\/div>\n\t\t<\/section>\n\t\t\t\t<section class=\"elementor-section elementor-top-section elementor-element elementor-element-82e6902 elementor-section-boxed elementor-section-height-default elementor-section-height-default\" data-id=\"82e6902\" data-element_type=\"section\">\n\t\t\t\t\t\t<div class=\"elementor-container elementor-column-gap-default\">\n\t\t\t\t\t<div class=\"elementor-column elementor-col-100 elementor-top-column elementor-element elementor-element-4c2bfed\" data-id=\"4c2bfed\" data-element_type=\"column\">\n\t\t\t<div class=\"elementor-widget-wrap\">\n\t\t\t\t\t\t\t<\/div>\n\t\t<\/div>\n\t\t\t\t\t<\/div>\n\t\t<\/section>\n\t\t\t\t<section class=\"elementor-section elementor-top-section elementor-element elementor-element-9122d05 elementor-section-boxed elementor-section-height-default elementor-section-height-default\" data-id=\"9122d05\" data-element_type=\"section\">\n\t\t\t\t\t\t<div class=\"elementor-container elementor-column-gap-default\">\n\t\t\t\t\t<div class=\"elementor-column elementor-col-16 elementor-top-column elementor-element elementor-element-3a330ff\" data-id=\"3a330ff\" data-element_type=\"column\">\n\t\t\t<div class=\"elementor-widget-wrap elementor-element-populated\">\n\t\t\t\t\t\t<div class=\"elementor-element elementor-element-892829a elementor-widget elementor-widget-text-editor\" data-id=\"892829a\" data-element_type=\"widget\" data-widget_type=\"text-editor.default\">\n\t\t\t\t<div class=\"elementor-widget-container\">\n\t\t\t\t\t\t\t\t\t<h4 style=\"text-align: center;\"><a href=\"https:\/\/www.saint-gregoire.fr\" target=\"_blank\" rel=\"noopener\"><img decoding=\"async\" class=\"aligncenter\" src=\"https:\/\/www.carrefour-numerique.org\/wp-content\/uploads\/2022\/01\/logo-st-gregoire-1.png\" alt=\"\" width=\"72\" height=\"90\" \/><\/a><\/h4>\n<h4 style=\"text-align: center;\"><span style=\"font-size: 10pt;\"><a href=\"https:\/\/www.saint-gregoire.fr\" target=\"_blank\" rel=\"noopener\"><span style=\"font-family: 'comic sans ms', sans-serif;\">Ville de Saint-Gr\u00e9goire<\/span><\/a><\/span><\/h4>\t\t\t\t\t\t\t\t<\/div>\n\t\t\t\t<\/div>\n\t\t\t\t\t<\/div>\n\t\t<\/div>\n\t\t\t\t<div class=\"elementor-column elementor-col-16 elementor-top-column elementor-element elementor-element-3a43712\" data-id=\"3a43712\" data-element_type=\"column\">\n\t\t\t<div class=\"elementor-widget-wrap elementor-element-populated\">\n\t\t\t\t\t\t<div class=\"elementor-element elementor-element-d664a35 elementor-widget elementor-widget-image\" data-id=\"d664a35\" data-element_type=\"widget\" data-widget_type=\"image.default\">\n\t\t\t\t<div class=\"elementor-widget-container\">\n\t\t\t\t\t\t\t\t\t\t\t\t\t\t\t\t<a href=\"https:\/\/www.lesmediatheques-rennesmetropole.fr\" target=\"_blank\">\n\t\t\t\t\t\t\t<img decoding=\"async\" width=\"611\" height=\"455\" src=\"https:\/\/www.carrefour-numerique.org\/wp-content\/uploads\/2014\/03\/m\u00e9diath\u00e8que-de-rennes-1.gif\" class=\"attachment-large size-large wp-image-2886\" alt=\"\" \/>\t\t\t\t\t\t\t\t<\/a>\n\t\t\t\t\t\t\t\t\t\t\t\t\t\t\t<\/div>\n\t\t\t\t<\/div>\n\t\t\t\t\t<\/div>\n\t\t<\/div>\n\t\t\t\t<div class=\"elementor-column elementor-col-16 elementor-top-column elementor-element elementor-element-dd4507b\" data-id=\"dd4507b\" data-element_type=\"column\">\n\t\t\t<div class=\"elementor-widget-wrap elementor-element-populated\">\n\t\t\t\t\t\t<div class=\"elementor-element elementor-element-1c44c13 elementor-widget elementor-widget-text-editor\" data-id=\"1c44c13\" data-element_type=\"widget\" data-widget_type=\"text-editor.default\">\n\t\t\t\t<div class=\"elementor-widget-container\">\n\t\t\t\t\t\t\t\t\t<p style=\"text-align: center;\"><span style=\"font-size: 14pt;\"><a href=\"https:\/\/kit-pc.fr\" target=\"_blank\" rel=\"noopener\"><span style=\"font-family: 'comic sans ms', sans-serif; font-size: 12pt;\"><strong><img decoding=\"async\" src=\"https:\/\/www.carrefour-numerique.org\/wp-content\/uploads\/2022\/01\/KIT-PC.jpg\" \/><\/strong><\/span><\/a><span style=\"font-family: 'comic sans ms', sans-serif; font-size: 10pt;\">\u00a0\u00a0<\/span><\/span><a href=\"https:\/\/kit-pc.fr\" target=\"_blank\" rel=\"noopener\"><span style=\"font-size: 12pt; font-family: 'comic sans ms', sans-serif;\">Diagnostic\u00a0<br \/><\/span><span style=\"font-size: 12pt; font-family: 'comic sans ms', sans-serif;\">et d\u00e9pannage<\/span><\/a><\/p>\t\t\t\t\t\t\t\t<\/div>\n\t\t\t\t<\/div>\n\t\t\t\t\t<\/div>\n\t\t<\/div>\n\t\t\t\t<div class=\"elementor-column elementor-col-16 elementor-top-column elementor-element elementor-element-b4a86ca\" data-id=\"b4a86ca\" data-element_type=\"column\">\n\t\t\t<div class=\"elementor-widget-wrap elementor-element-populated\">\n\t\t\t\t\t\t<div class=\"elementor-element elementor-element-70002eb elementor-widget elementor-widget-text-editor\" data-id=\"70002eb\" data-element_type=\"widget\" data-widget_type=\"text-editor.default\">\n\t\t\t\t<div class=\"elementor-widget-container\">\n\t\t\t\t\t\t\t\t\t<h4 style=\"text-align: center;\"><span style=\"font-size: 14pt;\"><a href=\"https:\/\/www.rennesbatteries.com\" target=\"_blank\" rel=\"noopener\"><img loading=\"lazy\" decoding=\"async\" class=\"aligncenter\" src=\"https:\/\/www.carrefour-numerique.org\/wp-content\/uploads\/2018\/10\/Rns-batt.png\" alt=\"\" width=\"320\" height=\"85\" \/><\/a><a href=\"https:\/\/www.rennesbatteries.com\" target=\"_blank\" rel=\"noopener\"><span style=\"font-family: 'comic sans ms', sans-serif; font-size: 12pt;\">Fourniture de batteries et accessoires pour tout types d&#8217;appareils<\/span><\/a><\/span><\/h4>\t\t\t\t\t\t\t\t<\/div>\n\t\t\t\t<\/div>\n\t\t\t\t\t<\/div>\n\t\t<\/div>\n\t\t\t\t<div class=\"elementor-column elementor-col-16 elementor-top-column elementor-element elementor-element-fd50b32\" data-id=\"fd50b32\" data-element_type=\"column\">\n\t\t\t<div class=\"elementor-widget-wrap elementor-element-populated\">\n\t\t\t\t\t\t<div class=\"elementor-element elementor-element-34a5928 elementor-widget elementor-widget-text-editor\" data-id=\"34a5928\" data-element_type=\"widget\" data-widget_type=\"text-editor.default\">\n\t\t\t\t<div class=\"elementor-widget-container\">\n\t\t\t\t\t\t\t\t\t<h4 style=\"text-align: center;\"><a href=\"https:\/\/www.astucepc-rennes.fr\" target=\"_blank\" rel=\"noopener\"><img loading=\"lazy\" decoding=\"async\" class=\"alignnone\" src=\"https:\/\/www.carrefour-numerique.org\/wp-content\/uploads\/2022\/11\/astuce-PC_2a.jpg\" alt=\"\" width=\"308\" height=\"200\" \/><\/a><\/h4>\t\t\t\t\t\t\t\t<\/div>\n\t\t\t\t<\/div>\n\t\t\t\t\t<\/div>\n\t\t<\/div>\n\t\t\t\t<div class=\"elementor-column elementor-col-16 elementor-top-column elementor-element elementor-element-ce3c3b0\" data-id=\"ce3c3b0\" data-element_type=\"column\">\n\t\t\t<div class=\"elementor-widget-wrap elementor-element-populated\">\n\t\t\t\t\t\t<div class=\"elementor-element elementor-element-e5e8c81 elementor-widget elementor-widget-text-editor\" data-id=\"e5e8c81\" data-element_type=\"widget\" data-widget_type=\"text-editor.default\">\n\t\t\t\t<div class=\"elementor-widget-container\">\n\t\t\t\t\t\t\t\t\t<p style=\"text-align: center;\"><a href=\"https:\/\/www.reprographie-impression-rennes.fr\/fr\" target=\"_blank\" rel=\"noopener\"><img loading=\"lazy\" decoding=\"async\" class=\"alignnone\" src=\"https:\/\/www.carrefour-numerique.org\/wp-content\/uploads\/2022\/01\/Bis-repetita3-e1643020869324.png\" alt=\"\" width=\"98\" height=\"95\" \/><\/a><br \/><a href=\"https:\/\/www.reprographie-impression-rennes.fr\/fr\" target=\"_blank\" rel=\"noopener\"><span style=\"font-family: 'comic sans ms', sans-serif;\">Photocopie Impression<\/span><\/a><\/p>\t\t\t\t\t\t\t\t<\/div>\n\t\t\t\t<\/div>\n\t\t\t\t\t<\/div>\n\t\t<\/div>\n\t\t\t\t\t<\/div>\n\t\t<\/section>\n\t\t\t\t<\/div>\n\t\t","protected":false},"excerpt":{"rendered":"<p>Vous n&#8217;avez pas pu assister \u00e0 toutes les conf\u00e9rences lors du festival, ou vous souhaitez les revoir, Pas de probl\u00e8mes, elles sont l\u00e0&#8230; Notre association cr\u00e9\u00e9e en 2010 pour initier les usagers aux outils informatiques de l\u2019\u00e9poque se doit d\u2019\u00e9voluer avec son temps. Aujourd\u2019hui le num\u00e9rique recouvre un champ beaucoup plus vaste que l\u2019informatique d\u2019il &#8230; <a title=\"Accueil\" class=\"read-more\" href=\"https:\/\/www.carrefour-numerique.org\/\" aria-label=\"En savoir plus sur Accueil\">Lire la suite<\/a><\/p>\n","protected":false},"author":487,"featured_media":7983,"parent":0,"menu_order":0,"comment_status":"closed","ping_status":"closed","template":"","meta":{"inline_featured_image":false,"footnotes":""},"class_list":["post-5444","page","type-page","status-publish","has-post-thumbnail"],"_links":{"self":[{"href":"https:\/\/www.carrefour-numerique.org\/index.php?rest_route=\/wp\/v2\/pages\/5444","targetHints":{"allow":["GET"]}}],"collection":[{"href":"https:\/\/www.carrefour-numerique.org\/index.php?rest_route=\/wp\/v2\/pages"}],"about":[{"href":"https:\/\/www.carrefour-numerique.org\/index.php?rest_route=\/wp\/v2\/types\/page"}],"author":[{"embeddable":true,"href":"https:\/\/www.carrefour-numerique.org\/index.php?rest_route=\/wp\/v2\/users\/487"}],"replies":[{"embeddable":true,"href":"https:\/\/www.carrefour-numerique.org\/index.php?rest_route=%2Fwp%2Fv2%2Fcomments&post=5444"}],"version-history":[{"count":484,"href":"https:\/\/www.carrefour-numerique.org\/index.php?rest_route=\/wp\/v2\/pages\/5444\/revisions"}],"predecessor-version":[{"id":9440,"href":"https:\/\/www.carrefour-numerique.org\/index.php?rest_route=\/wp\/v2\/pages\/5444\/revisions\/9440"}],"wp:featuredmedia":[{"embeddable":true,"href":"https:\/\/www.carrefour-numerique.org\/index.php?rest_route=\/wp\/v2\/media\/7983"}],"wp:attachment":[{"href":"https:\/\/www.carrefour-numerique.org\/index.php?rest_route=%2Fwp%2Fv2%2Fmedia&parent=5444"}],"curies":[{"name":"wp","href":"https:\/\/api.w.org\/{rel}","templated":true}]}}