{"id":5438,"date":"2022-01-10T17:25:24","date_gmt":"2022-01-10T16:25:24","guid":{"rendered":"http:\/\/www.c-2i.org\/?page_id=5438"},"modified":"2024-09-23T12:57:53","modified_gmt":"2024-09-23T10:57:53","slug":"fabriquer-un-robot","status":"publish","type":"page","link":"https:\/\/www.carrefour-numerique.org\/?page_id=5438","title":{"rendered":"Fabriquer un robot"},"content":{"rendered":"\t\t<div data-elementor-type=\"wp-page\" data-elementor-id=\"5438\" class=\"elementor elementor-5438\">\n\t\t\t\t\t\t<section class=\"elementor-section elementor-top-section elementor-element elementor-element-bef7433 elementor-section-boxed elementor-section-height-default elementor-section-height-default\" data-id=\"bef7433\" data-element_type=\"section\">\n\t\t\t\t\t\t<div class=\"elementor-container elementor-column-gap-default\">\n\t\t\t\t\t<div class=\"elementor-column elementor-col-100 elementor-top-column elementor-element elementor-element-ef68da0\" data-id=\"ef68da0\" data-element_type=\"column\">\n\t\t\t<div class=\"elementor-widget-wrap elementor-element-populated\">\n\t\t\t\t\t\t<div class=\"elementor-element elementor-element-484c5e1 elementor-widget elementor-widget-text-editor\" data-id=\"484c5e1\" data-element_type=\"widget\" data-widget_type=\"text-editor.default\">\n\t\t\t\t<div class=\"elementor-widget-container\">\n\t\t\t\t\t\t\t\t\t<p><span style=\"font-family: arial, helvetica, sans-serif; font-size: 14pt;\">Le groupe robot se propose de r\u00e9aliser un bras robotis\u00e9 \u00e0 l&#8217;aide de l&#8217;imprimante 3D et d&#8217;un mini ordinateur. <\/span><\/p><p><span style=\"font-family: arial, helvetica, sans-serif; font-size: 14pt;\">Cette activit\u00e9 est destin\u00e9e aux bricoleurs ou aux personnes int\u00e9ress\u00e9es par l&#8217;impression 3D, les Raspberry PI* et les Arduino*.<\/span><\/p>\t\t\t\t\t\t\t\t<\/div>\n\t\t\t\t<\/div>\n\t\t\t\t\t<\/div>\n\t\t<\/div>\n\t\t\t\t\t<\/div>\n\t\t<\/section>\n\t\t\t\t<section class=\"elementor-section elementor-top-section elementor-element elementor-element-d51cb0d elementor-section-boxed elementor-section-height-default elementor-section-height-default\" data-id=\"d51cb0d\" data-element_type=\"section\">\n\t\t\t\t\t\t<div class=\"elementor-container elementor-column-gap-default\">\n\t\t\t\t\t<div class=\"elementor-column elementor-col-50 elementor-top-column elementor-element elementor-element-eec00b6\" data-id=\"eec00b6\" data-element_type=\"column\">\n\t\t\t<div class=\"elementor-widget-wrap elementor-element-populated\">\n\t\t\t\t\t\t<div class=\"elementor-element elementor-element-24d4bf9 elementor-widget elementor-widget-image\" data-id=\"24d4bf9\" data-element_type=\"widget\" data-widget_type=\"image.default\">\n\t\t\t\t<div class=\"elementor-widget-container\">\n\t\t\t\t\t\t\t\t\t\t\t\t\t\t\t<img fetchpriority=\"high\" decoding=\"async\" width=\"1024\" height=\"703\" src=\"https:\/\/www.carrefour-numerique.org\/wp-content\/uploads\/2022\/02\/robots-Star-Wars4-1024x703.png\" class=\"attachment-large size-large wp-image-6516\" alt=\"\" srcset=\"https:\/\/www.carrefour-numerique.org\/wp-content\/uploads\/2022\/02\/robots-Star-Wars4-1024x703.png 1024w, https:\/\/www.carrefour-numerique.org\/wp-content\/uploads\/2022\/02\/robots-Star-Wars4-300x206.png 300w, https:\/\/www.carrefour-numerique.org\/wp-content\/uploads\/2022\/02\/robots-Star-Wars4-768x527.png 768w, https:\/\/www.carrefour-numerique.org\/wp-content\/uploads\/2022\/02\/robots-Star-Wars4-1536x1055.png 1536w, https:\/\/www.carrefour-numerique.org\/wp-content\/uploads\/2022\/02\/robots-Star-Wars4-2048x1406.png 2048w\" sizes=\"(max-width: 1024px) 100vw, 1024px\" \/>\t\t\t\t\t\t\t\t\t\t\t\t\t\t\t<\/div>\n\t\t\t\t<\/div>\n\t\t\t\t\t<\/div>\n\t\t<\/div>\n\t\t\t\t<div class=\"elementor-column elementor-col-50 elementor-top-column elementor-element elementor-element-c43a3bf\" data-id=\"c43a3bf\" data-element_type=\"column\">\n\t\t\t<div class=\"elementor-widget-wrap elementor-element-populated\">\n\t\t\t\t\t\t<div class=\"elementor-element elementor-element-b865701 elementor-widget elementor-widget-video\" data-id=\"b865701\" data-element_type=\"widget\" data-settings=\"{&quot;video_type&quot;:&quot;hosted&quot;,&quot;autoplay&quot;:&quot;yes&quot;,&quot;play_on_mobile&quot;:&quot;yes&quot;,&quot;loop&quot;:&quot;yes&quot;,&quot;controls&quot;:&quot;yes&quot;}\" data-widget_type=\"video.default\">\n\t\t\t\t<div class=\"elementor-widget-container\">\n\t\t\t\t\t\t\t<div class=\"e-hosted-video elementor-wrapper elementor-open-inline\">\n\t\t\t\t\t<video class=\"elementor-video\" src=\"https:\/\/www.carrefour-numerique.org\/wp-content\/uploads\/2022\/02\/robot5.mp4\" autoplay=\"\" loop=\"\" controls=\"\" playsinline=\"\" controlsList=\"nodownload\"><\/video>\n\t\t\t\t<\/div>\n\t\t\t\t\t\t<\/div>\n\t\t\t\t<\/div>\n\t\t\t\t\t<\/div>\n\t\t<\/div>\n\t\t\t\t\t<\/div>\n\t\t<\/section>\n\t\t\t\t<section class=\"elementor-section elementor-top-section elementor-element elementor-element-4df229d elementor-section-boxed elementor-section-height-default elementor-section-height-default\" data-id=\"4df229d\" data-element_type=\"section\">\n\t\t\t\t\t\t<div class=\"elementor-container elementor-column-gap-default\">\n\t\t\t\t\t<div class=\"elementor-column elementor-col-100 elementor-top-column elementor-element elementor-element-478c619\" data-id=\"478c619\" data-element_type=\"column\">\n\t\t\t<div class=\"elementor-widget-wrap elementor-element-populated\">\n\t\t\t\t\t\t<div class=\"elementor-element elementor-element-3eb8b21 elementor-widget elementor-widget-text-editor\" data-id=\"3eb8b21\" data-element_type=\"widget\" data-widget_type=\"text-editor.default\">\n\t\t\t\t<div class=\"elementor-widget-container\">\n\t\t\t\t\t\t\t\t\t<p><em><span style=\"font-family: arial, helvetica, sans-serif; font-size: 12pt;\">* C&#8217;est le cerveau du robot\u00a0<\/span><\/em><\/p>\t\t\t\t\t\t\t\t<\/div>\n\t\t\t\t<\/div>\n\t\t\t\t\t<\/div>\n\t\t<\/div>\n\t\t\t\t\t<\/div>\n\t\t<\/section>\n\t\t\t\t<\/div>\n\t\t","protected":false},"excerpt":{"rendered":"<p>Le groupe robot se propose de r\u00e9aliser un bras robotis\u00e9 \u00e0 l&#8217;aide de l&#8217;imprimante 3D et d&#8217;un mini ordinateur. Cette activit\u00e9 est destin\u00e9e aux bricoleurs ou aux personnes int\u00e9ress\u00e9es par l&#8217;impression 3D, les Raspberry PI* et les Arduino*. https:\/\/www.carrefour-numerique.org\/wp-content\/uploads\/2022\/02\/robot5.mp4 * C&#8217;est le cerveau du robot\u00a0<\/p>\n","protected":false},"author":487,"featured_media":0,"parent":0,"menu_order":0,"comment_status":"closed","ping_status":"closed","template":"","meta":{"inline_featured_image":false,"footnotes":""},"class_list":["post-5438","page","type-page","status-publish"],"_links":{"self":[{"href":"https:\/\/www.carrefour-numerique.org\/index.php?rest_route=\/wp\/v2\/pages\/5438","targetHints":{"allow":["GET"]}}],"collection":[{"href":"https:\/\/www.carrefour-numerique.org\/index.php?rest_route=\/wp\/v2\/pages"}],"about":[{"href":"https:\/\/www.carrefour-numerique.org\/index.php?rest_route=\/wp\/v2\/types\/page"}],"author":[{"embeddable":true,"href":"https:\/\/www.carrefour-numerique.org\/index.php?rest_route=\/wp\/v2\/users\/487"}],"replies":[{"embeddable":true,"href":"https:\/\/www.carrefour-numerique.org\/index.php?rest_route=%2Fwp%2Fv2%2Fcomments&post=5438"}],"version-history":[{"count":55,"href":"https:\/\/www.carrefour-numerique.org\/index.php?rest_route=\/wp\/v2\/pages\/5438\/revisions"}],"predecessor-version":[{"id":8793,"href":"https:\/\/www.carrefour-numerique.org\/index.php?rest_route=\/wp\/v2\/pages\/5438\/revisions\/8793"}],"wp:attachment":[{"href":"https:\/\/www.carrefour-numerique.org\/index.php?rest_route=%2Fwp%2Fv2%2Fmedia&parent=5438"}],"curies":[{"name":"wp","href":"https:\/\/api.w.org\/{rel}","templated":true}]}}