{"id":5434,"date":"2022-01-10T17:23:14","date_gmt":"2022-01-10T16:23:14","guid":{"rendered":"http:\/\/www.c-2i.org\/?page_id=5434"},"modified":"2025-08-28T18:20:58","modified_gmt":"2025-08-28T16:20:58","slug":"sinitier-a-limprimante-3d","status":"publish","type":"page","link":"https:\/\/www.carrefour-numerique.org\/?page_id=5434","title":{"rendered":"S&#8217;initier \u00e0 l&#8217;imprimante 3D"},"content":{"rendered":"\t\t<div data-elementor-type=\"wp-page\" data-elementor-id=\"5434\" class=\"elementor elementor-5434\">\n\t\t\t\t\t\t<section class=\"elementor-section elementor-top-section elementor-element elementor-element-4a06573 elementor-section-boxed elementor-section-height-default elementor-section-height-default\" data-id=\"4a06573\" data-element_type=\"section\">\n\t\t\t\t\t\t<div class=\"elementor-container elementor-column-gap-default\">\n\t\t\t\t\t<div class=\"elementor-column elementor-col-100 elementor-top-column elementor-element elementor-element-152c67c\" data-id=\"152c67c\" data-element_type=\"column\">\n\t\t\t<div class=\"elementor-widget-wrap elementor-element-populated\">\n\t\t\t\t\t\t<div class=\"elementor-element elementor-element-6f5b5b4 elementor-widget elementor-widget-text-editor\" data-id=\"6f5b5b4\" data-element_type=\"widget\" data-widget_type=\"text-editor.default\">\n\t\t\t\t<div class=\"elementor-widget-container\">\n\t\t\t\t\t\t\t\t\t<p><span style=\"font-family: arial, helvetica, sans-serif; font-size: 14pt;\">Dans ce module, vous apprendrez \u00e0 utiliser le logiciel de conception 3D (CAO) <span style=\"color: #ff0000;\"><strong>Freecad<\/strong><\/span> (accessoirement le logiciel <span style=\"color: #ff0000;\"><strong>Tinkercad<\/strong><\/span>) pour cr\u00e9er des objets en 3 dimensions.<\/span><br \/><span style=\"font-family: arial, helvetica, sans-serif; font-size: 14pt;\">Puis vous r\u00e9aliserez la pi\u00e8ce avec l\u2019une de nos imprimantes 3D \u00e0 filament\u00a0:<\/span><br \/><span style=\"font-family: arial, helvetica, sans-serif; font-size: 14pt;\">Ultimaker 2, Snapmaker 2A 350, Alfawise U20, Bambu Lab A1.<\/span><\/p><p><span style=\"font-family: arial, helvetica, sans-serif; font-size: 14pt;\"><strong>Tinkercad<\/strong> est un logiciel de mod\u00e9lisation 3D en ligne gratuit. <\/span><br \/><span style=\"font-family: arial, helvetica, sans-serif; font-size: 14pt;\">Il est simple et facile \u00e0 utiliser, il suffit de vous connecter \u00e0 l\u2019adresse suivante : <strong><a href=\"https:\/\/www.tinkercad.com\/dashboard\" target=\"_blank\" rel=\"noopener\">https:\/\/www.tinkercad.com\/dashboard<\/a><\/strong><\/span><\/p>\t\t\t\t\t\t\t\t<\/div>\n\t\t\t\t<\/div>\n\t\t\t\t\t<\/div>\n\t\t<\/div>\n\t\t\t\t\t<\/div>\n\t\t<\/section>\n\t\t\t\t<section class=\"elementor-section elementor-top-section elementor-element elementor-element-e318703 elementor-section-boxed elementor-section-height-default elementor-section-height-default\" data-id=\"e318703\" data-element_type=\"section\">\n\t\t\t\t\t\t<div class=\"elementor-container elementor-column-gap-default\">\n\t\t\t\t\t<div class=\"elementor-column elementor-col-100 elementor-top-column elementor-element elementor-element-50c839d\" data-id=\"50c839d\" data-element_type=\"column\">\n\t\t\t<div class=\"elementor-widget-wrap elementor-element-populated\">\n\t\t\t\t\t\t<div class=\"elementor-element elementor-element-556e067 elementor-widget elementor-widget-image\" data-id=\"556e067\" data-element_type=\"widget\" data-widget_type=\"image.default\">\n\t\t\t\t<div class=\"elementor-widget-container\">\n\t\t\t\t\t\t\t\t\t\t\t\t\t\t\t<img fetchpriority=\"high\" decoding=\"async\" width=\"768\" height=\"389\" src=\"https:\/\/www.carrefour-numerique.org\/wp-content\/uploads\/2025\/08\/tinkercad-768x389.jpg\" class=\"attachment-medium_large size-medium_large wp-image-9048\" alt=\"\" srcset=\"https:\/\/www.carrefour-numerique.org\/wp-content\/uploads\/2025\/08\/tinkercad-768x389.jpg 768w, https:\/\/www.carrefour-numerique.org\/wp-content\/uploads\/2025\/08\/tinkercad-300x152.jpg 300w, https:\/\/www.carrefour-numerique.org\/wp-content\/uploads\/2025\/08\/tinkercad-1024x519.jpg 1024w, https:\/\/www.carrefour-numerique.org\/wp-content\/uploads\/2025\/08\/tinkercad-1536x778.jpg 1536w, https:\/\/www.carrefour-numerique.org\/wp-content\/uploads\/2025\/08\/tinkercad.jpg 1911w\" sizes=\"(max-width: 768px) 100vw, 768px\" \/>\t\t\t\t\t\t\t\t\t\t\t\t\t\t\t<\/div>\n\t\t\t\t<\/div>\n\t\t\t\t\t<\/div>\n\t\t<\/div>\n\t\t\t\t\t<\/div>\n\t\t<\/section>\n\t\t\t\t<section class=\"elementor-section elementor-top-section elementor-element elementor-element-80bab41 elementor-section-boxed elementor-section-height-default elementor-section-height-default\" data-id=\"80bab41\" data-element_type=\"section\">\n\t\t\t\t\t\t<div class=\"elementor-container elementor-column-gap-default\">\n\t\t\t\t\t<div class=\"elementor-column elementor-col-100 elementor-top-column elementor-element elementor-element-93722bc\" data-id=\"93722bc\" data-element_type=\"column\">\n\t\t\t<div class=\"elementor-widget-wrap elementor-element-populated\">\n\t\t\t\t\t\t<div class=\"elementor-element elementor-element-847d310 elementor-widget elementor-widget-text-editor\" data-id=\"847d310\" data-element_type=\"widget\" data-widget_type=\"text-editor.default\">\n\t\t\t\t<div class=\"elementor-widget-container\">\n\t\t\t\t\t\t\t\t\t<p><span style=\"font-size: 14pt; font-family: arial, helvetica, sans-serif;\">Pour faire vos premiers pas nous vous proposons de suivre nos tutoriels Tinkerkad :<\/span><\/p><p><span style=\"font-family: arial, helvetica, sans-serif; font-size: 14pt;\"> <strong><a href=\"https:\/\/www.youtube.com\/watch?v=v5m7JLkGHUM\" target=\"_blank\" rel=\"noopener\">Tuto 1<\/a><\/strong> &#8211; <strong><a href=\"https:\/\/www.youtube.com\/watch?v=VgSE4r8nZfA\" target=\"_blank\" rel=\"noopener\">Tuto 2<\/a><\/strong> &#8211;\u00a0<a href=\"https:\/\/www.youtube.com\/watch?v=5qdpDpd3yLA\" target=\"_blank\" rel=\"noopener\"><strong>Tuto 3<\/strong><\/a> &#8211;\u00a0<a href=\"https:\/\/youtu.be\/fk_YOzqX-ls\" target=\"_blank\" rel=\"noopener\"><strong>Tuto 4<\/strong><\/a> &#8211;\u00a0<a href=\"https:\/\/youtu.be\/gFU0rgDsLuA\" target=\"_blank\" rel=\"noopener\"><strong>Tuto 5<\/strong><\/a> &#8211;\u00a0<a href=\"https:\/\/youtu.be\/nbXEzbH36-8\" target=\"_blank\" rel=\"noopener\"><strong>Tuto 6<\/strong><\/a><\/span><\/p>\t\t\t\t\t\t\t\t<\/div>\n\t\t\t\t<\/div>\n\t\t\t\t\t<\/div>\n\t\t<\/div>\n\t\t\t\t\t<\/div>\n\t\t<\/section>\n\t\t\t\t<section class=\"elementor-section elementor-top-section elementor-element elementor-element-4e127c2 elementor-section-boxed elementor-section-height-default elementor-section-height-default\" data-id=\"4e127c2\" data-element_type=\"section\">\n\t\t\t\t\t\t<div class=\"elementor-container elementor-column-gap-default\">\n\t\t\t\t\t<div class=\"elementor-column elementor-col-100 elementor-top-column elementor-element elementor-element-41e87d0\" data-id=\"41e87d0\" data-element_type=\"column\">\n\t\t\t<div class=\"elementor-widget-wrap elementor-element-populated\">\n\t\t\t\t\t\t<div class=\"elementor-element elementor-element-208bbe6 elementor-widget elementor-widget-text-editor\" data-id=\"208bbe6\" data-element_type=\"widget\" data-widget_type=\"text-editor.default\">\n\t\t\t\t<div class=\"elementor-widget-container\">\n\t\t\t\t\t\t\t\t\t<p><span style=\"font-size: 14pt; font-family: arial, helvetica, sans-serif;\"><strong>Freecad<\/strong> est un logiciel plus performant libre et gratuit.<\/span><br \/><span style=\"font-size: 14pt; font-family: arial, helvetica, sans-serif;\">\u00c0 t\u00e9l\u00e9charger \u00e0 l\u2019adresse\u00a0suivante\u00a0:<\/span><br \/><strong><a href=\"https:\/\/www.freecad.org\/index.php?lang=fr\" target=\"_blank\" rel=\"noopener\"><span style=\"font-size: 14pt; font-family: arial, helvetica, sans-serif;\">https:\/\/www.freecad.org\/index.php?lang=fr<\/span><\/a><\/strong><\/p>\t\t\t\t\t\t\t\t<\/div>\n\t\t\t\t<\/div>\n\t\t\t\t\t<\/div>\n\t\t<\/div>\n\t\t\t\t\t<\/div>\n\t\t<\/section>\n\t\t\t\t<section class=\"elementor-section elementor-top-section elementor-element elementor-element-d9b5e27 elementor-section-boxed elementor-section-height-default elementor-section-height-default\" data-id=\"d9b5e27\" data-element_type=\"section\">\n\t\t\t\t\t\t<div class=\"elementor-container elementor-column-gap-default\">\n\t\t\t\t\t<div class=\"elementor-column elementor-col-100 elementor-top-column elementor-element elementor-element-8c1c3e4\" data-id=\"8c1c3e4\" data-element_type=\"column\">\n\t\t\t<div class=\"elementor-widget-wrap elementor-element-populated\">\n\t\t\t\t\t\t<div class=\"elementor-element elementor-element-b526793 elementor-widget elementor-widget-image\" data-id=\"b526793\" data-element_type=\"widget\" data-widget_type=\"image.default\">\n\t\t\t\t<div class=\"elementor-widget-container\">\n\t\t\t\t\t\t\t\t\t\t\t\t\t\t\t<img decoding=\"async\" width=\"768\" height=\"435\" src=\"https:\/\/www.carrefour-numerique.org\/wp-content\/uploads\/2025\/08\/freecad-768x435.jpg\" class=\"attachment-medium_large size-medium_large wp-image-9046\" alt=\"\" srcset=\"https:\/\/www.carrefour-numerique.org\/wp-content\/uploads\/2025\/08\/freecad-768x435.jpg 768w, https:\/\/www.carrefour-numerique.org\/wp-content\/uploads\/2025\/08\/freecad-300x170.jpg 300w, https:\/\/www.carrefour-numerique.org\/wp-content\/uploads\/2025\/08\/freecad-1024x580.jpg 1024w, https:\/\/www.carrefour-numerique.org\/wp-content\/uploads\/2025\/08\/freecad-1536x869.jpg 1536w, https:\/\/www.carrefour-numerique.org\/wp-content\/uploads\/2025\/08\/freecad.jpg 1728w\" sizes=\"(max-width: 768px) 100vw, 768px\" \/>\t\t\t\t\t\t\t\t\t\t\t\t\t\t\t<\/div>\n\t\t\t\t<\/div>\n\t\t\t\t\t<\/div>\n\t\t<\/div>\n\t\t\t\t\t<\/div>\n\t\t<\/section>\n\t\t\t\t<section class=\"elementor-section elementor-top-section elementor-element elementor-element-c52beec elementor-section-boxed elementor-section-height-default elementor-section-height-default\" data-id=\"c52beec\" data-element_type=\"section\">\n\t\t\t\t\t\t<div class=\"elementor-container elementor-column-gap-default\">\n\t\t\t\t\t<div class=\"elementor-column elementor-col-100 elementor-top-column elementor-element elementor-element-33315ef\" data-id=\"33315ef\" data-element_type=\"column\">\n\t\t\t<div class=\"elementor-widget-wrap elementor-element-populated\">\n\t\t\t\t\t\t<div class=\"elementor-element elementor-element-75571b1 elementor-widget elementor-widget-video\" data-id=\"75571b1\" data-element_type=\"widget\" data-settings=\"{&quot;video_type&quot;:&quot;hosted&quot;,&quot;autoplay&quot;:&quot;yes&quot;,&quot;mute&quot;:&quot;yes&quot;,&quot;loop&quot;:&quot;yes&quot;,&quot;controls&quot;:&quot;yes&quot;}\" data-widget_type=\"video.default\">\n\t\t\t\t<div class=\"elementor-widget-container\">\n\t\t\t\t\t\t\t<div class=\"e-hosted-video elementor-wrapper elementor-open-inline\">\n\t\t\t\t\t<video class=\"elementor-video\" src=\"https:\/\/www.carrefour-numerique.org\/wp-content\/uploads\/2025\/08\/presentation-initiation-3D.mp4\" autoplay=\"\" loop=\"\" controls=\"\" muted=\"muted\" controlsList=\"nodownload\"><\/video>\n\t\t\t\t<\/div>\n\t\t\t\t\t\t<\/div>\n\t\t\t\t<\/div>\n\t\t\t\t\t<\/div>\n\t\t<\/div>\n\t\t\t\t\t<\/div>\n\t\t<\/section>\n\t\t\t\t<section class=\"elementor-section elementor-top-section elementor-element elementor-element-c0a006a elementor-section-boxed elementor-section-height-default elementor-section-height-default\" data-id=\"c0a006a\" data-element_type=\"section\">\n\t\t\t\t\t\t<div class=\"elementor-container elementor-column-gap-default\">\n\t\t\t\t\t<div class=\"elementor-column elementor-col-100 elementor-top-column elementor-element elementor-element-e8a0068\" data-id=\"e8a0068\" data-element_type=\"column\">\n\t\t\t<div class=\"elementor-widget-wrap elementor-element-populated\">\n\t\t\t\t\t\t<div class=\"elementor-element elementor-element-0430d1d elementor-widget elementor-widget-text-editor\" data-id=\"0430d1d\" data-element_type=\"widget\" data-widget_type=\"text-editor.default\">\n\t\t\t\t<div class=\"elementor-widget-container\">\n\t\t\t\t\t\t\t\t\t<p><span style=\"font-size: 14pt; font-family: arial, helvetica, sans-serif;\">On trouve de tr\u00e8s nombreux tutoriels sur Youtube.<\/span><\/p>\t\t\t\t\t\t\t\t<\/div>\n\t\t\t\t<\/div>\n\t\t\t\t\t<\/div>\n\t\t<\/div>\n\t\t\t\t\t<\/div>\n\t\t<\/section>\n\t\t\t\t<\/div>\n\t\t","protected":false},"excerpt":{"rendered":"<p>Dans ce module, vous apprendrez \u00e0 utiliser le logiciel de conception 3D (CAO) Freecad (accessoirement le logiciel Tinkercad) pour cr\u00e9er des objets en 3 dimensions.Puis vous r\u00e9aliserez la pi\u00e8ce avec l\u2019une de nos imprimantes 3D \u00e0 filament\u00a0:Ultimaker 2, Snapmaker 2A 350, Alfawise U20, Bambu Lab A1. Tinkercad est un logiciel de mod\u00e9lisation 3D en ligne &#8230; <a title=\"S&#8217;initier \u00e0 l&#8217;imprimante 3D\" class=\"read-more\" href=\"https:\/\/www.carrefour-numerique.org\/?page_id=5434\" aria-label=\"En savoir plus sur S&#8217;initier \u00e0 l&#8217;imprimante 3D\">Lire la suite<\/a><\/p>\n","protected":false},"author":487,"featured_media":0,"parent":0,"menu_order":0,"comment_status":"closed","ping_status":"closed","template":"","meta":{"inline_featured_image":false,"footnotes":""},"class_list":["post-5434","page","type-page","status-publish"],"_links":{"self":[{"href":"https:\/\/www.carrefour-numerique.org\/index.php?rest_route=\/wp\/v2\/pages\/5434","targetHints":{"allow":["GET"]}}],"collection":[{"href":"https:\/\/www.carrefour-numerique.org\/index.php?rest_route=\/wp\/v2\/pages"}],"about":[{"href":"https:\/\/www.carrefour-numerique.org\/index.php?rest_route=\/wp\/v2\/types\/page"}],"author":[{"embeddable":true,"href":"https:\/\/www.carrefour-numerique.org\/index.php?rest_route=\/wp\/v2\/users\/487"}],"replies":[{"embeddable":true,"href":"https:\/\/www.carrefour-numerique.org\/index.php?rest_route=%2Fwp%2Fv2%2Fcomments&post=5434"}],"version-history":[{"count":83,"href":"https:\/\/www.carrefour-numerique.org\/index.php?rest_route=\/wp\/v2\/pages\/5434\/revisions"}],"predecessor-version":[{"id":9059,"href":"https:\/\/www.carrefour-numerique.org\/index.php?rest_route=\/wp\/v2\/pages\/5434\/revisions\/9059"}],"wp:attachment":[{"href":"https:\/\/www.carrefour-numerique.org\/index.php?rest_route=%2Fwp%2Fv2%2Fmedia&parent=5434"}],"curies":[{"name":"wp","href":"https:\/\/api.w.org\/{rel}","templated":true}]}}