{"id":5426,"date":"2022-01-10T17:08:07","date_gmt":"2022-01-10T16:08:07","guid":{"rendered":"http:\/\/www.c-2i.org\/?page_id=5426"},"modified":"2024-09-23T10:58:12","modified_gmt":"2024-09-23T08:58:12","slug":"maitriser-son-smartphone-sa-tablette","status":"publish","type":"page","link":"https:\/\/www.carrefour-numerique.org\/?page_id=5426","title":{"rendered":"Ma\u00eetriser son smartphone, sa tablette&#8230;"},"content":{"rendered":"\t\t<div data-elementor-type=\"wp-page\" data-elementor-id=\"5426\" class=\"elementor elementor-5426\">\n\t\t\t\t\t\t<section class=\"elementor-section elementor-top-section elementor-element elementor-element-a922108 elementor-section-boxed elementor-section-height-default elementor-section-height-default\" data-id=\"a922108\" data-element_type=\"section\">\n\t\t\t\t\t\t<div class=\"elementor-container elementor-column-gap-default\">\n\t\t\t\t\t<div class=\"elementor-column elementor-col-100 elementor-top-column elementor-element elementor-element-d1147b2\" data-id=\"d1147b2\" data-element_type=\"column\">\n\t\t\t<div class=\"elementor-widget-wrap elementor-element-populated\">\n\t\t\t\t\t\t<div class=\"elementor-element elementor-element-ef0d40f elementor-widget elementor-widget-text-editor\" data-id=\"ef0d40f\" data-element_type=\"widget\" data-widget_type=\"text-editor.default\">\n\t\t\t\t<div class=\"elementor-widget-container\">\n\t\t\t\t\t\t\t\t\t<p><span style=\"font-family: arial, helvetica, sans-serif; font-size: 14pt;\">Mat\u00e9riel requis : une tablette ou un smartphone sous syst\u00e8me &#8220;<strong>Andro\u00efd<\/strong>&#8221; ou &#8220;<strong>Apple<\/strong>&#8220;<\/span><\/p>\t\t\t\t\t\t\t\t<\/div>\n\t\t\t\t<\/div>\n\t\t\t\t\t<\/div>\n\t\t<\/div>\n\t\t\t\t\t<\/div>\n\t\t<\/section>\n\t\t\t\t<section class=\"elementor-section elementor-top-section elementor-element elementor-element-82d5ba0 elementor-section-boxed elementor-section-height-default elementor-section-height-default\" data-id=\"82d5ba0\" data-element_type=\"section\" data-settings=\"{&quot;background_background&quot;:&quot;classic&quot;}\">\n\t\t\t\t\t\t\t<div class=\"elementor-background-overlay\"><\/div>\n\t\t\t\t\t\t\t<div class=\"elementor-container elementor-column-gap-default\">\n\t\t\t\t\t<div class=\"elementor-column elementor-col-100 elementor-top-column elementor-element elementor-element-d7a88cc\" data-id=\"d7a88cc\" data-element_type=\"column\">\n\t\t\t<div class=\"elementor-widget-wrap elementor-element-populated\">\n\t\t\t\t\t\t<div class=\"elementor-element elementor-element-6d02d27 elementor-widget elementor-widget-text-editor\" data-id=\"6d02d27\" data-element_type=\"widget\" data-widget_type=\"text-editor.default\">\n\t\t\t\t<div class=\"elementor-widget-container\">\n\t\t\t\t\t\t\t\t\t<p><span style=\"font-size: 24pt; color: #e0e0e0; font-family: arial, helvetica, sans-serif;\"><strong>Cette formation s&#8217;articule autour de 4 sessions annuelles :<\/strong><\/span><\/p><ul style=\"list-style-type: disc;\"><li><span style=\"color: #e0e0e0; font-family: arial, helvetica, sans-serif;\"><strong style=\"font-size: 18pt;\">Deux sessions d&#8217;initiation sur smartphones et tablettes sous syst\u00e8me Android\u00a0<\/strong><\/span><br \/><h3><span style=\"color: #e0e0e0; font-family: arial, helvetica, sans-serif;\"><em><span style=\"font-size: 14pt;\">Cette formation s&#8217;adresse aux d\u00e9butants.<\/span><\/em><\/span><\/h3><\/li><li><h3><span style=\"font-family: arial, helvetica, sans-serif;\"><span style=\"color: #e0e0e0;\"><span style=\"font-size: 14pt;\"><strong style=\"font-size: 18pt;\">Une session d&#8217;initiation sur smartphones et tablettes sous syst\u00e8me Apple<\/strong><\/span><em><span style=\"font-size: 14pt;\"><strong style=\"font-size: 18pt;\"><br \/><\/strong><\/span><\/em><\/span><span style=\"color: #e0e0e0;\"><em><span style=\"font-size: 14pt;\">Cette formation s&#8217;adresse aux d\u00e9butants.<\/span><\/em><\/span><\/span><\/h3><\/li><li><h3><span style=\"font-family: arial, helvetica, sans-serif;\"><span style=\"color: #e0e0e0;\"><span style=\"font-size: 14pt;\"><strong style=\"font-size: 16px;\"><span style=\"font-size: 14pt;\"><span style=\"font-size: 18pt;\">Une session de perfectionnement <strong style=\"font-size: 18pt;\">sur smartphones et tablettes sous syst\u00e8me Android\u00a0<\/strong><br \/><\/span><\/span><\/strong><\/span><\/span><span style=\"color: #e0e0e0;\"><em><span style=\"font-size: 14pt;\">Ces formations s&#8217;adressent aux personnes ayant d\u00e9j\u00e0 acquis les bases.<br \/>Le programme <\/span><\/em><em><span style=\"font-size: 14pt;\">est d\u00e9termin\u00e9 en fonction des connaissances et des demandes des utilisateurs.<\/span><\/em><\/span><\/span><\/h3><\/li><\/ul>\t\t\t\t\t\t\t\t<\/div>\n\t\t\t\t<\/div>\n\t\t\t\t\t<\/div>\n\t\t<\/div>\n\t\t\t\t\t<\/div>\n\t\t<\/section>\n\t\t\t\t<section class=\"elementor-section elementor-top-section elementor-element elementor-element-4ec483e elementor-section-boxed elementor-section-height-default elementor-section-height-default\" data-id=\"4ec483e\" data-element_type=\"section\">\n\t\t\t\t\t\t<div class=\"elementor-container elementor-column-gap-default\">\n\t\t\t\t\t<div class=\"elementor-column elementor-col-100 elementor-top-column elementor-element elementor-element-2f42c41\" data-id=\"2f42c41\" data-element_type=\"column\">\n\t\t\t<div class=\"elementor-widget-wrap elementor-element-populated\">\n\t\t\t\t\t\t<div class=\"elementor-element elementor-element-de1f0fd elementor-widget elementor-widget-spacer\" data-id=\"de1f0fd\" data-element_type=\"widget\" data-widget_type=\"spacer.default\">\n\t\t\t\t<div class=\"elementor-widget-container\">\n\t\t\t\t\t\t\t<div class=\"elementor-spacer\">\n\t\t\t<div class=\"elementor-spacer-inner\"><\/div>\n\t\t<\/div>\n\t\t\t\t\t\t<\/div>\n\t\t\t\t<\/div>\n\t\t\t\t\t<\/div>\n\t\t<\/div>\n\t\t\t\t\t<\/div>\n\t\t<\/section>\n\t\t\t\t<section class=\"elementor-section elementor-top-section elementor-element elementor-element-505bc86 elementor-section-boxed elementor-section-height-default elementor-section-height-default\" data-id=\"505bc86\" data-element_type=\"section\">\n\t\t\t\t\t\t<div class=\"elementor-container elementor-column-gap-default\">\n\t\t\t\t\t<div class=\"elementor-column elementor-col-33 elementor-top-column elementor-element elementor-element-f31493c\" data-id=\"f31493c\" data-element_type=\"column\">\n\t\t\t<div class=\"elementor-widget-wrap elementor-element-populated\">\n\t\t\t\t\t\t<div class=\"elementor-element elementor-element-adee13d elementor-widget elementor-widget-image\" data-id=\"adee13d\" data-element_type=\"widget\" data-widget_type=\"image.default\">\n\t\t\t\t<div class=\"elementor-widget-container\">\n\t\t\t\t\t\t\t\t\t\t\t\t\t\t\t<img fetchpriority=\"high\" decoding=\"async\" width=\"1024\" height=\"738\" src=\"https:\/\/www.carrefour-numerique.org\/wp-content\/uploads\/2022\/01\/smartphones-1024x738.png\" class=\"attachment-large size-large wp-image-5943\" alt=\"\" srcset=\"https:\/\/www.carrefour-numerique.org\/wp-content\/uploads\/2022\/01\/smartphones-1024x738.png 1024w, https:\/\/www.carrefour-numerique.org\/wp-content\/uploads\/2022\/01\/smartphones-300x216.png 300w, https:\/\/www.carrefour-numerique.org\/wp-content\/uploads\/2022\/01\/smartphones-768x554.png 768w, https:\/\/www.carrefour-numerique.org\/wp-content\/uploads\/2022\/01\/smartphones.png 1040w\" sizes=\"(max-width: 1024px) 100vw, 1024px\" \/>\t\t\t\t\t\t\t\t\t\t\t\t\t\t\t<\/div>\n\t\t\t\t<\/div>\n\t\t\t\t\t<\/div>\n\t\t<\/div>\n\t\t\t\t<div class=\"elementor-column elementor-col-33 elementor-top-column elementor-element elementor-element-c5661ac\" data-id=\"c5661ac\" data-element_type=\"column\">\n\t\t\t<div class=\"elementor-widget-wrap elementor-element-populated\">\n\t\t\t\t\t\t<div class=\"elementor-element elementor-element-83d09b6 elementor-widget elementor-widget-image\" data-id=\"83d09b6\" data-element_type=\"widget\" data-widget_type=\"image.default\">\n\t\t\t\t<div class=\"elementor-widget-container\">\n\t\t\t\t\t\t\t\t\t\t\t\t\t\t\t<img decoding=\"async\" width=\"223\" height=\"300\" src=\"https:\/\/www.carrefour-numerique.org\/wp-content\/uploads\/2022\/01\/iPhone-223x300.png\" class=\"attachment-medium size-medium wp-image-5944\" alt=\"\" srcset=\"https:\/\/www.carrefour-numerique.org\/wp-content\/uploads\/2022\/01\/iPhone-223x300.png 223w, https:\/\/www.carrefour-numerique.org\/wp-content\/uploads\/2022\/01\/iPhone.png 306w\" sizes=\"(max-width: 223px) 100vw, 223px\" \/>\t\t\t\t\t\t\t\t\t\t\t\t\t\t\t<\/div>\n\t\t\t\t<\/div>\n\t\t\t\t\t<\/div>\n\t\t<\/div>\n\t\t\t\t<div class=\"elementor-column elementor-col-33 elementor-top-column elementor-element elementor-element-5ef582d\" data-id=\"5ef582d\" data-element_type=\"column\">\n\t\t\t<div class=\"elementor-widget-wrap elementor-element-populated\">\n\t\t\t\t\t\t<div class=\"elementor-element elementor-element-16c266f elementor-widget elementor-widget-image\" data-id=\"16c266f\" data-element_type=\"widget\" data-widget_type=\"image.default\">\n\t\t\t\t<div class=\"elementor-widget-container\">\n\t\t\t\t\t\t\t\t\t\t\t\t\t\t\t<img decoding=\"async\" width=\"1024\" height=\"826\" src=\"https:\/\/www.carrefour-numerique.org\/wp-content\/uploads\/2022\/01\/tablette-1024x826.png\" class=\"attachment-large size-large wp-image-5945\" alt=\"\" srcset=\"https:\/\/www.carrefour-numerique.org\/wp-content\/uploads\/2022\/01\/tablette-1024x826.png 1024w, https:\/\/www.carrefour-numerique.org\/wp-content\/uploads\/2022\/01\/tablette-300x242.png 300w, https:\/\/www.carrefour-numerique.org\/wp-content\/uploads\/2022\/01\/tablette-768x620.png 768w, https:\/\/www.carrefour-numerique.org\/wp-content\/uploads\/2022\/01\/tablette.png 1200w\" sizes=\"(max-width: 1024px) 100vw, 1024px\" \/>\t\t\t\t\t\t\t\t\t\t\t\t\t\t\t<\/div>\n\t\t\t\t<\/div>\n\t\t\t\t\t<\/div>\n\t\t<\/div>\n\t\t\t\t\t<\/div>\n\t\t<\/section>\n\t\t\t\t<section class=\"elementor-section elementor-top-section elementor-element elementor-element-5f65bcc elementor-section-boxed elementor-section-height-default elementor-section-height-default\" data-id=\"5f65bcc\" data-element_type=\"section\">\n\t\t\t\t\t\t<div class=\"elementor-container elementor-column-gap-default\">\n\t\t\t\t\t<div class=\"elementor-column elementor-col-100 elementor-top-column elementor-element elementor-element-393a679\" data-id=\"393a679\" data-element_type=\"column\">\n\t\t\t<div class=\"elementor-widget-wrap elementor-element-populated\">\n\t\t\t\t\t\t<div class=\"elementor-element elementor-element-1be6acb elementor-widget-divider--view-line elementor-widget elementor-widget-divider\" data-id=\"1be6acb\" data-element_type=\"widget\" data-widget_type=\"divider.default\">\n\t\t\t\t<div class=\"elementor-widget-container\">\n\t\t\t\t\t\t\t<div class=\"elementor-divider\">\n\t\t\t<span class=\"elementor-divider-separator\">\n\t\t\t\t\t\t<\/span>\n\t\t<\/div>\n\t\t\t\t\t\t<\/div>\n\t\t\t\t<\/div>\n\t\t\t\t\t<\/div>\n\t\t<\/div>\n\t\t\t\t\t<\/div>\n\t\t<\/section>\n\t\t\t\t<section class=\"elementor-section elementor-top-section elementor-element elementor-element-59db444 elementor-section-boxed elementor-section-height-default elementor-section-height-default\" data-id=\"59db444\" data-element_type=\"section\">\n\t\t\t\t\t\t<div class=\"elementor-container elementor-column-gap-default\">\n\t\t\t\t\t<div class=\"elementor-column elementor-col-100 elementor-top-column elementor-element elementor-element-059432b\" data-id=\"059432b\" data-element_type=\"column\">\n\t\t\t<div class=\"elementor-widget-wrap elementor-element-populated\">\n\t\t\t\t\t\t<div class=\"elementor-element elementor-element-695e875 elementor-widget elementor-widget-text-editor\" data-id=\"695e875\" data-element_type=\"widget\" data-widget_type=\"text-editor.default\">\n\t\t\t\t<div class=\"elementor-widget-container\">\n\t\t\t\t\t\t\t\t\t<p><span style=\"font-weight: bold; font-family: arial, helvetica, sans-serif; font-size: 18pt;\">Initiation &#8211; smartphones et tablettes &#8220;Android&#8221;<\/span><\/p><p><span style=\"font-family: arial, helvetica, sans-serif; font-size: 14pt;\">D\u00e9couverte de l&#8217;interface g\u00e9n\u00e9rale de la Tablette et (ou) du Smartphone :<\/span><\/p><ul><li><span style=\"font-family: arial, helvetica, sans-serif; font-size: 14pt;\">Personnalisation de sa tablette<\/span><\/li><li><span style=\"font-family: arial, helvetica, sans-serif; font-size: 14pt;\">Ma\u00eetrise du clavier<\/span><\/li><li><span style=\"font-family: arial, helvetica, sans-serif; font-size: 14pt;\">Cr\u00e9ation et configuration d\u2019un compte Google : envoi et r\u00e9ception de courriels, enregistrement des contacts&#8230;<\/span><\/li><li><span style=\"font-family: arial, helvetica, sans-serif; font-size: 14pt;\">Navigation sur Internet : r\u00e9ception et envoi de photos, utilisation de fichiers ou cartes ou photos recueillis sur le net&#8230;<\/span><\/li><li><span style=\"font-family: arial, helvetica, sans-serif; font-size: 14pt;\">Les applications : Le Play Store, installer des applications, g\u00e9rer les applications<\/span><\/li><li><span style=\"font-family: arial, helvetica, sans-serif; font-size: 14pt;\">Connexion des p\u00e9riph\u00e9riques<\/span><\/li><li><span style=\"font-family: arial, helvetica, sans-serif; font-size: 14pt;\">Astuces&#8230;<\/span><\/li><\/ul>\t\t\t\t\t\t\t\t<\/div>\n\t\t\t\t<\/div>\n\t\t\t\t\t<\/div>\n\t\t<\/div>\n\t\t\t\t\t<\/div>\n\t\t<\/section>\n\t\t\t\t<section class=\"elementor-section elementor-top-section elementor-element elementor-element-bda7d40 elementor-section-boxed elementor-section-height-default elementor-section-height-default\" data-id=\"bda7d40\" data-element_type=\"section\">\n\t\t\t\t\t\t<div class=\"elementor-container elementor-column-gap-default\">\n\t\t\t\t\t<div class=\"elementor-column elementor-col-100 elementor-top-column elementor-element elementor-element-75b44ce\" data-id=\"75b44ce\" data-element_type=\"column\">\n\t\t\t<div class=\"elementor-widget-wrap elementor-element-populated\">\n\t\t\t\t\t\t<div class=\"elementor-element elementor-element-341bec2 elementor-widget-divider--view-line elementor-widget elementor-widget-divider\" data-id=\"341bec2\" data-element_type=\"widget\" data-widget_type=\"divider.default\">\n\t\t\t\t<div class=\"elementor-widget-container\">\n\t\t\t\t\t\t\t<div class=\"elementor-divider\">\n\t\t\t<span class=\"elementor-divider-separator\">\n\t\t\t\t\t\t<\/span>\n\t\t<\/div>\n\t\t\t\t\t\t<\/div>\n\t\t\t\t<\/div>\n\t\t\t\t\t<\/div>\n\t\t<\/div>\n\t\t\t\t\t<\/div>\n\t\t<\/section>\n\t\t\t\t<section class=\"elementor-section elementor-top-section elementor-element elementor-element-34672eb elementor-section-boxed elementor-section-height-default elementor-section-height-default\" data-id=\"34672eb\" data-element_type=\"section\">\n\t\t\t\t\t\t<div class=\"elementor-container elementor-column-gap-default\">\n\t\t\t\t\t<div class=\"elementor-column elementor-col-100 elementor-top-column elementor-element elementor-element-d524a1f\" data-id=\"d524a1f\" data-element_type=\"column\">\n\t\t\t<div class=\"elementor-widget-wrap elementor-element-populated\">\n\t\t\t\t\t\t<div class=\"elementor-element elementor-element-9d3ac9e elementor-widget elementor-widget-text-editor\" data-id=\"9d3ac9e\" data-element_type=\"widget\" data-widget_type=\"text-editor.default\">\n\t\t\t\t<div class=\"elementor-widget-container\">\n\t\t\t\t\t\t\t\t\t<h2 style=\"font-style: normal; text-transform: none;\"><span style=\"font-family: arial, helvetica, sans-serif; font-size: 18pt;\"><span style=\"font-weight: bold;\">Perfectionnement<\/span><span style=\"font-weight: bold;\">\u00a0&#8211; smartphones et tablettes\u00a0&#8220;Android&#8221;<\/span><\/span><\/h2><p style=\"font-style: normal;\"><span style=\"font-family: arial, helvetica, sans-serif; font-size: 14pt;\">Optimiser et d\u00e9couvrir tout les secrets de son smartphone ou de sa tablette.<\/span><\/p>\t\t\t\t\t\t\t\t<\/div>\n\t\t\t\t<\/div>\n\t\t\t\t\t<\/div>\n\t\t<\/div>\n\t\t\t\t\t<\/div>\n\t\t<\/section>\n\t\t\t\t<section class=\"elementor-section elementor-top-section elementor-element elementor-element-0f9fb15 elementor-section-boxed elementor-section-height-default elementor-section-height-default\" data-id=\"0f9fb15\" data-element_type=\"section\">\n\t\t\t\t\t\t<div class=\"elementor-container elementor-column-gap-default\">\n\t\t\t\t\t<div class=\"elementor-column elementor-col-100 elementor-top-column elementor-element elementor-element-016a2c7\" data-id=\"016a2c7\" data-element_type=\"column\">\n\t\t\t<div class=\"elementor-widget-wrap elementor-element-populated\">\n\t\t\t\t\t\t<div class=\"elementor-element elementor-element-b7b5b98 elementor-widget-divider--view-line elementor-widget elementor-widget-divider\" data-id=\"b7b5b98\" data-element_type=\"widget\" data-widget_type=\"divider.default\">\n\t\t\t\t<div class=\"elementor-widget-container\">\n\t\t\t\t\t\t\t<div class=\"elementor-divider\">\n\t\t\t<span class=\"elementor-divider-separator\">\n\t\t\t\t\t\t<\/span>\n\t\t<\/div>\n\t\t\t\t\t\t<\/div>\n\t\t\t\t<\/div>\n\t\t\t\t\t<\/div>\n\t\t<\/div>\n\t\t\t\t\t<\/div>\n\t\t<\/section>\n\t\t\t\t<section class=\"elementor-section elementor-top-section elementor-element elementor-element-ec734f6 elementor-section-boxed elementor-section-height-default elementor-section-height-default\" data-id=\"ec734f6\" data-element_type=\"section\">\n\t\t\t\t\t\t<div class=\"elementor-container elementor-column-gap-default\">\n\t\t\t\t\t<div class=\"elementor-column elementor-col-100 elementor-top-column elementor-element elementor-element-f50ecd6\" data-id=\"f50ecd6\" data-element_type=\"column\">\n\t\t\t<div class=\"elementor-widget-wrap elementor-element-populated\">\n\t\t\t\t\t\t<div class=\"elementor-element elementor-element-d6f6312 elementor-widget elementor-widget-text-editor\" data-id=\"d6f6312\" data-element_type=\"widget\" data-widget_type=\"text-editor.default\">\n\t\t\t\t<div class=\"elementor-widget-container\">\n\t\t\t\t\t\t\t\t\t<h2><span style=\"font-family: arial, helvetica, sans-serif; font-size: 18pt;\"><span style=\"font-weight: bold;\">iPhone et iPad <\/span><span style=\"font-weight: bold;\">&#8220;Apple&#8221;<\/span><\/span><\/h2><p style=\"font-style: normal;\"><span style=\"font-family: arial, helvetica, sans-serif; font-size: 14pt;\">D\u00e9couvrir les &#8220;Smartphone&#8221; et &#8220;Tablette&#8221; de marque APPLE. L&#8217;objectif du module est de donner un aper\u00e7u des diff\u00e9rentes possibilit\u00e9s de ces appareils afin de familiariser les participants \u00e0 leur utilisation. Ce th\u00e8me donne lieu \u00e0 un nombre limit\u00e9 de s\u00e9ances (9)<\/span><\/p>\t\t\t\t\t\t\t\t<\/div>\n\t\t\t\t<\/div>\n\t\t\t\t\t<\/div>\n\t\t<\/div>\n\t\t\t\t\t<\/div>\n\t\t<\/section>\n\t\t\t\t<section class=\"elementor-section elementor-top-section elementor-element elementor-element-206a871 elementor-section-boxed elementor-section-height-default elementor-section-height-default\" data-id=\"206a871\" data-element_type=\"section\">\n\t\t\t\t\t\t<div class=\"elementor-container elementor-column-gap-default\">\n\t\t\t\t\t<div class=\"elementor-column elementor-col-100 elementor-top-column elementor-element elementor-element-c68284a\" data-id=\"c68284a\" data-element_type=\"column\">\n\t\t\t<div class=\"elementor-widget-wrap elementor-element-populated\">\n\t\t\t\t\t\t<div class=\"elementor-element elementor-element-a9b00bf elementor-widget-divider--view-line elementor-widget elementor-widget-divider\" data-id=\"a9b00bf\" data-element_type=\"widget\" data-widget_type=\"divider.default\">\n\t\t\t\t<div class=\"elementor-widget-container\">\n\t\t\t\t\t\t\t<div class=\"elementor-divider\">\n\t\t\t<span class=\"elementor-divider-separator\">\n\t\t\t\t\t\t<\/span>\n\t\t<\/div>\n\t\t\t\t\t\t<\/div>\n\t\t\t\t<\/div>\n\t\t\t\t\t<\/div>\n\t\t<\/div>\n\t\t\t\t\t<\/div>\n\t\t<\/section>\n\t\t\t\t<\/div>\n\t\t","protected":false},"excerpt":{"rendered":"<p>Mat\u00e9riel requis : une tablette ou un smartphone sous syst\u00e8me &#8220;Andro\u00efd&#8221; ou &#8220;Apple&#8220; Cette formation s&#8217;articule autour de 4 sessions annuelles : Deux sessions d&#8217;initiation sur smartphones et tablettes sous syst\u00e8me Android\u00a0 Cette formation s&#8217;adresse aux d\u00e9butants. Une session d&#8217;initiation sur smartphones et tablettes sous syst\u00e8me AppleCette formation s&#8217;adresse aux d\u00e9butants. Une session de perfectionnement &#8230; <a title=\"Ma\u00eetriser son smartphone, sa tablette&#8230;\" class=\"read-more\" href=\"https:\/\/www.carrefour-numerique.org\/?page_id=5426\" aria-label=\"En savoir plus sur Ma\u00eetriser son smartphone, sa tablette&#8230;\">Lire la suite<\/a><\/p>\n","protected":false},"author":487,"featured_media":0,"parent":0,"menu_order":0,"comment_status":"closed","ping_status":"closed","template":"","meta":{"inline_featured_image":false,"footnotes":""},"class_list":["post-5426","page","type-page","status-publish"],"_links":{"self":[{"href":"https:\/\/www.carrefour-numerique.org\/index.php?rest_route=\/wp\/v2\/pages\/5426","targetHints":{"allow":["GET"]}}],"collection":[{"href":"https:\/\/www.carrefour-numerique.org\/index.php?rest_route=\/wp\/v2\/pages"}],"about":[{"href":"https:\/\/www.carrefour-numerique.org\/index.php?rest_route=\/wp\/v2\/types\/page"}],"author":[{"embeddable":true,"href":"https:\/\/www.carrefour-numerique.org\/index.php?rest_route=\/wp\/v2\/users\/487"}],"replies":[{"embeddable":true,"href":"https:\/\/www.carrefour-numerique.org\/index.php?rest_route=%2Fwp%2Fv2%2Fcomments&post=5426"}],"version-history":[{"count":38,"href":"https:\/\/www.carrefour-numerique.org\/index.php?rest_route=\/wp\/v2\/pages\/5426\/revisions"}],"predecessor-version":[{"id":8752,"href":"https:\/\/www.carrefour-numerique.org\/index.php?rest_route=\/wp\/v2\/pages\/5426\/revisions\/8752"}],"wp:attachment":[{"href":"https:\/\/www.carrefour-numerique.org\/index.php?rest_route=%2Fwp%2Fv2%2Fmedia&parent=5426"}],"curies":[{"name":"wp","href":"https:\/\/api.w.org\/{rel}","templated":true}]}}