{"id":5420,"date":"2022-01-10T17:04:43","date_gmt":"2022-01-10T16:04:43","guid":{"rendered":"http:\/\/www.c-2i.org\/?page_id=5420"},"modified":"2024-09-23T10:38:20","modified_gmt":"2024-09-23T08:38:20","slug":"apple-mac-initiation","status":"publish","type":"page","link":"https:\/\/www.carrefour-numerique.org\/?page_id=5420","title":{"rendered":"Apple, Mac"},"content":{"rendered":"\t\t<div data-elementor-type=\"wp-page\" data-elementor-id=\"5420\" class=\"elementor elementor-5420\">\n\t\t\t\t\t\t<section class=\"elementor-section elementor-top-section elementor-element elementor-element-9e637af elementor-section-boxed elementor-section-height-default elementor-section-height-default\" data-id=\"9e637af\" data-element_type=\"section\">\n\t\t\t\t\t\t<div class=\"elementor-container elementor-column-gap-default\">\n\t\t\t\t\t<div class=\"elementor-column elementor-col-100 elementor-top-column elementor-element elementor-element-49423fa\" data-id=\"49423fa\" data-element_type=\"column\">\n\t\t\t<div class=\"elementor-widget-wrap elementor-element-populated\">\n\t\t\t\t\t\t<div class=\"elementor-element elementor-element-b02e82c elementor-widget elementor-widget-text-editor\" data-id=\"b02e82c\" data-element_type=\"widget\" data-widget_type=\"text-editor.default\">\n\t\t\t\t<div class=\"elementor-widget-container\">\n\t\t\t\t\t\t\t\t\t<p><span style=\"font-family: arial, helvetica, sans-serif; font-size: 14pt;\">Pour cette formation vous devez disposer d&#8217;un ordinateur portable <strong>MacBook<\/strong><\/span><\/p>\t\t\t\t\t\t\t\t<\/div>\n\t\t\t\t<\/div>\n\t\t\t\t\t<\/div>\n\t\t<\/div>\n\t\t\t\t\t<\/div>\n\t\t<\/section>\n\t\t\t\t<section class=\"elementor-section elementor-top-section elementor-element elementor-element-0affefd elementor-section-boxed elementor-section-height-default elementor-section-height-default\" data-id=\"0affefd\" data-element_type=\"section\" data-settings=\"{&quot;background_background&quot;:&quot;classic&quot;}\">\n\t\t\t\t\t\t\t<div class=\"elementor-background-overlay\"><\/div>\n\t\t\t\t\t\t\t<div class=\"elementor-container elementor-column-gap-default\">\n\t\t\t\t\t<div class=\"elementor-column elementor-col-100 elementor-top-column elementor-element elementor-element-79d027b\" data-id=\"79d027b\" data-element_type=\"column\">\n\t\t\t<div class=\"elementor-widget-wrap elementor-element-populated\">\n\t\t\t\t\t\t<div class=\"elementor-element elementor-element-1a3f0ed elementor-widget elementor-widget-text-editor\" data-id=\"1a3f0ed\" data-element_type=\"widget\" data-widget_type=\"text-editor.default\">\n\t\t\t\t<div class=\"elementor-widget-container\">\n\t\t\t\t\t\t\t\t\t<p><span style=\"font-size: 24pt; color: #e0e0e0; font-family: arial, helvetica, sans-serif;\"><strong>Cette formation s&#8217;articule autour de 2 sessions annuelles :<\/strong><\/span><\/p><ul style=\"list-style-type: disc;\"><li><span style=\"color: #e0e0e0; font-family: arial, helvetica, sans-serif;\"><strong style=\"font-size: 18pt;\">Une session d&#8217;initiation<\/strong><\/span><br \/><h3><span style=\"color: #e0e0e0; font-family: arial, helvetica, sans-serif;\"><em><span style=\"font-size: 14pt;\">Cette formation s&#8217;adresse aux d\u00e9butants.<br \/>Elle a pour but de faire d\u00e9couvrir l&#8217;environnement MAC d&#8217;Apple. Les s\u00e9ances sont personnalis\u00e9es en fonction des besoins.<\/span><\/em><\/span><\/h3><\/li><\/ul><ul><li><span style=\"color: #e0e0e0; font-family: arial, helvetica, sans-serif;\"><strong><span style=\"font-size: 14pt;\"><span style=\"font-size: 18pt;\">Une session de perfectionnement<\/span><\/span><\/strong><\/span><br \/><h3><span style=\"color: #e0e0e0; font-family: arial, helvetica, sans-serif;\"><em><span style=\"font-size: 14pt;\">Cette formation s&#8217;adresse aux personnes ayant d\u00e9j\u00e0 acquis les bases.<br \/>Le programme <\/span><\/em><em><span style=\"font-size: 14pt;\">est d\u00e9termin\u00e9 en fonction des connaissances et des demandes des utilisateurs.<\/span><\/em><\/span><\/h3><\/li><\/ul>\t\t\t\t\t\t\t\t<\/div>\n\t\t\t\t<\/div>\n\t\t\t\t\t<\/div>\n\t\t<\/div>\n\t\t\t\t\t<\/div>\n\t\t<\/section>\n\t\t\t\t<section class=\"elementor-section elementor-top-section elementor-element elementor-element-be2001b elementor-section-boxed elementor-section-height-default elementor-section-height-default\" data-id=\"be2001b\" data-element_type=\"section\">\n\t\t\t\t\t\t<div class=\"elementor-container elementor-column-gap-default\">\n\t\t\t\t\t<div class=\"elementor-column elementor-col-100 elementor-top-column elementor-element elementor-element-254aa90\" data-id=\"254aa90\" data-element_type=\"column\">\n\t\t\t<div class=\"elementor-widget-wrap elementor-element-populated\">\n\t\t\t\t\t\t<div class=\"elementor-element elementor-element-ae448a5 elementor-widget elementor-widget-spacer\" data-id=\"ae448a5\" data-element_type=\"widget\" data-widget_type=\"spacer.default\">\n\t\t\t\t<div class=\"elementor-widget-container\">\n\t\t\t\t\t\t\t<div class=\"elementor-spacer\">\n\t\t\t<div class=\"elementor-spacer-inner\"><\/div>\n\t\t<\/div>\n\t\t\t\t\t\t<\/div>\n\t\t\t\t<\/div>\n\t\t\t\t\t<\/div>\n\t\t<\/div>\n\t\t\t\t\t<\/div>\n\t\t<\/section>\n\t\t\t\t<section class=\"elementor-section elementor-top-section elementor-element elementor-element-c485abf elementor-section-boxed elementor-section-height-default elementor-section-height-default\" data-id=\"c485abf\" data-element_type=\"section\">\n\t\t\t\t\t\t<div class=\"elementor-container elementor-column-gap-default\">\n\t\t\t\t\t<div class=\"elementor-column elementor-col-50 elementor-top-column elementor-element elementor-element-ca2a07a\" data-id=\"ca2a07a\" data-element_type=\"column\">\n\t\t\t<div class=\"elementor-widget-wrap elementor-element-populated\">\n\t\t\t\t\t\t<div class=\"elementor-element elementor-element-16ebe65 elementor-widget elementor-widget-text-editor\" data-id=\"16ebe65\" data-element_type=\"widget\" data-widget_type=\"text-editor.default\">\n\t\t\t\t<div class=\"elementor-widget-container\">\n\t\t\t\t\t\t\t\t\t<h3><span style=\"font-family: arial, helvetica, sans-serif;\"><strong><span style=\"font-size: 18pt;\">Session d&#8217;initiation<\/span><\/strong><\/span><\/h3><p style=\"margin-bottom: 0.53cm; line-height: 0.59cm;\"><span style=\"font-size: 14pt; font-family: arial, helvetica, sans-serif;\"><em><span style=\"color: #000000;\"><span style=\"letter-spacing: 0.4pt;\">La formation se d\u00e9roulent sur l\u2019ensemble de l\u2019exercice du 1 octobre au 31 mai et a pour objectif de permettre aux participants de se familiariser au fonctionnement du MAC et de ses principales applications.<\/span><\/span><\/em><\/span><\/p><p style=\"margin-bottom: 0.53cm; line-height: 0.59cm;\"><span style=\"font-size: 14pt; font-family: arial, helvetica, sans-serif;\"><em><span style=\"color: #000000;\"><span style=\"letter-spacing: 0.4pt;\">Le programme est adapt\u00e9 selon le niveau de pratique des participants.<\/span><\/span><\/em><\/span><\/p><h3><span style=\"font-family: arial, helvetica, sans-serif;\"><img decoding=\"async\" class=\"aligncenter\" src=\"\/wp-content\/uploads\/2022\/01\/Apple_01.jpg\" alt=\"\" width=\"169\" height=\"98\" \/><\/span><\/h3><div><span style=\"font-size: 14pt; font-family: arial, helvetica, sans-serif;\"><em><span style=\"color: #000000;\"><span style=\"letter-spacing: 0.4pt;\">\u00a0<\/span><\/span><\/em><\/span><\/div>\t\t\t\t\t\t\t\t<\/div>\n\t\t\t\t<\/div>\n\t\t\t\t\t<\/div>\n\t\t<\/div>\n\t\t\t\t<div class=\"elementor-column elementor-col-50 elementor-top-column elementor-element elementor-element-42a2809\" data-id=\"42a2809\" data-element_type=\"column\">\n\t\t\t<div class=\"elementor-widget-wrap elementor-element-populated\">\n\t\t\t\t\t\t<div class=\"elementor-element elementor-element-dd0d9f2 elementor-widget elementor-widget-image\" data-id=\"dd0d9f2\" data-element_type=\"widget\" data-widget_type=\"image.default\">\n\t\t\t\t<div class=\"elementor-widget-container\">\n\t\t\t\t\t\t\t\t\t\t\t\t\t\t\t<img fetchpriority=\"high\" decoding=\"async\" width=\"1024\" height=\"536\" src=\"https:\/\/www.carrefour-numerique.org\/wp-content\/uploads\/2022\/01\/Mac_01-1024x536.jpg\" class=\"attachment-large size-large wp-image-6480\" alt=\"\" srcset=\"https:\/\/www.carrefour-numerique.org\/wp-content\/uploads\/2022\/01\/Mac_01-1024x536.jpg 1024w, https:\/\/www.carrefour-numerique.org\/wp-content\/uploads\/2022\/01\/Mac_01-300x157.jpg 300w, https:\/\/www.carrefour-numerique.org\/wp-content\/uploads\/2022\/01\/Mac_01-768x402.jpg 768w, https:\/\/www.carrefour-numerique.org\/wp-content\/uploads\/2022\/01\/Mac_01.jpg 1268w\" sizes=\"(max-width: 1024px) 100vw, 1024px\" \/>\t\t\t\t\t\t\t\t\t\t\t\t\t\t\t<\/div>\n\t\t\t\t<\/div>\n\t\t\t\t\t<\/div>\n\t\t<\/div>\n\t\t\t\t\t<\/div>\n\t\t<\/section>\n\t\t\t\t<\/div>\n\t\t","protected":false},"excerpt":{"rendered":"<p>Pour cette formation vous devez disposer d&#8217;un ordinateur portable MacBook Cette formation s&#8217;articule autour de 2 sessions annuelles : Une session d&#8217;initiation Cette formation s&#8217;adresse aux d\u00e9butants.Elle a pour but de faire d\u00e9couvrir l&#8217;environnement MAC d&#8217;Apple. Les s\u00e9ances sont personnalis\u00e9es en fonction des besoins. Une session de perfectionnement Cette formation s&#8217;adresse aux personnes ayant d\u00e9j\u00e0 &#8230; <a title=\"Apple, Mac\" class=\"read-more\" href=\"https:\/\/www.carrefour-numerique.org\/?page_id=5420\" aria-label=\"En savoir plus sur Apple, Mac\">Lire la suite<\/a><\/p>\n","protected":false},"author":487,"featured_media":0,"parent":0,"menu_order":0,"comment_status":"closed","ping_status":"closed","template":"","meta":{"inline_featured_image":false,"footnotes":""},"class_list":["post-5420","page","type-page","status-publish"],"_links":{"self":[{"href":"https:\/\/www.carrefour-numerique.org\/index.php?rest_route=\/wp\/v2\/pages\/5420","targetHints":{"allow":["GET"]}}],"collection":[{"href":"https:\/\/www.carrefour-numerique.org\/index.php?rest_route=\/wp\/v2\/pages"}],"about":[{"href":"https:\/\/www.carrefour-numerique.org\/index.php?rest_route=\/wp\/v2\/types\/page"}],"author":[{"embeddable":true,"href":"https:\/\/www.carrefour-numerique.org\/index.php?rest_route=\/wp\/v2\/users\/487"}],"replies":[{"embeddable":true,"href":"https:\/\/www.carrefour-numerique.org\/index.php?rest_route=%2Fwp%2Fv2%2Fcomments&post=5420"}],"version-history":[{"count":54,"href":"https:\/\/www.carrefour-numerique.org\/index.php?rest_route=\/wp\/v2\/pages\/5420\/revisions"}],"predecessor-version":[{"id":8748,"href":"https:\/\/www.carrefour-numerique.org\/index.php?rest_route=\/wp\/v2\/pages\/5420\/revisions\/8748"}],"wp:attachment":[{"href":"https:\/\/www.carrefour-numerique.org\/index.php?rest_route=%2Fwp%2Fv2%2Fmedia&parent=5420"}],"curies":[{"name":"wp","href":"https:\/\/api.w.org\/{rel}","templated":true}]}}