{"id":5410,"date":"2022-01-10T16:57:21","date_gmt":"2022-01-10T15:57:21","guid":{"rendered":"http:\/\/www.c-2i.org\/?page_id=5410"},"modified":"2025-08-29T12:41:43","modified_gmt":"2025-08-29T10:41:43","slug":"comment-adherer","status":"publish","type":"page","link":"https:\/\/www.carrefour-numerique.org\/?page_id=5410","title":{"rendered":"Comment adh\u00e9rer ?"},"content":{"rendered":"\t\t<div data-elementor-type=\"wp-page\" data-elementor-id=\"5410\" class=\"elementor elementor-5410\">\n\t\t\t\t\t\t<section class=\"elementor-section elementor-top-section elementor-element elementor-element-bbf43ed elementor-section-boxed elementor-section-height-default elementor-section-height-default\" data-id=\"bbf43ed\" data-element_type=\"section\">\n\t\t\t\t\t\t<div class=\"elementor-container elementor-column-gap-default\">\n\t\t\t\t\t<div class=\"elementor-column elementor-col-100 elementor-top-column elementor-element elementor-element-aa75206\" data-id=\"aa75206\" data-element_type=\"column\">\n\t\t\t<div class=\"elementor-widget-wrap elementor-element-populated\">\n\t\t\t\t\t\t<div class=\"elementor-element elementor-element-0594f7c elementor-widget elementor-widget-text-editor\" data-id=\"0594f7c\" data-element_type=\"widget\" data-widget_type=\"text-editor.default\">\n\t\t\t\t<div class=\"elementor-widget-container\">\n\t\t\t\t\t\t\t\t\t<p><span style=\"font-family: arial, helvetica, sans-serif; font-size: 14pt;\">Chaque adh\u00e9rent s&#8217;acquitte d&#8217;une cotisation forfaitaire annuelle. Il peut alors s&#8217;inscrire et participer \u00e0 autant d&#8217;activit\u00e9s qu&#8217;il le souhaite, dans la limite des places disponibles.<br \/>Saison 2025-2026 :<\/span><\/p><ul><li><span style=\"font-family: arial, helvetica, sans-serif; font-size: 14pt;\">Cotisation pour l&#8217;adh\u00e9sion \u00e0 l&#8217;association :\u00a0<b>30 euros\u00a0<\/b><\/span><\/li><li><span style=\"font-family: arial, helvetica, sans-serif; font-size: 14pt;\">Compl\u00e9ment pour participation au Fablab :\u00a0<b>40 euros<\/b><\/span><\/li><\/ul><p><span style=\"font-family: arial, helvetica, sans-serif; font-size: 14pt;\"><i>La cotisation, \u00e0 r\u00e9gler de pr\u00e9f\u00e9rence par ch\u00e8que \u00e0 l&#8217;ordre du &#8220;Carrefour Num\u00e9rique Gr\u00e9gorien&#8221;, pourra \u00eatre remise \u00e0 votre animateur lors de la premi\u00e8re s\u00e9ance.<\/i><\/span><\/p><p><span style=\"font-family: arial, helvetica, sans-serif; font-size: 14pt;\">Toute adh\u00e9sion implique de la part de l&#8217;adh\u00e9rent une reconnaissance et une acceptation totale des statuts et du r\u00e8glement int\u00e9rieur de l&#8217;association Carrefour Num\u00e9rique Gr\u00e9gorien.<\/span><\/p>\t\t\t\t\t\t\t\t<\/div>\n\t\t\t\t<\/div>\n\t\t\t\t\t<\/div>\n\t\t<\/div>\n\t\t\t\t\t<\/div>\n\t\t<\/section>\n\t\t\t\t<section class=\"elementor-section elementor-top-section elementor-element elementor-element-e081152 elementor-section-boxed elementor-section-height-default elementor-section-height-default\" data-id=\"e081152\" data-element_type=\"section\">\n\t\t\t\t\t\t<div class=\"elementor-container elementor-column-gap-default\">\n\t\t\t\t\t<div class=\"elementor-column elementor-col-50 elementor-top-column elementor-element elementor-element-433ecd6\" data-id=\"433ecd6\" data-element_type=\"column\">\n\t\t\t<div class=\"elementor-widget-wrap elementor-element-populated\">\n\t\t\t\t\t\t<div class=\"elementor-element elementor-element-fbcaf4e elementor-widget elementor-widget-image\" data-id=\"fbcaf4e\" data-element_type=\"widget\" data-widget_type=\"image.default\">\n\t\t\t\t<div class=\"elementor-widget-container\">\n\t\t\t\t\t\t\t\t\t\t\t\t\t\t\t\t<a href=\"https:\/\/www.carrefour-numerique.org\/gestion\/pub\/Carrefour_numerique_gregorien-statuts-20230504_v2.pdf\" target=\"_blank\">\n\t\t\t\t\t\t\t<img decoding=\"async\" width=\"183\" height=\"223\" src=\"https:\/\/www.carrefour-numerique.org\/wp-content\/uploads\/2022\/01\/status.png\" class=\"attachment-medium size-medium wp-image-5848\" alt=\"\" \/>\t\t\t\t\t\t\t\t<\/a>\n\t\t\t\t\t\t\t\t\t\t\t\t\t\t\t<\/div>\n\t\t\t\t<\/div>\n\t\t\t\t\t<\/div>\n\t\t<\/div>\n\t\t\t\t<div class=\"elementor-column elementor-col-50 elementor-top-column elementor-element elementor-element-41bb35c\" data-id=\"41bb35c\" data-element_type=\"column\">\n\t\t\t<div class=\"elementor-widget-wrap elementor-element-populated\">\n\t\t\t\t\t\t<div class=\"elementor-element elementor-element-7811765 elementor-widget elementor-widget-image\" data-id=\"7811765\" data-element_type=\"widget\" data-widget_type=\"image.default\">\n\t\t\t\t<div class=\"elementor-widget-container\">\n\t\t\t\t\t\t\t\t\t\t\t\t\t\t\t\t<a href=\"https:\/\/www.carrefour-numerique.org\/gestion\/pub\/CarrefourNumeriqueGregorien-ReglementInterieur-20230504.pdf\" target=\"_blank\">\n\t\t\t\t\t\t\t<img decoding=\"async\" width=\"300\" height=\"150\" src=\"https:\/\/www.carrefour-numerique.org\/wp-content\/uploads\/2018\/05\/Reglement_interieur-300x150.png\" class=\"attachment-medium size-medium wp-image-3112\" alt=\"\" srcset=\"https:\/\/www.carrefour-numerique.org\/wp-content\/uploads\/2018\/05\/Reglement_interieur-300x150.png 300w, https:\/\/www.carrefour-numerique.org\/wp-content\/uploads\/2018\/05\/Reglement_interieur.png 318w\" sizes=\"(max-width: 300px) 100vw, 300px\" \/>\t\t\t\t\t\t\t\t<\/a>\n\t\t\t\t\t\t\t\t\t\t\t\t\t\t\t<\/div>\n\t\t\t\t<\/div>\n\t\t\t\t\t<\/div>\n\t\t<\/div>\n\t\t\t\t\t<\/div>\n\t\t<\/section>\n\t\t\t\t<section class=\"elementor-section elementor-top-section elementor-element elementor-element-a09eb47 elementor-section-boxed elementor-section-height-default elementor-section-height-default\" data-id=\"a09eb47\" data-element_type=\"section\">\n\t\t\t\t\t\t<div class=\"elementor-container elementor-column-gap-default\">\n\t\t\t\t\t<div class=\"elementor-column elementor-col-100 elementor-top-column elementor-element elementor-element-136373e\" data-id=\"136373e\" data-element_type=\"column\">\n\t\t\t<div class=\"elementor-widget-wrap elementor-element-populated\">\n\t\t\t\t\t\t<div class=\"elementor-element elementor-element-16323e7 elementor-widget elementor-widget-text-editor\" data-id=\"16323e7\" data-element_type=\"widget\" data-widget_type=\"text-editor.default\">\n\t\t\t\t<div class=\"elementor-widget-container\">\n\t\t\t\t\t\t\t\t\t<h2 style=\"font-style: normal; text-transform: none;\"><span style=\"font-weight: bold; font-family: tahoma, arial, helvetica, sans-serif; font-size: 18pt;\">Premi\u00e8re adh\u00e9sion<\/span><\/h2><p><span style=\"font-family: arial, helvetica, sans-serif; font-size: 14pt;\">Cliquez sur ce lien si vous \u00eates un nouvel adh\u00e9rent :<\/span><\/p><h2 style=\"text-align: center;\"><span style=\"font-family: 'comic sans ms', sans-serif; font-size: 14pt;\"><span style=\"font-weight: bold;\"><a href=\"https:\/\/www.carrefour-numerique.org\/gestion\/adherer.php\" target=\"_blank\" rel=\"noopener\"><span style=\"font-family: tahoma, arial, helvetica, sans-serif; font-size: 18pt;\">J&#8217;adh\u00e8re pour la premi\u00e8re fois<\/span><\/a><\/span><\/span><\/h2><h2><span style=\"font-weight: bold; font-family: tahoma, arial, helvetica, sans-serif; font-size: 18pt;\">Renouvellement<\/span><\/h2><p><span style=\"font-family: arial, helvetica, sans-serif;\"><span style=\"font-size: 14pt;\">Cliquez sur ce lien si vous avez d\u00e9j\u00e0 un compte <\/span><span style=\"font-size: 14pt;\">Carrefour Num\u00e9rique Gr\u00e9gorien :<\/span><\/span><\/p><h2 style=\"text-align: center;\"><strong><span style=\"font-family: tahoma, arial, helvetica, sans-serif; font-size: 18pt;\"><a href=\"https:\/\/www.carrefour-numerique.org\/?page_id=3873\" target=\"_blank\" rel=\"noopener\">Je renouvelle mon adh\u00e9sion<\/a><\/span><\/strong><\/h2>\t\t\t\t\t\t\t\t<\/div>\n\t\t\t\t<\/div>\n\t\t\t\t\t<\/div>\n\t\t<\/div>\n\t\t\t\t\t<\/div>\n\t\t<\/section>\n\t\t\t\t<\/div>\n\t\t","protected":false},"excerpt":{"rendered":"<p>Chaque adh\u00e9rent s&#8217;acquitte d&#8217;une cotisation forfaitaire annuelle. Il peut alors s&#8217;inscrire et participer \u00e0 autant d&#8217;activit\u00e9s qu&#8217;il le souhaite, dans la limite des places disponibles.Saison 2025-2026 : Cotisation pour l&#8217;adh\u00e9sion \u00e0 l&#8217;association :\u00a030 euros\u00a0 Compl\u00e9ment pour participation au Fablab :\u00a040 euros La cotisation, \u00e0 r\u00e9gler de pr\u00e9f\u00e9rence par ch\u00e8que \u00e0 l&#8217;ordre du &#8220;Carrefour Num\u00e9rique Gr\u00e9gorien&#8221;, &#8230; <a title=\"Comment adh\u00e9rer ?\" class=\"read-more\" href=\"https:\/\/www.carrefour-numerique.org\/?page_id=5410\" aria-label=\"En savoir plus sur Comment adh\u00e9rer ?\">Lire la suite<\/a><\/p>\n","protected":false},"author":487,"featured_media":0,"parent":0,"menu_order":0,"comment_status":"closed","ping_status":"closed","template":"","meta":{"inline_featured_image":false,"footnotes":""},"class_list":["post-5410","page","type-page","status-publish"],"_links":{"self":[{"href":"https:\/\/www.carrefour-numerique.org\/index.php?rest_route=\/wp\/v2\/pages\/5410","targetHints":{"allow":["GET"]}}],"collection":[{"href":"https:\/\/www.carrefour-numerique.org\/index.php?rest_route=\/wp\/v2\/pages"}],"about":[{"href":"https:\/\/www.carrefour-numerique.org\/index.php?rest_route=\/wp\/v2\/types\/page"}],"author":[{"embeddable":true,"href":"https:\/\/www.carrefour-numerique.org\/index.php?rest_route=\/wp\/v2\/users\/487"}],"replies":[{"embeddable":true,"href":"https:\/\/www.carrefour-numerique.org\/index.php?rest_route=%2Fwp%2Fv2%2Fcomments&post=5410"}],"version-history":[{"count":111,"href":"https:\/\/www.carrefour-numerique.org\/index.php?rest_route=\/wp\/v2\/pages\/5410\/revisions"}],"predecessor-version":[{"id":9067,"href":"https:\/\/www.carrefour-numerique.org\/index.php?rest_route=\/wp\/v2\/pages\/5410\/revisions\/9067"}],"wp:attachment":[{"href":"https:\/\/www.carrefour-numerique.org\/index.php?rest_route=%2Fwp%2Fv2%2Fmedia&parent=5410"}],"curies":[{"name":"wp","href":"https:\/\/api.w.org\/{rel}","templated":true}]}}