{"id":5408,"date":"2022-01-10T16:54:28","date_gmt":"2022-01-10T15:54:28","guid":{"rendered":"http:\/\/www.c-2i.org\/?page_id=5408"},"modified":"2025-06-11T15:35:34","modified_gmt":"2025-06-11T13:35:34","slug":"fonctionnement-de-lassociation","status":"publish","type":"page","link":"https:\/\/www.carrefour-numerique.org\/?page_id=5408","title":{"rendered":"Fonctionnement de l&#8217;Association"},"content":{"rendered":"\t\t<div data-elementor-type=\"wp-page\" data-elementor-id=\"5408\" class=\"elementor elementor-5408\">\n\t\t\t\t\t\t<section class=\"elementor-section elementor-top-section elementor-element elementor-element-b426862 elementor-section-boxed elementor-section-height-default elementor-section-height-default\" data-id=\"b426862\" data-element_type=\"section\">\n\t\t\t\t\t\t<div class=\"elementor-container elementor-column-gap-default\">\n\t\t\t\t\t<div class=\"elementor-column elementor-col-50 elementor-top-column elementor-element elementor-element-6692eff\" data-id=\"6692eff\" data-element_type=\"column\">\n\t\t\t<div class=\"elementor-widget-wrap elementor-element-populated\">\n\t\t\t\t\t\t<div class=\"elementor-element elementor-element-7257242 elementor-widget elementor-widget-text-editor\" data-id=\"7257242\" data-element_type=\"widget\" data-widget_type=\"text-editor.default\">\n\t\t\t\t<div class=\"elementor-widget-container\">\n\t\t\t\t\t\t\t\t\t<h3><span style=\"font-weight: bold; font-family: arial, helvetica, sans-serif; font-size: 18pt;\">Septembre<\/span><\/h3><p><span style=\"font-family: arial, helvetica, sans-serif;\"><span style=\"font-size: 14pt;\">Le forum des associations est le lieu o\u00f9 le <\/span><span style=\"font-size: 14pt;\">Carrefour Num\u00e9rique Gr\u00e9gorien\u00a0<\/span><span style=\"font-size: 14pt;\">pr\u00e9sente ses activit\u00e9s de l&#8217;ann\u00e9e. Les anciens et les nouveaux adh\u00e9rents sont invit\u00e9s \u00e0 choisir une ou plusieurs activit\u00e9s.<\/span><\/span><br \/><span style=\"font-size: 14pt; font-family: arial, helvetica, sans-serif;\">En fonction des demandes, des sessions sont organis\u00e9es regroupant 5 \u00e0 10 adh\u00e9rents accompagn\u00e9s par un ou deux animateurs.<\/span><\/p>\t\t\t\t\t\t\t\t<\/div>\n\t\t\t\t<\/div>\n\t\t\t\t\t<\/div>\n\t\t<\/div>\n\t\t\t\t<div class=\"elementor-column elementor-col-50 elementor-top-column elementor-element elementor-element-25c5c3e\" data-id=\"25c5c3e\" data-element_type=\"column\">\n\t\t\t<div class=\"elementor-widget-wrap elementor-element-populated\">\n\t\t\t\t\t\t<div class=\"elementor-element elementor-element-b40fbcb elementor-widget elementor-widget-image\" data-id=\"b40fbcb\" data-element_type=\"widget\" data-widget_type=\"image.default\">\n\t\t\t\t<div class=\"elementor-widget-container\">\n\t\t\t\t\t\t\t\t\t\t\t\t\t\t\t<img fetchpriority=\"high\" decoding=\"async\" width=\"1024\" height=\"576\" src=\"https:\/\/www.carrefour-numerique.org\/wp-content\/uploads\/2019\/08\/20170902_114559-1024x576.jpg\" class=\"attachment-large size-large wp-image-4787\" alt=\"\" srcset=\"https:\/\/www.carrefour-numerique.org\/wp-content\/uploads\/2019\/08\/20170902_114559-1024x576.jpg 1024w, https:\/\/www.carrefour-numerique.org\/wp-content\/uploads\/2019\/08\/20170902_114559-300x169.jpg 300w, https:\/\/www.carrefour-numerique.org\/wp-content\/uploads\/2019\/08\/20170902_114559-768x432.jpg 768w\" sizes=\"(max-width: 1024px) 100vw, 1024px\" \/>\t\t\t\t\t\t\t\t\t\t\t\t\t\t\t<\/div>\n\t\t\t\t<\/div>\n\t\t\t\t\t<\/div>\n\t\t<\/div>\n\t\t\t\t\t<\/div>\n\t\t<\/section>\n\t\t\t\t<section class=\"elementor-section elementor-top-section elementor-element elementor-element-aaf9f21 elementor-section-boxed elementor-section-height-default elementor-section-height-default\" data-id=\"aaf9f21\" data-element_type=\"section\">\n\t\t\t\t\t\t<div class=\"elementor-container elementor-column-gap-default\">\n\t\t\t\t\t<div class=\"elementor-column elementor-col-100 elementor-top-column elementor-element elementor-element-c1ab763\" data-id=\"c1ab763\" data-element_type=\"column\">\n\t\t\t<div class=\"elementor-widget-wrap elementor-element-populated\">\n\t\t\t\t\t\t<div class=\"elementor-element elementor-element-0a957b7 elementor-widget-divider--view-line elementor-widget elementor-widget-divider\" data-id=\"0a957b7\" data-element_type=\"widget\" data-widget_type=\"divider.default\">\n\t\t\t\t<div class=\"elementor-widget-container\">\n\t\t\t\t\t\t\t<div class=\"elementor-divider\">\n\t\t\t<span class=\"elementor-divider-separator\">\n\t\t\t\t\t\t<\/span>\n\t\t<\/div>\n\t\t\t\t\t\t<\/div>\n\t\t\t\t<\/div>\n\t\t\t\t\t<\/div>\n\t\t<\/div>\n\t\t\t\t\t<\/div>\n\t\t<\/section>\n\t\t\t\t<section class=\"elementor-section elementor-top-section elementor-element elementor-element-2317ba1 elementor-section-boxed elementor-section-height-default elementor-section-height-default\" data-id=\"2317ba1\" data-element_type=\"section\">\n\t\t\t\t\t\t<div class=\"elementor-container elementor-column-gap-default\">\n\t\t\t\t\t<div class=\"elementor-column elementor-col-100 elementor-top-column elementor-element elementor-element-5225977\" data-id=\"5225977\" data-element_type=\"column\">\n\t\t\t<div class=\"elementor-widget-wrap elementor-element-populated\">\n\t\t\t\t\t\t<div class=\"elementor-element elementor-element-9c8e94a elementor-widget elementor-widget-text-editor\" data-id=\"9c8e94a\" data-element_type=\"widget\" data-widget_type=\"text-editor.default\">\n\t\t\t\t<div class=\"elementor-widget-container\">\n\t\t\t\t\t\t\t\t\t<h2><span style=\"font-weight: bold; font-family: arial, helvetica, sans-serif; font-size: 18pt;\">Octobre \u00e0 Mai<\/span><\/h2><p style=\"text-align: left;\"><span style=\"font-family: arial, helvetica, sans-serif; font-size: 14pt;\">Un planning \u00e9tabli par semaine (hors vacances scolaires) d\u00e9finit les plages horaires de chaque activit\u00e9.<\/span><br \/><span style=\"font-family: arial, helvetica, sans-serif; font-size: 14pt;\">Chaque s\u00e9ance dure environ 1h30.<\/span><br \/><span style=\"font-family: arial, helvetica, sans-serif; font-size: 14pt;\">Les adh\u00e9rents apportent leur ordinateur, tablette ou smartphone suivant les formations.<\/span><br \/><span style=\"font-family: arial, helvetica, sans-serif; font-size: 14pt;\">Les sessions se d\u00e9roulent au Village Associatif &#8211; 3 rue Paul-\u00c9mile Victor, salle Ho\u00ebdic pour l&#8217;informatique, salle Houat pour le Fablab.<\/span><\/p>\t\t\t\t\t\t\t\t<\/div>\n\t\t\t\t<\/div>\n\t\t\t\t\t<\/div>\n\t\t<\/div>\n\t\t\t\t\t<\/div>\n\t\t<\/section>\n\t\t\t\t<section class=\"elementor-section elementor-top-section elementor-element elementor-element-dc4f16c elementor-section-boxed elementor-section-height-default elementor-section-height-default\" data-id=\"dc4f16c\" data-element_type=\"section\">\n\t\t\t\t\t\t<div class=\"elementor-container elementor-column-gap-default\">\n\t\t\t\t\t<div class=\"elementor-column elementor-col-100 elementor-top-column elementor-element elementor-element-5bfe2d7\" data-id=\"5bfe2d7\" data-element_type=\"column\">\n\t\t\t<div class=\"elementor-widget-wrap elementor-element-populated\">\n\t\t\t\t\t\t<div class=\"elementor-element elementor-element-13f8dac elementor-widget elementor-widget-image\" data-id=\"13f8dac\" data-element_type=\"widget\" data-widget_type=\"image.default\">\n\t\t\t\t<div class=\"elementor-widget-container\">\n\t\t\t\t\t\t\t\t\t\t\t\t\t\t\t<img decoding=\"async\" width=\"1024\" height=\"470\" src=\"https:\/\/www.carrefour-numerique.org\/wp-content\/uploads\/2024\/09\/village-associatif.-2-1024x470.png\" class=\"attachment-large size-large wp-image-8426\" alt=\"\" srcset=\"https:\/\/www.carrefour-numerique.org\/wp-content\/uploads\/2024\/09\/village-associatif.-2-1024x470.png 1024w, https:\/\/www.carrefour-numerique.org\/wp-content\/uploads\/2024\/09\/village-associatif.-2-300x138.png 300w, https:\/\/www.carrefour-numerique.org\/wp-content\/uploads\/2024\/09\/village-associatif.-2-768x352.png 768w, https:\/\/www.carrefour-numerique.org\/wp-content\/uploads\/2024\/09\/village-associatif.-2-1536x705.png 1536w, https:\/\/www.carrefour-numerique.org\/wp-content\/uploads\/2024\/09\/village-associatif.-2.png 1920w\" sizes=\"(max-width: 1024px) 100vw, 1024px\" \/>\t\t\t\t\t\t\t\t\t\t\t\t\t\t\t<\/div>\n\t\t\t\t<\/div>\n\t\t\t\t\t<\/div>\n\t\t<\/div>\n\t\t\t\t\t<\/div>\n\t\t<\/section>\n\t\t\t\t<section class=\"elementor-section elementor-top-section elementor-element elementor-element-321dccd elementor-section-boxed elementor-section-height-default elementor-section-height-default\" data-id=\"321dccd\" data-element_type=\"section\">\n\t\t\t\t\t\t<div class=\"elementor-container elementor-column-gap-default\">\n\t\t\t\t\t<div class=\"elementor-column elementor-col-50 elementor-top-column elementor-element elementor-element-d1be4ad\" data-id=\"d1be4ad\" data-element_type=\"column\">\n\t\t\t<div class=\"elementor-widget-wrap elementor-element-populated\">\n\t\t\t\t\t\t<div class=\"elementor-element elementor-element-bc96128 elementor-widget elementor-widget-text-editor\" data-id=\"bc96128\" data-element_type=\"widget\" data-widget_type=\"text-editor.default\">\n\t\t\t\t<div class=\"elementor-widget-container\">\n\t\t\t\t\t\t\t\t\t<h2><strong><span style=\"font-family: arial, helvetica, sans-serif; font-size: 18pt;\">Comment s&#8217;y rendre ?<\/span><\/strong><\/h2><p><span style=\"font-family: arial, helvetica, sans-serif; font-size: 14pt;\">A gauche du Cosec, traverser le Parking puis suivre le chemin \u00e0 gauche jusqu&#8217;au bout.<\/span><\/p>\t\t\t\t\t\t\t\t<\/div>\n\t\t\t\t<\/div>\n\t\t\t\t\t<\/div>\n\t\t<\/div>\n\t\t\t\t<div class=\"elementor-column elementor-col-50 elementor-top-column elementor-element elementor-element-dbd0a67\" data-id=\"dbd0a67\" data-element_type=\"column\">\n\t\t\t<div class=\"elementor-widget-wrap elementor-element-populated\">\n\t\t\t\t\t\t<div class=\"elementor-element elementor-element-2d3640d elementor-widget elementor-widget-image\" data-id=\"2d3640d\" data-element_type=\"widget\" data-widget_type=\"image.default\">\n\t\t\t\t<div class=\"elementor-widget-container\">\n\t\t\t\t\t\t\t\t\t\t\t\t\t\t\t<img decoding=\"async\" width=\"1024\" height=\"502\" src=\"https:\/\/www.carrefour-numerique.org\/wp-content\/uploads\/2024\/01\/acces-village-1024x502.jpg\" class=\"attachment-large size-large wp-image-8154\" alt=\"\" srcset=\"https:\/\/www.carrefour-numerique.org\/wp-content\/uploads\/2024\/01\/acces-village-1024x502.jpg 1024w, https:\/\/www.carrefour-numerique.org\/wp-content\/uploads\/2024\/01\/acces-village-300x147.jpg 300w, https:\/\/www.carrefour-numerique.org\/wp-content\/uploads\/2024\/01\/acces-village-768x376.jpg 768w, https:\/\/www.carrefour-numerique.org\/wp-content\/uploads\/2024\/01\/acces-village-1536x753.jpg 1536w, https:\/\/www.carrefour-numerique.org\/wp-content\/uploads\/2024\/01\/acces-village.jpg 1651w\" sizes=\"(max-width: 1024px) 100vw, 1024px\" \/>\t\t\t\t\t\t\t\t\t\t\t\t\t\t\t<\/div>\n\t\t\t\t<\/div>\n\t\t\t\t\t<\/div>\n\t\t<\/div>\n\t\t\t\t\t<\/div>\n\t\t<\/section>\n\t\t\t\t<section class=\"elementor-section elementor-top-section elementor-element elementor-element-5292f67 elementor-section-boxed elementor-section-height-default elementor-section-height-default\" data-id=\"5292f67\" data-element_type=\"section\">\n\t\t\t\t\t\t<div class=\"elementor-container elementor-column-gap-default\">\n\t\t\t\t\t<div class=\"elementor-column elementor-col-100 elementor-top-column elementor-element elementor-element-51c2e36\" data-id=\"51c2e36\" data-element_type=\"column\">\n\t\t\t<div class=\"elementor-widget-wrap elementor-element-populated\">\n\t\t\t\t\t\t<div class=\"elementor-element elementor-element-777153e elementor-widget-divider--view-line elementor-widget elementor-widget-divider\" data-id=\"777153e\" data-element_type=\"widget\" data-widget_type=\"divider.default\">\n\t\t\t\t<div class=\"elementor-widget-container\">\n\t\t\t\t\t\t\t<div class=\"elementor-divider\">\n\t\t\t<span class=\"elementor-divider-separator\">\n\t\t\t\t\t\t<\/span>\n\t\t<\/div>\n\t\t\t\t\t\t<\/div>\n\t\t\t\t<\/div>\n\t\t\t\t\t<\/div>\n\t\t<\/div>\n\t\t\t\t\t<\/div>\n\t\t<\/section>\n\t\t\t\t<section class=\"elementor-section elementor-top-section elementor-element elementor-element-a6b944c elementor-section-boxed elementor-section-height-default elementor-section-height-default\" data-id=\"a6b944c\" data-element_type=\"section\">\n\t\t\t\t\t\t<div class=\"elementor-container elementor-column-gap-default\">\n\t\t\t\t\t<div class=\"elementor-column elementor-col-50 elementor-top-column elementor-element elementor-element-bed0c97\" data-id=\"bed0c97\" data-element_type=\"column\">\n\t\t\t<div class=\"elementor-widget-wrap elementor-element-populated\">\n\t\t\t\t\t\t<div class=\"elementor-element elementor-element-07f63dc elementor-widget elementor-widget-text-editor\" data-id=\"07f63dc\" data-element_type=\"widget\" data-widget_type=\"text-editor.default\">\n\t\t\t\t<div class=\"elementor-widget-container\">\n\t\t\t\t\t\t\t\t\t<h2><span style=\"font-weight: bold; font-family: tahoma, arial, helvetica, sans-serif; font-size: 18pt;\">Mai<\/span><\/h2><p><span style=\"font-family: arial, helvetica, sans-serif; font-size: 14pt;\">Courant mai une assembl\u00e9e g\u00e9n\u00e9rale ordinaire fait le point sur les activit\u00e9s de l&#8217;ann\u00e9e \u00e9coul\u00e9e et d\u00e9finit les grandes orientations de l&#8217;ann\u00e9e \u00e0 venir.<\/span><\/p>\t\t\t\t\t\t\t\t<\/div>\n\t\t\t\t<\/div>\n\t\t\t\t\t<\/div>\n\t\t<\/div>\n\t\t\t\t<div class=\"elementor-column elementor-col-50 elementor-top-column elementor-element elementor-element-3816a04\" data-id=\"3816a04\" data-element_type=\"column\">\n\t\t\t<div class=\"elementor-widget-wrap elementor-element-populated\">\n\t\t\t\t\t\t<div class=\"elementor-element elementor-element-c6e527e elementor-widget elementor-widget-image\" data-id=\"c6e527e\" data-element_type=\"widget\" data-widget_type=\"image.default\">\n\t\t\t\t<div class=\"elementor-widget-container\">\n\t\t\t\t\t\t\t\t\t\t\t\t\t\t\t<img loading=\"lazy\" decoding=\"async\" width=\"1024\" height=\"578\" src=\"https:\/\/www.carrefour-numerique.org\/wp-content\/uploads\/2018\/06\/20180524-AG-C2i-1-1024x578.jpg\" class=\"attachment-large size-large wp-image-3599\" alt=\"\" srcset=\"https:\/\/www.carrefour-numerique.org\/wp-content\/uploads\/2018\/06\/20180524-AG-C2i-1-1024x578.jpg 1024w, https:\/\/www.carrefour-numerique.org\/wp-content\/uploads\/2018\/06\/20180524-AG-C2i-1-300x169.jpg 300w, https:\/\/www.carrefour-numerique.org\/wp-content\/uploads\/2018\/06\/20180524-AG-C2i-1-768x434.jpg 768w\" sizes=\"(max-width: 1024px) 100vw, 1024px\" \/>\t\t\t\t\t\t\t\t\t\t\t\t\t\t\t<\/div>\n\t\t\t\t<\/div>\n\t\t\t\t\t<\/div>\n\t\t<\/div>\n\t\t\t\t\t<\/div>\n\t\t<\/section>\n\t\t\t\t<section class=\"elementor-section elementor-top-section elementor-element elementor-element-af62664 elementor-section-boxed elementor-section-height-default elementor-section-height-default\" data-id=\"af62664\" data-element_type=\"section\">\n\t\t\t\t\t\t<div class=\"elementor-container elementor-column-gap-default\">\n\t\t\t\t\t<div class=\"elementor-column elementor-col-100 elementor-top-column elementor-element elementor-element-793e7b4\" data-id=\"793e7b4\" data-element_type=\"column\">\n\t\t\t<div class=\"elementor-widget-wrap elementor-element-populated\">\n\t\t\t\t\t\t<div class=\"elementor-element elementor-element-b977474 elementor-widget-divider--view-line elementor-widget elementor-widget-divider\" data-id=\"b977474\" data-element_type=\"widget\" data-widget_type=\"divider.default\">\n\t\t\t\t<div class=\"elementor-widget-container\">\n\t\t\t\t\t\t\t<div class=\"elementor-divider\">\n\t\t\t<span class=\"elementor-divider-separator\">\n\t\t\t\t\t\t<\/span>\n\t\t<\/div>\n\t\t\t\t\t\t<\/div>\n\t\t\t\t<\/div>\n\t\t\t\t\t<\/div>\n\t\t<\/div>\n\t\t\t\t\t<\/div>\n\t\t<\/section>\n\t\t\t\t<section class=\"elementor-section elementor-top-section elementor-element elementor-element-e430d90 elementor-section-boxed elementor-section-height-default elementor-section-height-default\" data-id=\"e430d90\" data-element_type=\"section\">\n\t\t\t\t\t\t<div class=\"elementor-container elementor-column-gap-default\">\n\t\t\t\t\t<div class=\"elementor-column elementor-col-50 elementor-top-column elementor-element elementor-element-64e5aec\" data-id=\"64e5aec\" data-element_type=\"column\">\n\t\t\t<div class=\"elementor-widget-wrap elementor-element-populated\">\n\t\t\t\t\t\t<div class=\"elementor-element elementor-element-6af95e7 elementor-widget elementor-widget-text-editor\" data-id=\"6af95e7\" data-element_type=\"widget\" data-widget_type=\"text-editor.default\">\n\t\t\t\t<div class=\"elementor-widget-container\">\n\t\t\t\t\t\t\t\t\t<h2><span style=\"font-weight: bold; font-family: tahoma, arial, helvetica, sans-serif; font-size: 18pt;\">Janvier<\/span><\/h2><p><span style=\"font-family: arial, helvetica, sans-serif; font-size: 14pt;\">Traditionnellement c&#8217;est un des moments convivial\u00a0de l&#8217;ann\u00e9e o\u00f9 tous les adh\u00e9rents se retrouvent autour d&#8217;une galette des rois, si la situation sanitaire le permet.<\/span><\/p>\t\t\t\t\t\t\t\t<\/div>\n\t\t\t\t<\/div>\n\t\t\t\t\t<\/div>\n\t\t<\/div>\n\t\t\t\t<div class=\"elementor-column elementor-col-50 elementor-top-column elementor-element elementor-element-77537de\" data-id=\"77537de\" data-element_type=\"column\">\n\t\t\t<div class=\"elementor-widget-wrap elementor-element-populated\">\n\t\t\t\t\t\t<div class=\"elementor-element elementor-element-5f518d7 elementor-widget elementor-widget-image\" data-id=\"5f518d7\" data-element_type=\"widget\" data-widget_type=\"image.default\">\n\t\t\t\t<div class=\"elementor-widget-container\">\n\t\t\t\t\t\t\t\t\t\t\t\t\t\t\t<img loading=\"lazy\" decoding=\"async\" width=\"800\" height=\"576\" src=\"https:\/\/www.carrefour-numerique.org\/wp-content\/uploads\/2022\/01\/galette_01.jpg\" class=\"attachment-large size-large wp-image-5554\" alt=\"\" srcset=\"https:\/\/www.carrefour-numerique.org\/wp-content\/uploads\/2022\/01\/galette_01.jpg 800w, https:\/\/www.carrefour-numerique.org\/wp-content\/uploads\/2022\/01\/galette_01-300x216.jpg 300w, https:\/\/www.carrefour-numerique.org\/wp-content\/uploads\/2022\/01\/galette_01-768x553.jpg 768w\" sizes=\"(max-width: 800px) 100vw, 800px\" \/>\t\t\t\t\t\t\t\t\t\t\t\t\t\t\t<\/div>\n\t\t\t\t<\/div>\n\t\t\t\t\t<\/div>\n\t\t<\/div>\n\t\t\t\t\t<\/div>\n\t\t<\/section>\n\t\t\t\t<\/div>\n\t\t","protected":false},"excerpt":{"rendered":"<p>Septembre Le forum des associations est le lieu o\u00f9 le Carrefour Num\u00e9rique Gr\u00e9gorien\u00a0pr\u00e9sente ses activit\u00e9s de l&#8217;ann\u00e9e. Les anciens et les nouveaux adh\u00e9rents sont invit\u00e9s \u00e0 choisir une ou plusieurs activit\u00e9s.En fonction des demandes, des sessions sont organis\u00e9es regroupant 5 \u00e0 10 adh\u00e9rents accompagn\u00e9s par un ou deux animateurs. Octobre \u00e0 Mai Un planning \u00e9tabli &#8230; <a title=\"Fonctionnement de l&#8217;Association\" class=\"read-more\" href=\"https:\/\/www.carrefour-numerique.org\/?page_id=5408\" aria-label=\"En savoir plus sur Fonctionnement de l&#8217;Association\">Lire la suite<\/a><\/p>\n","protected":false},"author":487,"featured_media":0,"parent":0,"menu_order":0,"comment_status":"closed","ping_status":"closed","template":"","meta":{"inline_featured_image":false,"footnotes":""},"class_list":["post-5408","page","type-page","status-publish"],"_links":{"self":[{"href":"https:\/\/www.carrefour-numerique.org\/index.php?rest_route=\/wp\/v2\/pages\/5408","targetHints":{"allow":["GET"]}}],"collection":[{"href":"https:\/\/www.carrefour-numerique.org\/index.php?rest_route=\/wp\/v2\/pages"}],"about":[{"href":"https:\/\/www.carrefour-numerique.org\/index.php?rest_route=\/wp\/v2\/types\/page"}],"author":[{"embeddable":true,"href":"https:\/\/www.carrefour-numerique.org\/index.php?rest_route=\/wp\/v2\/users\/487"}],"replies":[{"embeddable":true,"href":"https:\/\/www.carrefour-numerique.org\/index.php?rest_route=%2Fwp%2Fv2%2Fcomments&post=5408"}],"version-history":[{"count":206,"href":"https:\/\/www.carrefour-numerique.org\/index.php?rest_route=\/wp\/v2\/pages\/5408\/revisions"}],"predecessor-version":[{"id":9043,"href":"https:\/\/www.carrefour-numerique.org\/index.php?rest_route=\/wp\/v2\/pages\/5408\/revisions\/9043"}],"wp:attachment":[{"href":"https:\/\/www.carrefour-numerique.org\/index.php?rest_route=%2Fwp%2Fv2%2Fmedia&parent=5408"}],"curies":[{"name":"wp","href":"https:\/\/api.w.org\/{rel}","templated":true}]}}