{"id":5406,"date":"2022-01-10T16:52:35","date_gmt":"2022-01-10T15:52:35","guid":{"rendered":"http:\/\/www.c-2i.org\/?page_id=5406"},"modified":"2025-11-26T12:23:12","modified_gmt":"2025-11-26T11:23:12","slug":"historique","status":"publish","type":"page","link":"https:\/\/www.carrefour-numerique.org\/?page_id=5406","title":{"rendered":"Historique"},"content":{"rendered":"\t\t<div data-elementor-type=\"wp-page\" data-elementor-id=\"5406\" class=\"elementor elementor-5406\">\n\t\t\t\t\t\t<section class=\"elementor-section elementor-top-section elementor-element elementor-element-602b3c5 elementor-section-boxed elementor-section-height-default elementor-section-height-default\" data-id=\"602b3c5\" data-element_type=\"section\">\n\t\t\t\t\t\t<div class=\"elementor-container elementor-column-gap-default\">\n\t\t\t\t\t<div class=\"elementor-column elementor-col-50 elementor-top-column elementor-element elementor-element-6d6483f\" data-id=\"6d6483f\" data-element_type=\"column\">\n\t\t\t<div class=\"elementor-widget-wrap elementor-element-populated\">\n\t\t\t\t\t\t<div class=\"elementor-element elementor-element-e4ad5e3 e-transform elementor-widget elementor-widget-text-editor\" data-id=\"e4ad5e3\" data-element_type=\"widget\" data-settings=\"{&quot;_transform_translateX_effect&quot;:{&quot;unit&quot;:&quot;px&quot;,&quot;size&quot;:&quot;&quot;,&quot;sizes&quot;:[]},&quot;_transform_translateX_effect_tablet&quot;:{&quot;unit&quot;:&quot;px&quot;,&quot;size&quot;:&quot;&quot;,&quot;sizes&quot;:[]},&quot;_transform_translateX_effect_mobile&quot;:{&quot;unit&quot;:&quot;px&quot;,&quot;size&quot;:&quot;&quot;,&quot;sizes&quot;:[]},&quot;_transform_translateY_effect&quot;:{&quot;unit&quot;:&quot;px&quot;,&quot;size&quot;:&quot;&quot;,&quot;sizes&quot;:[]},&quot;_transform_translateY_effect_tablet&quot;:{&quot;unit&quot;:&quot;px&quot;,&quot;size&quot;:&quot;&quot;,&quot;sizes&quot;:[]},&quot;_transform_translateY_effect_mobile&quot;:{&quot;unit&quot;:&quot;px&quot;,&quot;size&quot;:&quot;&quot;,&quot;sizes&quot;:[]}}\" data-widget_type=\"text-editor.default\">\n\t\t\t\t<div class=\"elementor-widget-container\">\n\t\t\t\t\t\t\t\t\t<p><span style=\"font-size: 14pt; font-family: arial, helvetica, sans-serif;\">L\u2019association a \u00e9t\u00e9 cr\u00e9\u00e9e en mars 2010 par Robert Vigouroux, Dominique Le Corre, Viviane Garaby et G\u00e9rard Meyer.<\/span><\/p><p><span style=\"font-family: arial, helvetica, sans-serif; font-size: 18.6667px; word-spacing: 0em;\">Robert Vigouroux<\/span><span style=\"font-size: 14pt; font-family: arial, helvetica, sans-serif;\">\u00a0a pr\u00e9sid\u00e9 l&#8217;association jusqu\u2019en juin 2013.<\/span><\/p><p><span style=\"font-size: 14pt; font-family: arial, helvetica, sans-serif;\">Puis, se sont succ\u00e9d\u00e9 \u00e0 la pr\u00e9sidence : <\/span><\/p><ul style=\"list-style-type: circle;\"><li><span style=\"font-size: 14pt; font-family: arial, helvetica, sans-serif;\">G\u00e9rard Meyer de 2013 \u00e0 2016 ;<\/span><\/li><li><span style=\"font-size: 14pt; font-family: arial, helvetica, sans-serif;\">Roger Cousin de 2016 \u00e0 2023.<\/span><\/li><\/ul><p>\u00a0<\/p>\t\t\t\t\t\t\t\t<\/div>\n\t\t\t\t<\/div>\n\t\t\t\t\t<\/div>\n\t\t<\/div>\n\t\t\t\t<div class=\"elementor-column elementor-col-50 elementor-top-column elementor-element elementor-element-034cb81\" data-id=\"034cb81\" data-element_type=\"column\">\n\t\t\t<div class=\"elementor-widget-wrap elementor-element-populated\">\n\t\t\t\t\t\t<div class=\"elementor-element elementor-element-be30268 elementor-widget elementor-widget-video\" data-id=\"be30268\" data-element_type=\"widget\" data-settings=\"{&quot;video_type&quot;:&quot;hosted&quot;,&quot;autoplay&quot;:&quot;yes&quot;,&quot;play_on_mobile&quot;:&quot;yes&quot;,&quot;mute&quot;:&quot;yes&quot;,&quot;loop&quot;:&quot;yes&quot;}\" data-widget_type=\"video.default\">\n\t\t\t\t<div class=\"elementor-widget-container\">\n\t\t\t\t\t\t\t<div class=\"e-hosted-video elementor-wrapper elementor-open-inline\">\n\t\t\t\t\t<video class=\"elementor-video\" src=\"https:\/\/www.carrefour-numerique.org\/wp-content\/uploads\/2022\/01\/presidents-web.mp4\" autoplay=\"\" loop=\"\" muted=\"muted\" playsinline=\"\" controlsList=\"nodownload\"><\/video>\n\t\t\t\t<\/div>\n\t\t\t\t\t\t<\/div>\n\t\t\t\t<\/div>\n\t\t\t\t\t<\/div>\n\t\t<\/div>\n\t\t\t\t\t<\/div>\n\t\t<\/section>\n\t\t\t\t<section class=\"elementor-section elementor-top-section elementor-element elementor-element-ca084cd elementor-section-boxed elementor-section-height-default elementor-section-height-default\" data-id=\"ca084cd\" data-element_type=\"section\">\n\t\t\t\t\t\t<div class=\"elementor-container elementor-column-gap-default\">\n\t\t\t\t\t<div class=\"elementor-column elementor-col-100 elementor-top-column elementor-element elementor-element-065f933\" data-id=\"065f933\" data-element_type=\"column\">\n\t\t\t<div class=\"elementor-widget-wrap elementor-element-populated\">\n\t\t\t\t\t\t<div class=\"elementor-element elementor-element-2ff587c elementor-widget elementor-widget-spacer\" data-id=\"2ff587c\" data-element_type=\"widget\" data-widget_type=\"spacer.default\">\n\t\t\t\t<div class=\"elementor-widget-container\">\n\t\t\t\t\t\t\t<div class=\"elementor-spacer\">\n\t\t\t<div class=\"elementor-spacer-inner\"><\/div>\n\t\t<\/div>\n\t\t\t\t\t\t<\/div>\n\t\t\t\t<\/div>\n\t\t\t\t\t<\/div>\n\t\t<\/div>\n\t\t\t\t\t<\/div>\n\t\t<\/section>\n\t\t\t\t<section class=\"elementor-section elementor-top-section elementor-element elementor-element-0686891 elementor-section-boxed elementor-section-height-default elementor-section-height-default\" data-id=\"0686891\" data-element_type=\"section\">\n\t\t\t\t\t\t<div class=\"elementor-container elementor-column-gap-default\">\n\t\t\t\t\t<div class=\"elementor-column elementor-col-50 elementor-top-column elementor-element elementor-element-ab247ab\" data-id=\"ab247ab\" data-element_type=\"column\">\n\t\t\t<div class=\"elementor-widget-wrap elementor-element-populated\">\n\t\t\t\t\t\t<div class=\"elementor-element elementor-element-353130d elementor-widget elementor-widget-image\" data-id=\"353130d\" data-element_type=\"widget\" data-widget_type=\"image.default\">\n\t\t\t\t<div class=\"elementor-widget-container\">\n\t\t\t\t\t\t\t\t\t\t\t\t\t\t\t<img fetchpriority=\"high\" decoding=\"async\" width=\"742\" height=\"735\" src=\"https:\/\/www.carrefour-numerique.org\/wp-content\/uploads\/2025\/11\/bdt.png\" class=\"attachment-full size-full wp-image-9157\" alt=\"\" srcset=\"https:\/\/www.carrefour-numerique.org\/wp-content\/uploads\/2025\/11\/bdt.png 742w, https:\/\/www.carrefour-numerique.org\/wp-content\/uploads\/2025\/11\/bdt-300x297.png 300w, https:\/\/www.carrefour-numerique.org\/wp-content\/uploads\/2025\/11\/bdt-150x150.png 150w\" sizes=\"(max-width: 742px) 100vw, 742px\" \/>\t\t\t\t\t\t\t\t\t\t\t\t\t\t\t<\/div>\n\t\t\t\t<\/div>\n\t\t\t\t\t<\/div>\n\t\t<\/div>\n\t\t\t\t<div class=\"elementor-column elementor-col-50 elementor-top-column elementor-element elementor-element-8e944c4\" data-id=\"8e944c4\" data-element_type=\"column\">\n\t\t\t<div class=\"elementor-widget-wrap elementor-element-populated\">\n\t\t\t\t\t\t<div class=\"elementor-element elementor-element-6e9e2c0 elementor-widget elementor-widget-text-editor\" data-id=\"6e9e2c0\" data-element_type=\"widget\" data-widget_type=\"text-editor.default\">\n\t\t\t\t<div class=\"elementor-widget-container\">\n\t\t\t\t\t\t\t\t\t<p style=\"padding-left: 40px;\"><span style=\"font-family: arial, helvetica, sans-serif; font-size: 14pt;\">En 2023 C-2i \u00e9volue et devient le <strong>Carrefour Num\u00e9rique Gr\u00e9gorien<\/strong> avec la cr\u00e9ation d&#8217;un Fablab et des formations plus adapt\u00e9es aux nouveaux outils num\u00e9riques.<\/span><\/p><p style=\"padding-left: 40px;\"><span style=\"font-family: arial, helvetica, sans-serif; font-size: 14pt;\">Beno\u00eet Debaenst succ\u00e8de \u00e0 Roger Cousin \u00e0 la pr\u00e9sidence de cette nouvelle structure.<\/span><\/p><p style=\"padding-left: 40px;\"><span style=\"font-family: arial, helvetica, sans-serif; font-size: 14pt; letter-spacing: 0.5px; text-align: justify;\">En 2025 l&#8217;association comptait 160 adh\u00e9rents dont 29 animateurs et<\/span><span style=\"font-family: arial, helvetica, sans-serif; font-size: 18.6667px; text-align: justify;\">\u00a0lance le\u00a0<\/span><a style=\"color: #000000; font-family: arial, helvetica, sans-serif; font-size: 18.6667px; text-align: justify;\" href=\"https:\/\/festival.carrefour-numerique.org\/\">Festival du Num\u00e9rique<\/a><span style=\"font-family: arial, helvetica, sans-serif; font-size: 18.6667px; text-align: justify;\">.<\/span><span style=\"font-family: arial, helvetica, sans-serif; font-size: 14pt; letter-spacing: 0.5px; text-align: justify;\">.<\/span><\/p><p style=\"font-size: 8.5px; letter-spacing: 0.5px; text-align: justify; padding-left: 40px;\"><span style=\"font-size: 14pt; font-family: arial, helvetica, sans-serif;\">Depuis sa cr\u00e9ation, l&#8217;association a accompagn\u00e9 environ <b>700 personnes<\/b>.<\/span><\/p>\t\t\t\t\t\t\t\t<\/div>\n\t\t\t\t<\/div>\n\t\t\t\t\t<\/div>\n\t\t<\/div>\n\t\t\t\t\t<\/div>\n\t\t<\/section>\n\t\t\t\t<section class=\"elementor-section elementor-top-section elementor-element elementor-element-a275c09 elementor-section-boxed elementor-section-height-default elementor-section-height-default\" data-id=\"a275c09\" data-element_type=\"section\">\n\t\t\t\t\t\t<div class=\"elementor-container elementor-column-gap-default\">\n\t\t\t\t\t<div class=\"elementor-column elementor-col-100 elementor-top-column elementor-element elementor-element-18f491a\" data-id=\"18f491a\" data-element_type=\"column\">\n\t\t\t<div class=\"elementor-widget-wrap elementor-element-populated\">\n\t\t\t\t\t\t<div class=\"elementor-element elementor-element-0add2e2 elementor-widget elementor-widget-spacer\" data-id=\"0add2e2\" data-element_type=\"widget\" data-widget_type=\"spacer.default\">\n\t\t\t\t<div class=\"elementor-widget-container\">\n\t\t\t\t\t\t\t<div class=\"elementor-spacer\">\n\t\t\t<div class=\"elementor-spacer-inner\"><\/div>\n\t\t<\/div>\n\t\t\t\t\t\t<\/div>\n\t\t\t\t<\/div>\n\t\t\t\t\t<\/div>\n\t\t<\/div>\n\t\t\t\t\t<\/div>\n\t\t<\/section>\n\t\t\t\t<\/div>\n\t\t","protected":false},"excerpt":{"rendered":"<p>L\u2019association a \u00e9t\u00e9 cr\u00e9\u00e9e en mars 2010 par Robert Vigouroux, Dominique Le Corre, Viviane Garaby et G\u00e9rard Meyer. Robert Vigouroux\u00a0a pr\u00e9sid\u00e9 l&#8217;association jusqu\u2019en juin 2013. Puis, se sont succ\u00e9d\u00e9 \u00e0 la pr\u00e9sidence : G\u00e9rard Meyer de 2013 \u00e0 2016 ; Roger Cousin de 2016 \u00e0 2023. \u00a0 https:\/\/www.carrefour-numerique.org\/wp-content\/uploads\/2022\/01\/presidents-web.mp4 En 2023 C-2i \u00e9volue et devient le &#8230; <a title=\"Historique\" class=\"read-more\" href=\"https:\/\/www.carrefour-numerique.org\/?page_id=5406\" aria-label=\"En savoir plus sur Historique\">Lire la suite<\/a><\/p>\n","protected":false},"author":487,"featured_media":0,"parent":0,"menu_order":0,"comment_status":"closed","ping_status":"closed","template":"","meta":{"inline_featured_image":false,"footnotes":""},"class_list":["post-5406","page","type-page","status-publish"],"_links":{"self":[{"href":"https:\/\/www.carrefour-numerique.org\/index.php?rest_route=\/wp\/v2\/pages\/5406","targetHints":{"allow":["GET"]}}],"collection":[{"href":"https:\/\/www.carrefour-numerique.org\/index.php?rest_route=\/wp\/v2\/pages"}],"about":[{"href":"https:\/\/www.carrefour-numerique.org\/index.php?rest_route=\/wp\/v2\/types\/page"}],"author":[{"embeddable":true,"href":"https:\/\/www.carrefour-numerique.org\/index.php?rest_route=\/wp\/v2\/users\/487"}],"replies":[{"embeddable":true,"href":"https:\/\/www.carrefour-numerique.org\/index.php?rest_route=%2Fwp%2Fv2%2Fcomments&post=5406"}],"version-history":[{"count":94,"href":"https:\/\/www.carrefour-numerique.org\/index.php?rest_route=\/wp\/v2\/pages\/5406\/revisions"}],"predecessor-version":[{"id":9177,"href":"https:\/\/www.carrefour-numerique.org\/index.php?rest_route=\/wp\/v2\/pages\/5406\/revisions\/9177"}],"wp:attachment":[{"href":"https:\/\/www.carrefour-numerique.org\/index.php?rest_route=%2Fwp%2Fv2%2Fmedia&parent=5406"}],"curies":[{"name":"wp","href":"https:\/\/api.w.org\/{rel}","templated":true}]}}