{"id":5404,"date":"2022-01-10T16:49:37","date_gmt":"2022-01-10T15:49:37","guid":{"rendered":"http:\/\/www.c-2i.org\/?page_id=5404"},"modified":"2024-09-22T22:02:04","modified_gmt":"2024-09-22T20:02:04","slug":"qui-sommes-nous","status":"publish","type":"page","link":"https:\/\/www.carrefour-numerique.org\/?page_id=5404","title":{"rendered":"Qui sommes-nous"},"content":{"rendered":"\t\t<div data-elementor-type=\"wp-page\" data-elementor-id=\"5404\" class=\"elementor elementor-5404\">\n\t\t\t\t\t\t<section class=\"elementor-section elementor-top-section elementor-element elementor-element-26635b0 elementor-section-boxed elementor-section-height-default elementor-section-height-default\" data-id=\"26635b0\" data-element_type=\"section\">\n\t\t\t\t\t\t<div class=\"elementor-container elementor-column-gap-default\">\n\t\t\t\t\t<div class=\"elementor-column elementor-col-100 elementor-top-column elementor-element elementor-element-b1cb341\" data-id=\"b1cb341\" data-element_type=\"column\">\n\t\t\t<div class=\"elementor-widget-wrap elementor-element-populated\">\n\t\t\t\t\t\t<div class=\"elementor-element elementor-element-8808049 elementor-widget elementor-widget-text-editor\" data-id=\"8808049\" data-element_type=\"widget\" data-widget_type=\"text-editor.default\">\n\t\t\t\t<div class=\"elementor-widget-container\">\n\t\t\t\t\t\t\t\t\t<p><span style=\"font-family: arial, helvetica, sans-serif; font-size: 14pt;\">Ce menu vous donne acc\u00e8s \u00e0 l&#8217;historique du <strong>Carrefour Num\u00e9rique Gr\u00e9gorien<\/strong>. Il vous explique le fonctionnement de l&#8217;association. Vous y trouverez le planning hebdomadaire de nos activit\u00e9s ainsi que le moyen de rejoindre l&#8217;association.<\/span><\/p>\t\t\t\t\t\t\t\t<\/div>\n\t\t\t\t<\/div>\n\t\t\t\t\t<\/div>\n\t\t<\/div>\n\t\t\t\t\t<\/div>\n\t\t<\/section>\n\t\t\t\t<section class=\"elementor-section elementor-top-section elementor-element elementor-element-f0c1818 elementor-section-boxed elementor-section-height-default elementor-section-height-default\" data-id=\"f0c1818\" data-element_type=\"section\">\n\t\t\t\t\t\t<div class=\"elementor-container elementor-column-gap-default\">\n\t\t\t\t\t<div class=\"elementor-column elementor-col-25 elementor-top-column elementor-element elementor-element-3da0ef0\" data-id=\"3da0ef0\" data-element_type=\"column\">\n\t\t\t<div class=\"elementor-widget-wrap elementor-element-populated\">\n\t\t\t\t\t\t<div class=\"elementor-element elementor-element-b899392 elementor-widget elementor-widget-image\" data-id=\"b899392\" data-element_type=\"widget\" data-widget_type=\"image.default\">\n\t\t\t\t<div class=\"elementor-widget-container\">\n\t\t\t\t\t\t\t\t\t\t\t\t\t\t\t\t<a href=\"https:\/\/www.carrefour-numerique.org\/?page_id=5406\">\n\t\t\t\t\t\t\t<img fetchpriority=\"high\" decoding=\"async\" width=\"300\" height=\"300\" src=\"https:\/\/www.carrefour-numerique.org\/wp-content\/uploads\/2023\/06\/historique-1.jpg\" class=\"attachment-medium size-medium wp-image-7656\" alt=\"\" srcset=\"https:\/\/www.carrefour-numerique.org\/wp-content\/uploads\/2023\/06\/historique-1.jpg 300w, https:\/\/www.carrefour-numerique.org\/wp-content\/uploads\/2023\/06\/historique-1-150x150.jpg 150w\" sizes=\"(max-width: 300px) 100vw, 300px\" \/>\t\t\t\t\t\t\t\t<\/a>\n\t\t\t\t\t\t\t\t\t\t\t\t\t\t\t<\/div>\n\t\t\t\t<\/div>\n\t\t\t\t\t<\/div>\n\t\t<\/div>\n\t\t\t\t<div class=\"elementor-column elementor-col-25 elementor-top-column elementor-element elementor-element-aa26e6c\" data-id=\"aa26e6c\" data-element_type=\"column\">\n\t\t\t<div class=\"elementor-widget-wrap elementor-element-populated\">\n\t\t\t\t\t\t<div class=\"elementor-element elementor-element-35cb46c elementor-widget elementor-widget-image\" data-id=\"35cb46c\" data-element_type=\"widget\" data-widget_type=\"image.default\">\n\t\t\t\t<div class=\"elementor-widget-container\">\n\t\t\t\t\t\t\t\t\t\t\t\t\t\t\t\t<a href=\"https:\/\/www.carrefour-numerique.org\/?page_id=5408\">\n\t\t\t\t\t\t\t<img decoding=\"async\" width=\"300\" height=\"300\" src=\"https:\/\/www.carrefour-numerique.org\/wp-content\/uploads\/2023\/06\/fonctionnement-de-lasso-1.jpg\" class=\"attachment-medium size-medium wp-image-7657\" alt=\"\" srcset=\"https:\/\/www.carrefour-numerique.org\/wp-content\/uploads\/2023\/06\/fonctionnement-de-lasso-1.jpg 300w, https:\/\/www.carrefour-numerique.org\/wp-content\/uploads\/2023\/06\/fonctionnement-de-lasso-1-150x150.jpg 150w\" sizes=\"(max-width: 300px) 100vw, 300px\" \/>\t\t\t\t\t\t\t\t<\/a>\n\t\t\t\t\t\t\t\t\t\t\t\t\t\t\t<\/div>\n\t\t\t\t<\/div>\n\t\t\t\t\t<\/div>\n\t\t<\/div>\n\t\t\t\t<div class=\"elementor-column elementor-col-25 elementor-top-column elementor-element elementor-element-aff9487\" data-id=\"aff9487\" data-element_type=\"column\">\n\t\t\t<div class=\"elementor-widget-wrap elementor-element-populated\">\n\t\t\t\t\t\t<div class=\"elementor-element elementor-element-8cbb0bd elementor-widget elementor-widget-image\" data-id=\"8cbb0bd\" data-element_type=\"widget\" data-widget_type=\"image.default\">\n\t\t\t\t<div class=\"elementor-widget-container\">\n\t\t\t\t\t\t\t\t\t\t\t\t\t\t\t\t<a href=\"https:\/\/www.carrefour-numerique.org\/?page_id=570\">\n\t\t\t\t\t\t\t<img decoding=\"async\" width=\"300\" height=\"300\" src=\"https:\/\/www.carrefour-numerique.org\/wp-content\/uploads\/2024\/01\/planning-informatique.jpg\" class=\"attachment-medium size-medium wp-image-8193\" alt=\"\" srcset=\"https:\/\/www.carrefour-numerique.org\/wp-content\/uploads\/2024\/01\/planning-informatique.jpg 300w, https:\/\/www.carrefour-numerique.org\/wp-content\/uploads\/2024\/01\/planning-informatique-150x150.jpg 150w\" sizes=\"(max-width: 300px) 100vw, 300px\" \/>\t\t\t\t\t\t\t\t<\/a>\n\t\t\t\t\t\t\t\t\t\t\t\t\t\t\t<\/div>\n\t\t\t\t<\/div>\n\t\t\t\t\t<\/div>\n\t\t<\/div>\n\t\t\t\t<div class=\"elementor-column elementor-col-25 elementor-top-column elementor-element elementor-element-a6243f4\" data-id=\"a6243f4\" data-element_type=\"column\">\n\t\t\t<div class=\"elementor-widget-wrap elementor-element-populated\">\n\t\t\t\t\t\t<div class=\"elementor-element elementor-element-1e6182e elementor-widget elementor-widget-image\" data-id=\"1e6182e\" data-element_type=\"widget\" data-widget_type=\"image.default\">\n\t\t\t\t<div class=\"elementor-widget-container\">\n\t\t\t\t\t\t\t\t\t\t\t\t\t\t\t\t<a href=\"https:\/\/www.carrefour-numerique.org\/?page_id=8171\">\n\t\t\t\t\t\t\t<img loading=\"lazy\" decoding=\"async\" width=\"300\" height=\"300\" src=\"https:\/\/www.carrefour-numerique.org\/wp-content\/uploads\/2024\/01\/planning-fablab.jpg\" class=\"attachment-large size-large wp-image-8192\" alt=\"\" srcset=\"https:\/\/www.carrefour-numerique.org\/wp-content\/uploads\/2024\/01\/planning-fablab.jpg 300w, https:\/\/www.carrefour-numerique.org\/wp-content\/uploads\/2024\/01\/planning-fablab-150x150.jpg 150w\" sizes=\"(max-width: 300px) 100vw, 300px\" \/>\t\t\t\t\t\t\t\t<\/a>\n\t\t\t\t\t\t\t\t\t\t\t\t\t\t\t<\/div>\n\t\t\t\t<\/div>\n\t\t\t\t\t<\/div>\n\t\t<\/div>\n\t\t\t\t\t<\/div>\n\t\t<\/section>\n\t\t\t\t<section class=\"elementor-section elementor-top-section elementor-element elementor-element-9f2d911 elementor-section-boxed elementor-section-height-default elementor-section-height-default\" data-id=\"9f2d911\" data-element_type=\"section\">\n\t\t\t\t\t\t<div class=\"elementor-container elementor-column-gap-default\">\n\t\t\t\t\t<div class=\"elementor-column elementor-col-33 elementor-top-column elementor-element elementor-element-43ac49e\" data-id=\"43ac49e\" data-element_type=\"column\">\n\t\t\t<div class=\"elementor-widget-wrap\">\n\t\t\t\t\t\t\t<\/div>\n\t\t<\/div>\n\t\t\t\t<div class=\"elementor-column elementor-col-33 elementor-top-column elementor-element elementor-element-88ce2ea\" data-id=\"88ce2ea\" data-element_type=\"column\">\n\t\t\t<div class=\"elementor-widget-wrap elementor-element-populated\">\n\t\t\t\t\t\t<div class=\"elementor-element elementor-element-5f86e6a elementor-widget elementor-widget-image\" data-id=\"5f86e6a\" data-element_type=\"widget\" data-widget_type=\"image.default\">\n\t\t\t\t<div class=\"elementor-widget-container\">\n\t\t\t\t\t\t\t\t\t\t\t\t\t\t\t\t<a href=\"https:\/\/www.carrefour-numerique.org\/?page_id=5410\">\n\t\t\t\t\t\t\t<img loading=\"lazy\" decoding=\"async\" width=\"300\" height=\"300\" src=\"https:\/\/www.carrefour-numerique.org\/wp-content\/uploads\/2023\/06\/comment-adherer.jpg\" class=\"attachment-medium size-medium wp-image-7651\" alt=\"\" srcset=\"https:\/\/www.carrefour-numerique.org\/wp-content\/uploads\/2023\/06\/comment-adherer.jpg 300w, https:\/\/www.carrefour-numerique.org\/wp-content\/uploads\/2023\/06\/comment-adherer-150x150.jpg 150w\" sizes=\"(max-width: 300px) 100vw, 300px\" \/>\t\t\t\t\t\t\t\t<\/a>\n\t\t\t\t\t\t\t\t\t\t\t\t\t\t\t<\/div>\n\t\t\t\t<\/div>\n\t\t\t\t\t<\/div>\n\t\t<\/div>\n\t\t\t\t<div class=\"elementor-column elementor-col-33 elementor-top-column elementor-element elementor-element-51df4d3\" data-id=\"51df4d3\" data-element_type=\"column\">\n\t\t\t<div class=\"elementor-widget-wrap\">\n\t\t\t\t\t\t\t<\/div>\n\t\t<\/div>\n\t\t\t\t\t<\/div>\n\t\t<\/section>\n\t\t\t\t<\/div>\n\t\t","protected":false},"excerpt":{"rendered":"<p>Ce menu vous donne acc\u00e8s \u00e0 l&#8217;historique du Carrefour Num\u00e9rique Gr\u00e9gorien. Il vous explique le fonctionnement de l&#8217;association. Vous y trouverez le planning hebdomadaire de nos activit\u00e9s ainsi que le moyen de rejoindre l&#8217;association.<\/p>\n","protected":false},"author":487,"featured_media":0,"parent":0,"menu_order":0,"comment_status":"closed","ping_status":"closed","template":"","meta":{"inline_featured_image":false,"footnotes":""},"class_list":["post-5404","page","type-page","status-publish"],"_links":{"self":[{"href":"https:\/\/www.carrefour-numerique.org\/index.php?rest_route=\/wp\/v2\/pages\/5404","targetHints":{"allow":["GET"]}}],"collection":[{"href":"https:\/\/www.carrefour-numerique.org\/index.php?rest_route=\/wp\/v2\/pages"}],"about":[{"href":"https:\/\/www.carrefour-numerique.org\/index.php?rest_route=\/wp\/v2\/types\/page"}],"author":[{"embeddable":true,"href":"https:\/\/www.carrefour-numerique.org\/index.php?rest_route=\/wp\/v2\/users\/487"}],"replies":[{"embeddable":true,"href":"https:\/\/www.carrefour-numerique.org\/index.php?rest_route=%2Fwp%2Fv2%2Fcomments&post=5404"}],"version-history":[{"count":59,"href":"https:\/\/www.carrefour-numerique.org\/index.php?rest_route=\/wp\/v2\/pages\/5404\/revisions"}],"predecessor-version":[{"id":8711,"href":"https:\/\/www.carrefour-numerique.org\/index.php?rest_route=\/wp\/v2\/pages\/5404\/revisions\/8711"}],"wp:attachment":[{"href":"https:\/\/www.carrefour-numerique.org\/index.php?rest_route=%2Fwp%2Fv2%2Fmedia&parent=5404"}],"curies":[{"name":"wp","href":"https:\/\/api.w.org\/{rel}","templated":true}]}}