{"id":2723,"date":"2022-01-16T17:31:14","date_gmt":"2022-01-16T16:31:14","guid":{"rendered":"http:\/\/www.c-2i.org\/?page_id=2723"},"modified":"2026-04-17T12:03:49","modified_gmt":"2026-04-17T10:03:49","slug":"conferences-a-venir","status":"publish","type":"page","link":"https:\/\/www.carrefour-numerique.org\/?page_id=2723","title":{"rendered":"Conf\u00e9rences \u00e0 venir"},"content":{"rendered":"\t\t<div data-elementor-type=\"wp-post\" data-elementor-id=\"2723\" class=\"elementor elementor-2723\">\n\t\t\t\t\t\t<section class=\"elementor-section elementor-top-section elementor-element elementor-element-d748283 elementor-section-boxed elementor-section-height-default elementor-section-height-default\" data-id=\"d748283\" data-element_type=\"section\">\n\t\t\t\t\t\t<div class=\"elementor-container elementor-column-gap-default\">\n\t\t\t\t\t<div class=\"elementor-column elementor-col-100 elementor-top-column elementor-element elementor-element-561daa8\" data-id=\"561daa8\" data-element_type=\"column\">\n\t\t\t<div class=\"elementor-widget-wrap elementor-element-populated\">\n\t\t\t\t\t\t<div class=\"elementor-element elementor-element-1af2bef elementor-widget-divider--view-line elementor-widget elementor-widget-divider\" data-id=\"1af2bef\" data-element_type=\"widget\" data-widget_type=\"divider.default\">\n\t\t\t\t<div class=\"elementor-widget-container\">\n\t\t\t\t\t\t\t<div class=\"elementor-divider\">\n\t\t\t<span class=\"elementor-divider-separator\">\n\t\t\t\t\t\t<\/span>\n\t\t<\/div>\n\t\t\t\t\t\t<\/div>\n\t\t\t\t<\/div>\n\t\t\t\t\t<\/div>\n\t\t<\/div>\n\t\t\t\t\t<\/div>\n\t\t<\/section>\n\t\t\t\t<section class=\"elementor-section elementor-top-section elementor-element elementor-element-88f8f3a elementor-section-boxed elementor-section-height-default elementor-section-height-default\" data-id=\"88f8f3a\" data-element_type=\"section\">\n\t\t\t\t\t\t<div class=\"elementor-container elementor-column-gap-default\">\n\t\t\t\t\t<div class=\"elementor-column elementor-col-50 elementor-top-column elementor-element elementor-element-72d8c49\" data-id=\"72d8c49\" data-element_type=\"column\">\n\t\t\t<div class=\"elementor-widget-wrap elementor-element-populated\">\n\t\t\t\t\t\t<div class=\"elementor-element elementor-element-2564b54 elementor-widget-mobile__width-initial elementor-widget elementor-widget-image\" data-id=\"2564b54\" data-element_type=\"widget\" data-widget_type=\"image.default\">\n\t\t\t\t<div class=\"elementor-widget-container\">\n\t\t\t\t\t\t\t\t\t\t\t\t\t\t\t<img fetchpriority=\"high\" decoding=\"async\" width=\"683\" height=\"1024\" src=\"https:\/\/www.carrefour-numerique.org\/wp-content\/uploads\/2026\/04\/affiche.jpg\" class=\"attachment-large size-large wp-image-9362\" alt=\"\" srcset=\"https:\/\/www.carrefour-numerique.org\/wp-content\/uploads\/2026\/04\/affiche.jpg 683w, https:\/\/www.carrefour-numerique.org\/wp-content\/uploads\/2026\/04\/affiche-200x300.jpg 200w\" sizes=\"(max-width: 683px) 100vw, 683px\" \/>\t\t\t\t\t\t\t\t\t\t\t\t\t\t\t<\/div>\n\t\t\t\t<\/div>\n\t\t\t\t\t<\/div>\n\t\t<\/div>\n\t\t\t\t<div class=\"elementor-column elementor-col-50 elementor-top-column elementor-element elementor-element-8373806\" data-id=\"8373806\" data-element_type=\"column\">\n\t\t\t<div class=\"elementor-widget-wrap elementor-element-populated\">\n\t\t\t\t\t\t<div class=\"elementor-element elementor-element-55e28f1 elementor-widget__width-initial elementor-widget elementor-widget-text-editor\" data-id=\"55e28f1\" data-element_type=\"widget\" data-widget_type=\"text-editor.default\">\n\t\t\t\t<div class=\"elementor-widget-container\">\n\t\t\t\t\t\t\t\t\t<p style=\"text-align: center;\"><strong><span style=\"font-family: arial, helvetica, sans-serif; font-size: 14pt;\">Le Carrefour Num\u00e9rique Gr\u00e9gorien <br \/>vous propose une conf\u00e9rence intitul\u00e9e<\/span><\/strong><\/p><p style=\"text-align: center;\"><span style=\"font-family: arial, helvetica, sans-serif; font-size: 18pt; color: #ff0000;\"><b>Donn\u00e9es et souverainet\u00e9 <br \/>Le pouvoir \u00e0 l\u2019heure des plateformes<\/b><\/span><\/p><ul style=\"text-align: left;\"><li><span style=\"font-family: arial, helvetica, sans-serif; font-size: 14pt;\">Lieu : <b>Espace Clotilde Vautier<\/b> (ex r\u00f4tisserie), rue de Broc\u00e9liande \u00e0 Saint-Gr\u00e9goire,<\/span><\/li><li><span style=\"font-family: arial, helvetica, sans-serif; font-size: 14pt;\">Date : <b>mercredi 29 avril 2026<\/b><\/span><\/li><li><span style=\"font-family: arial, helvetica, sans-serif; font-size: 14pt;\">Heure : <b>19h<\/b><\/span><\/li><li><span style=\"font-family: arial, helvetica, sans-serif; font-size: 14pt;\">Intervenante :\u00a0<b><span role=\"gridcell\">Mariam Harutyunyan<\/span><\/b><\/span><\/li><\/ul><p style=\"text-align: justify;\"><span style=\"font-family: arial, helvetica, sans-serif; font-size: 12pt;\">Dans un monde o\u00f9 chaque clic, chaque photo et chaque interaction laisse une trace, la souverainet\u00e9 num\u00e9rique est devenue un enjeu politique, \u00e9conomique et citoyen majeur. Cette intervention explore la place strat\u00e9gique des donn\u00e9es : celles que nous produisons, celles que nous c\u00e9dons et celles qui fa\u00e7onnent nos vies sans que nous en ayons toujours conscience. Entre nouvelles r\u00e9gulations (comme les dispositifs de v\u00e9rification d\u2019identit\u00e9 pour les mineurs), mont\u00e9e en puissance des g\u00e9ants du num\u00e9rique capables de rivaliser avec les \u00c9tats, et habitudes quotidiennes qui nous font perdre des droits sans le savoir, cette conf\u00e9rence propose un d\u00e9cryptage lucide et accessible des rapports de force qui redessinent notre autonomie num\u00e9rique. Une invitation \u00e0 comprendre, questionner et peut\u2011\u00eatre reprendre le contr\u00f4le.<\/span><\/p>\t\t\t\t\t\t\t\t<\/div>\n\t\t\t\t<\/div>\n\t\t\t\t\t<\/div>\n\t\t<\/div>\n\t\t\t\t\t<\/div>\n\t\t<\/section>\n\t\t\t\t<section class=\"elementor-section elementor-top-section elementor-element elementor-element-09e7267 elementor-section-boxed elementor-section-height-default elementor-section-height-default\" data-id=\"09e7267\" data-element_type=\"section\">\n\t\t\t\t\t\t<div class=\"elementor-container elementor-column-gap-default\">\n\t\t\t\t\t<div class=\"elementor-column elementor-col-100 elementor-top-column elementor-element elementor-element-750cefa\" data-id=\"750cefa\" data-element_type=\"column\">\n\t\t\t<div class=\"elementor-widget-wrap elementor-element-populated\">\n\t\t\t\t\t\t<div class=\"elementor-element elementor-element-c9115e1 elementor-widget elementor-widget-text-editor\" data-id=\"c9115e1\" data-element_type=\"widget\" data-widget_type=\"text-editor.default\">\n\t\t\t\t<div class=\"elementor-widget-container\">\n\t\t\t\t\t\t\t\t\t<p><span style=\"font-family: arial, helvetica, sans-serif;\"><span style=\"font-size: 14pt; color: #ff0000;\">Vous ma\u00eetrisez un sujet en lien avec les technologies de l&#8217;information et de la communication.<\/span><\/span><\/p><p><span style=\"font-family: arial, helvetica, sans-serif;\"><span style=\"font-size: 14pt; color: #ff0000;\">Vous souhaitez en faire profiter le plus grand nombre.<\/span><\/span><\/p><p style=\"text-align: center;\"><span style=\"font-family: arial, helvetica, sans-serif;\"><a href=\"mailto:contact.cng35@gmail.com\"><span style=\"font-size: 18pt;\">contactez-nous<\/span><\/a><\/span><\/p>\t\t\t\t\t\t\t\t<\/div>\n\t\t\t\t<\/div>\n\t\t\t\t\t<\/div>\n\t\t<\/div>\n\t\t\t\t\t<\/div>\n\t\t<\/section>\n\t\t\t\t<section class=\"elementor-section elementor-top-section elementor-element elementor-element-3f4a2d6 elementor-section-boxed elementor-section-height-default elementor-section-height-default\" data-id=\"3f4a2d6\" data-element_type=\"section\">\n\t\t\t\t\t\t<div class=\"elementor-container elementor-column-gap-default\">\n\t\t\t\t\t<div class=\"elementor-column elementor-col-100 elementor-top-column elementor-element elementor-element-629d257\" data-id=\"629d257\" data-element_type=\"column\">\n\t\t\t<div class=\"elementor-widget-wrap elementor-element-populated\">\n\t\t\t\t\t\t<section class=\"elementor-section elementor-inner-section elementor-element elementor-element-326c96d elementor-section-boxed elementor-section-height-default elementor-section-height-default\" data-id=\"326c96d\" data-element_type=\"section\">\n\t\t\t\t\t\t<div class=\"elementor-container elementor-column-gap-default\">\n\t\t\t\t\t<div class=\"elementor-column elementor-col-50 elementor-inner-column elementor-element elementor-element-e884f17\" data-id=\"e884f17\" data-element_type=\"column\">\n\t\t\t<div class=\"elementor-widget-wrap\">\n\t\t\t\t\t\t\t<\/div>\n\t\t<\/div>\n\t\t\t\t<div class=\"elementor-column elementor-col-50 elementor-inner-column elementor-element elementor-element-c3bdb63\" data-id=\"c3bdb63\" data-element_type=\"column\">\n\t\t\t<div class=\"elementor-widget-wrap\">\n\t\t\t\t\t\t\t<\/div>\n\t\t<\/div>\n\t\t\t\t\t<\/div>\n\t\t<\/section>\n\t\t\t\t\t<\/div>\n\t\t<\/div>\n\t\t\t\t\t<\/div>\n\t\t<\/section>\n\t\t\t\t<\/div>\n\t\t","protected":false},"excerpt":{"rendered":"<p>Le Carrefour Num\u00e9rique Gr\u00e9gorien vous propose une conf\u00e9rence intitul\u00e9e Donn\u00e9es et souverainet\u00e9 Le pouvoir \u00e0 l\u2019heure des plateformes Lieu : Espace Clotilde Vautier (ex r\u00f4tisserie), rue de Broc\u00e9liande \u00e0 Saint-Gr\u00e9goire, Date : mercredi 29 avril 2026 Heure : 19h Intervenante :\u00a0Mariam Harutyunyan Dans un monde o\u00f9 chaque clic, chaque photo et chaque interaction laisse une &#8230; <a title=\"Conf\u00e9rences \u00e0 venir\" class=\"read-more\" href=\"https:\/\/www.carrefour-numerique.org\/?page_id=2723\" aria-label=\"En savoir plus sur Conf\u00e9rences \u00e0 venir\">Lire la suite<\/a><\/p>\n","protected":false},"author":487,"featured_media":0,"parent":549,"menu_order":0,"comment_status":"closed","ping_status":"closed","template":"","meta":{"inline_featured_image":false,"footnotes":""},"class_list":["post-2723","page","type-page","status-publish"],"_links":{"self":[{"href":"https:\/\/www.carrefour-numerique.org\/index.php?rest_route=\/wp\/v2\/pages\/2723","targetHints":{"allow":["GET"]}}],"collection":[{"href":"https:\/\/www.carrefour-numerique.org\/index.php?rest_route=\/wp\/v2\/pages"}],"about":[{"href":"https:\/\/www.carrefour-numerique.org\/index.php?rest_route=\/wp\/v2\/types\/page"}],"author":[{"embeddable":true,"href":"https:\/\/www.carrefour-numerique.org\/index.php?rest_route=\/wp\/v2\/users\/487"}],"replies":[{"embeddable":true,"href":"https:\/\/www.carrefour-numerique.org\/index.php?rest_route=%2Fwp%2Fv2%2Fcomments&post=2723"}],"version-history":[{"count":217,"href":"https:\/\/www.carrefour-numerique.org\/index.php?rest_route=\/wp\/v2\/pages\/2723\/revisions"}],"predecessor-version":[{"id":9391,"href":"https:\/\/www.carrefour-numerique.org\/index.php?rest_route=\/wp\/v2\/pages\/2723\/revisions\/9391"}],"up":[{"embeddable":true,"href":"https:\/\/www.carrefour-numerique.org\/index.php?rest_route=\/wp\/v2\/pages\/549"}],"wp:attachment":[{"href":"https:\/\/www.carrefour-numerique.org\/index.php?rest_route=%2Fwp%2Fv2%2Fmedia&parent=2723"}],"curies":[{"name":"wp","href":"https:\/\/api.w.org\/{rel}","templated":true}]}}